{"id":14623,"date":"2021-09-16T19:27:22","date_gmt":"2021-09-16T19:27:22","guid":{"rendered":"http:\/\/garrafeiragrandeescolha.pt\/?post_type=product&#038;p=14623"},"modified":"2022-12-05T18:48:51","modified_gmt":"2022-12-05T18:48:51","slug":"sexy-tinto-75cl","status":"publish","type":"product","link":"https:\/\/garrafeiragrandeescolha.pt\/en\/product-2\/sexy-tinto-75cl\/","title":{"rendered":"Sexy Tinto 2020 75cl"},"content":{"rendered":"<p><img decoding=\"async\" class=\"size-full wp-image-15336 aligncenter\" src=\"http:\/\/garrafeiragrandeescolha.pt\/wp-content\/uploads\/2022\/02\/macanita-logo.png\" alt=\"\" width=\"235\" height=\"100\" \/><\/p>\n<p>A Sexy Wines \u00e9 a\u00a0fus\u00e3o de sabores e ideias nacionais e internacionais. Um conceito cosmopolita e citadino que de forma singular, alia t\u00e9cnicas antigas a t\u00e9cnicas modernas. A Sexy Wines mistura o velho com o novo para nos dar algo que simplesmente se quer partilhar. Algo SEXY!<\/p>\n<p>Ser SEXY \u00e9 aproveitar a vida como se fosse um detalhe fundamental. A Sexy Wines s\u00e3o os amigos, a fam\u00edlia, a aventura. \u00c9 um descomplexar moderno, ao mesmo tempo s\u00f3brio e divertido. Sempre aventureiro, mas com a certeza absoluta da nossa pr\u00f3pria responsabilidade.<\/p>\n<p>Ant\u00f3nio Ma\u00e7anita en\u00f3logo e produtor, irrequieto e irreverente como pode o mesmo recuperar as castas quase extintas de uma regi\u00e3o e criar os vinhos Sexy? Os vinhos Sexy revelam todo o seu esp\u00edrito de Maverick, sempre pronto para arriscar e para romper as barreiras do mais prov\u00e1vel.<\/p>\n<p>Foi em 2004 que Ant\u00f3nio Ma\u00e7anita e David Booth, fizeram a primeira colheita de Sexy Tinto, um vinho que conquistou\u00a0grande visibilidade ao longo dos anos. No arranque dos vinhos Sexy foi muito relevante o apoio da fam\u00edlia, j\u00e1 que Ant\u00f3nio Ma\u00e7anita tinha apenas 23 anos e teve de se apoiar na tr\u00edade \u201c<em>Friends, Fools and Family<\/em>\u201d, como Ant\u00f3nio gosta de brincar, isto \u00e9, com uma parte de capital do tio, outra da m\u00e3e, do pai, etc.<\/p>\n<p>Os vinhos Sexy, s\u00e3o esta intensidade medida, colocada propositadamente num patamar que poucos vinhos atingem. A qualidade \u00e9 encaramo-la n\u00e3o como um atributo por si, mas com o mesmo sentimento de olhar no espelho pela manh\u00e3 e poder sorrir. \u00c9 esta a\u00a0filosofia dos vinhos Sexy, \u00e9 este o impulso fundamental\u2026<\/p>","protected":false},"excerpt":{"rendered":"<p>Castas: Touriga Nacional (50%) Aragonez (25%), Cabernet Sauvignon (15%) e Syrah (10%).<\/p>\n<p>Vinho de fus\u00e3o resultante do loteamento das melhores castas portuguesas com as melhores castas francesas.<\/p>\n<p>Cor ruby-violeta intensa com aroma intenso a frutos do bosque com notas de especiarias e toffee de bom carvalho franc\u00eas. Na prova \u00e9 bem encorpado, com taninos maduros. Acidez equilibrada e boa persist\u00eancia.<\/p>\n<p>Acompanha pratos de carnes brancas e vermelhas, tanto na cozinha tradicional como na cozinha moderna. Evitar pratos com picante.<\/p>","protected":false},"featured_media":9059,"template":"","meta":{"_exactmetrics_skip_tracking":false,"_exactmetrics_sitenote_active":false,"_exactmetrics_sitenote_note":"","_exactmetrics_sitenote_category":0,"_uf_show_specific_survey":0,"_uf_disable_surveys":false,"iawp_total_views":13},"product_brand":[],"product_cat":[157,184,207],"product_tag":[],"class_list":{"0":"post-14623","1":"product","2":"type-product","3":"status-publish","4":"has-post-thumbnail","6":"product_cat-vinhos","7":"product_cat-tinto","8":"product_cat-alentejo","10":"first","11":"instock","12":"shipping-taxable","13":"purchasable","14":"product-type-simple"},"_links":{"self":[{"href":"https:\/\/garrafeiragrandeescolha.pt\/en\/wp-json\/wp\/v2\/product\/14623","targetHints":{"allow":["GET"]}}],"collection":[{"href":"https:\/\/garrafeiragrandeescolha.pt\/en\/wp-json\/wp\/v2\/product"}],"about":[{"href":"https:\/\/garrafeiragrandeescolha.pt\/en\/wp-json\/wp\/v2\/types\/product"}],"wp:featuredmedia":[{"embeddable":true,"href":"https:\/\/garrafeiragrandeescolha.pt\/en\/wp-json\/wp\/v2\/media\/9059"}],"wp:attachment":[{"href":"https:\/\/garrafeiragrandeescolha.pt\/en\/wp-json\/wp\/v2\/media?parent=14623"}],"wp:term":[{"taxonomy":"product_brand","embeddable":true,"href":"https:\/\/garrafeiragrandeescolha.pt\/en\/wp-json\/wp\/v2\/product_brand?post=14623"},{"taxonomy":"product_cat","embeddable":true,"href":"https:\/\/garrafeiragrandeescolha.pt\/en\/wp-json\/wp\/v2\/product_cat?post=14623"},{"taxonomy":"product_tag","embeddable":true,"href":"https:\/\/garrafeiragrandeescolha.pt\/en\/wp-json\/wp\/v2\/product_tag?post=14623"}],"curies":[{"name":"wp","href":"https:\/\/api.w.org\/{rel}","templated":true}]}}