{"id":14627,"date":"2021-09-26T12:04:00","date_gmt":"2021-09-26T12:04:00","guid":{"rendered":"http:\/\/garrafeiragrandeescolha.pt\/?post_type=product&#038;p=14627"},"modified":"2024-10-28T12:36:41","modified_gmt":"2024-10-28T12:36:41","slug":"moscatel-adega-de-palmela-10-anos-70cl","status":"publish","type":"product","link":"https:\/\/garrafeiragrandeescolha.pt\/en\/product-2\/moscatel-adega-de-palmela-10-anos-70cl\/","title":{"rendered":"Moscatel Adega de Palmela 10 Anos 70cl"},"content":{"rendered":"<p><img decoding=\"async\" class=\"size-medium wp-image-15048 aligncenter\" src=\"http:\/\/garrafeiragrandeescolha.pt\/wp-content\/uploads\/2022\/02\/adega-palmea-logo-300x120.jpg\" alt=\"\" width=\"300\" height=\"120\" srcset=\"https:\/\/garrafeiragrandeescolha.pt\/wp-content\/uploads\/2022\/02\/adega-palmea-logo-300x120.jpg 300w, https:\/\/garrafeiragrandeescolha.pt\/wp-content\/uploads\/2022\/02\/adega-palmea-logo.jpg 600w\" sizes=\"(max-width: 300px) 100vw, 300px\" \/><\/p>\n<p>A Adega Cooperativa de Palmela \u00e9 um dos principais p\u00f3los de desenvolvimento do Concelho que \u00e9 marcadamente agr\u00edcola e onde a vinha e o vinho t\u00eam por raz\u00f5es hist\u00f3ricas um peso bastante grande. A principal zona vit\u00edcola situa-se na plan\u00edcie arenosa que constitui grande parte do Concelho de Palmela.<\/p>\n<p>A Adega Cooperativa de Palmela iniciou a sua actividade com 50 associados e com uma produ\u00e7\u00e3o que n\u00e3o excedia os 1,5 milh\u00f5es de litros. Nos dias de hoje a produ\u00e7\u00e3o ultrapassa os 8 milh\u00f5es de litros, e a Adega disp\u00f5e de capacidade para atingir os 10 milh\u00f5es, sendo 75% Vinho Tinto, 15% Vinho Branco e 10% Moscatel de Set\u00fabal.<\/p>\n<p>Tem actualmente 300 associados que possuem uma \u00e1rea combinada de 1000 hectares. Uma parte substancial da sua produ\u00e7\u00e3o \u00e9 engarrafada atrav\u00e9s de 5 linhas autom\u00e1ticas com capacidade para 10.000 garrafas\/hora. A Adega Cooperativa de Palmela tem vindo ao longo dos anos a actualizar a sua tecnologia, quer de fabrico quer de engarrafamento e hoje \u00e9 uma unidade certificada (ISO 9001-2000) desde Junho de 2003 com a dedica\u00e7\u00e3o e esfor\u00e7o dos seus 40 funcion\u00e1rios.<\/p>","protected":false},"excerpt":{"rendered":"<p>O vinho Generoso Moscatel \u00e9 um produto certificado desde 1908, e um dos mais representativos produtos da regi\u00e3o de Set\u00fabal. Este Moscatel de qualidade \u201cSuperior\u201d faz parte da nossa colec\u00e7\u00e3o de Moscat\u00e9is de Set\u00fabal.<\/p>\n<p>Apresenta uma grande complexidade arom\u00e1tica evidenciando notas de frutos secos, nozes, figos e mel.<\/p>\n<p>Por ser especial e superior dever\u00e1 ser servido sozinho ou em alternativa a acompanhar do\u00e7aria regional e chocolate a uma temperatura de 16\u00baC.<\/p>","protected":false},"featured_media":9075,"template":"","meta":{"_exactmetrics_skip_tracking":false,"_exactmetrics_sitenote_active":false,"_exactmetrics_sitenote_note":"","_exactmetrics_sitenote_category":0,"_uf_show_specific_survey":0,"_uf_disable_surveys":false,"iawp_total_views":40},"product_brand":[],"product_cat":[157,163],"product_tag":[],"class_list":{"0":"post-14627","1":"product","2":"type-product","3":"status-publish","4":"has-post-thumbnail","6":"product_cat-vinhos","7":"product_cat-moscatel","9":"first","10":"instock","11":"shipping-taxable","12":"purchasable","13":"product-type-simple"},"_links":{"self":[{"href":"https:\/\/garrafeiragrandeescolha.pt\/en\/wp-json\/wp\/v2\/product\/14627","targetHints":{"allow":["GET"]}}],"collection":[{"href":"https:\/\/garrafeiragrandeescolha.pt\/en\/wp-json\/wp\/v2\/product"}],"about":[{"href":"https:\/\/garrafeiragrandeescolha.pt\/en\/wp-json\/wp\/v2\/types\/product"}],"wp:featuredmedia":[{"embeddable":true,"href":"https:\/\/garrafeiragrandeescolha.pt\/en\/wp-json\/wp\/v2\/media\/9075"}],"wp:attachment":[{"href":"https:\/\/garrafeiragrandeescolha.pt\/en\/wp-json\/wp\/v2\/media?parent=14627"}],"wp:term":[{"taxonomy":"product_brand","embeddable":true,"href":"https:\/\/garrafeiragrandeescolha.pt\/en\/wp-json\/wp\/v2\/product_brand?post=14627"},{"taxonomy":"product_cat","embeddable":true,"href":"https:\/\/garrafeiragrandeescolha.pt\/en\/wp-json\/wp\/v2\/product_cat?post=14627"},{"taxonomy":"product_tag","embeddable":true,"href":"https:\/\/garrafeiragrandeescolha.pt\/en\/wp-json\/wp\/v2\/product_tag?post=14627"}],"curies":[{"name":"wp","href":"https:\/\/api.w.org\/{rel}","templated":true}]}}