{"id":14636,"date":"2021-09-28T15:40:26","date_gmt":"2021-09-28T15:40:26","guid":{"rendered":"http:\/\/garrafeiragrandeescolha.pt\/?post_type=product&#038;p=14636"},"modified":"2025-09-11T17:30:33","modified_gmt":"2025-09-11T17:30:33","slug":"quinta-de-la-rosa-branco-2016-75cl","status":"publish","type":"product","link":"https:\/\/garrafeiragrandeescolha.pt\/en\/product-2\/quinta-de-la-rosa-branco-2016-75cl\/","title":{"rendered":"Quinta de La Rosa Branco 2024 75cl"},"content":{"rendered":"<p style=\"text-align: center;\">&lt;<img fetchpriority=\"high\" decoding=\"async\" class=\"alignnone size-medium wp-image-15072\" src=\"http:\/\/garrafeiragrandeescolha.pt\/wp-content\/uploads\/2022\/02\/qta-de-la-rosa-logo-300x225.jpg\" alt=\"\" width=\"300\" height=\"225\" srcset=\"https:\/\/garrafeiragrandeescolha.pt\/wp-content\/uploads\/2022\/02\/qta-de-la-rosa-logo-300x225.jpg 300w, https:\/\/garrafeiragrandeescolha.pt\/wp-content\/uploads\/2022\/02\/qta-de-la-rosa-logo-1024x768.jpg 1024w, https:\/\/garrafeiragrandeescolha.pt\/wp-content\/uploads\/2022\/02\/qta-de-la-rosa-logo-768x576.jpg 768w, https:\/\/garrafeiragrandeescolha.pt\/wp-content\/uploads\/2022\/02\/qta-de-la-rosa-logo-1536x1152.jpg 1536w, https:\/\/garrafeiragrandeescolha.pt\/wp-content\/uploads\/2022\/02\/qta-de-la-rosa-logo-2048x1536.jpg 2048w, https:\/\/garrafeiragrandeescolha.pt\/wp-content\/uploads\/2022\/02\/qta-de-la-rosa-logo-600x450.jpg 600w\" sizes=\"(max-width: 300px) 100vw, 300px\" \/><\/p>\n<p>A Quinta de la Rosa faz parte da fam\u00edlia Bergqvist desde 1906, embora exer\u00e7a atividades de expedi\u00e7\u00e3o portu\u00e1ria sob o nome de fam\u00edlia Feueheerd, desde 1815. Atualmente, possui cerca de 55 hectares de vinha e produz cerca de 80.000 litros de porto e 300.000 litros de vinho de mesa a cada ano.<\/p>\n<p>A Quinta de la Rosa foi dada como presente de batismo para Claire Feueheerd, av\u00f3 de Sophia, em 1906. O pai de Claire, Albert, dirigia a empresa de transporte mar\u00edtimo familiar Feueheerds.\u00a0Albert foi um verdadeiro pioneiro e foi um dos primeiros carregadores a fabricar o porto &#8216;Single Quinta&#8217; a partir das uvas de La Rosa.\u00a0Ele foi respons\u00e1vel por construir as vinhas do Vale do Inferno com algumas das muralhas mais altas e impressionantes do Douro.\u00a0Ele tamb\u00e9m construiu uma adega com 8 lagares e come\u00e7ou a comprar uvas de produtores locais e a fazer o porto em La Rosa.\u00a0Isso permitiu que Albert mantivesse a qualidade na produ\u00e7\u00e3o.\u00a0Neste momento, a maioria dos portos era feita por pequenos agricultores em seus pr\u00f3prios lagares.<\/p>\n<p>Infelizmente, Albert teve dificuldades devido \u00e0 Depress\u00e3o e \u00e0 empresa, Feueheerds, que foi vendida nos anos 30 para Barros.\u00a0No entanto, a Quinta de la Rosa era mantida na fam\u00edlia e era administrada pela av\u00f3 de Sophia, Claire.\u00a0Claire apenas cultivou uvas e as vendeu para a Crofts e, posteriormente, para entrar no porto Rebello Valente da Sandeman.\u00a0Em 1988, Sophia e seu pai, Tim Bergqvist, decidiram reiniciar o neg\u00f3cio da fam\u00edlia e lan\u00e7aram a Quinta de la Rosa como uma produtora portu\u00e1ria de alta qualidade no mercado.<\/p>\n<p>A partir do in\u00edcio dos anos 90, a fam\u00edlia Bergqvist foi uma das pioneiras em levar a s\u00e9rio a produ\u00e7\u00e3o de vinho tinto na regi\u00e3o do Douro.\u00a0Os vinhos da Quinta de la Rosa, tintos e brancos, ganharam muitos elogios na imprensa e s\u00e3o vendidos em muitos restaurantes e lojas de vinhos de prest\u00edgio em todo o mundo<\/p>","protected":false},"excerpt":{"rendered":"<p>Castas: C\u00f3dega do Larinho, Viosinho, Gouveio, Arinto e Rabigato)<\/p>\n<p>Suculentos aromas de frutos brancos, ervas e frutos tropicais<\/p>\n<p>Equilibrado e elegante no paladar<\/p>","protected":false},"featured_media":20157,"template":"","meta":{"_exactmetrics_skip_tracking":false,"_exactmetrics_sitenote_active":false,"_exactmetrics_sitenote_note":"","_exactmetrics_sitenote_category":0,"_uf_show_specific_survey":0,"_uf_disable_surveys":false,"iawp_total_views":13},"product_brand":[],"product_cat":[157,185,188],"product_tag":[],"class_list":{"0":"post-14636","1":"product","2":"type-product","3":"status-publish","4":"has-post-thumbnail","6":"product_cat-vinhos","7":"product_cat-branco","8":"product_cat-douro-branco","10":"first","11":"instock","12":"shipping-taxable","13":"purchasable","14":"product-type-simple"},"_links":{"self":[{"href":"https:\/\/garrafeiragrandeescolha.pt\/en\/wp-json\/wp\/v2\/product\/14636","targetHints":{"allow":["GET"]}}],"collection":[{"href":"https:\/\/garrafeiragrandeescolha.pt\/en\/wp-json\/wp\/v2\/product"}],"about":[{"href":"https:\/\/garrafeiragrandeescolha.pt\/en\/wp-json\/wp\/v2\/types\/product"}],"wp:featuredmedia":[{"embeddable":true,"href":"https:\/\/garrafeiragrandeescolha.pt\/en\/wp-json\/wp\/v2\/media\/20157"}],"wp:attachment":[{"href":"https:\/\/garrafeiragrandeescolha.pt\/en\/wp-json\/wp\/v2\/media?parent=14636"}],"wp:term":[{"taxonomy":"product_brand","embeddable":true,"href":"https:\/\/garrafeiragrandeescolha.pt\/en\/wp-json\/wp\/v2\/product_brand?post=14636"},{"taxonomy":"product_cat","embeddable":true,"href":"https:\/\/garrafeiragrandeescolha.pt\/en\/wp-json\/wp\/v2\/product_cat?post=14636"},{"taxonomy":"product_tag","embeddable":true,"href":"https:\/\/garrafeiragrandeescolha.pt\/en\/wp-json\/wp\/v2\/product_tag?post=14636"}],"curies":[{"name":"wp","href":"https:\/\/api.w.org\/{rel}","templated":true}]}}