{"id":14671,"date":"2021-11-09T13:02:19","date_gmt":"2021-11-09T13:02:19","guid":{"rendered":"http:\/\/garrafeiragrandeescolha.pt\/?post_type=product&#038;p=14671"},"modified":"2025-10-31T16:03:47","modified_gmt":"2025-10-31T16:03:47","slug":"champagne-moet-chandon-brut-imperial-75cl","status":"publish","type":"product","link":"https:\/\/garrafeiragrandeescolha.pt\/en\/product-2\/champagne-moet-chandon-brut-imperial-75cl\/","title":{"rendered":"Champagne Mo\u00ebt &amp; Chandon Brut Imperial 75cl"},"content":{"rendered":"<p><img decoding=\"async\" class=\"size-medium wp-image-15341 aligncenter\" src=\"http:\/\/garrafeiragrandeescolha.pt\/wp-content\/uploads\/2022\/02\/Moet-Chandon-logo-300x150.jpg\" alt=\"\" width=\"300\" height=\"150\" srcset=\"https:\/\/garrafeiragrandeescolha.pt\/wp-content\/uploads\/2022\/02\/Moet-Chandon-logo-300x150.jpg 300w, https:\/\/garrafeiragrandeescolha.pt\/wp-content\/uploads\/2022\/02\/Moet-Chandon-logo-1024x512.jpg 1024w, https:\/\/garrafeiragrandeescolha.pt\/wp-content\/uploads\/2022\/02\/Moet-Chandon-logo-768x384.jpg 768w, https:\/\/garrafeiragrandeescolha.pt\/wp-content\/uploads\/2022\/02\/Moet-Chandon-logo-1536x768.jpg 1536w, https:\/\/garrafeiragrandeescolha.pt\/wp-content\/uploads\/2022\/02\/Moet-Chandon-logo-600x300.jpg 600w, https:\/\/garrafeiragrandeescolha.pt\/wp-content\/uploads\/2022\/02\/Moet-Chandon-logo.jpg 2048w\" sizes=\"(max-width: 300px) 100vw, 300px\" \/><\/p>\n<p>The legendary Mo\u00ebt &amp; Chandon is celebrating 270 years as the world&#039;s most loved champagne. For more than a quarter of a millennium, the renowned French winemaker has shared the magic of Champagne around the world. Every cup overflows with the story&#039;s defining values: generosity, generosity, wisdom, success, boldness and elegance \u2013 values still at the heart of its global appeal. At the end of the 18th century, Jean-Remy Mo\u00ebt, grandson of founder Claude Mo\u00ebt, became famous as the man who introduced champagne to the world. The important figures of the time, from the Marquise de Pompadour to Talleyrand and Napoleon, quickly fell in love with the House&#039;s effervescent wine. Mo\u00ebt &amp; Chandon was soon the icon of success and elegance that remains today.<\/p>","protected":false},"excerpt":{"rendered":"<p>Uma cor elegante, amarelo palha dourado com reflexos verdes<\/p>\n<p>Um buqu\u00ea cintilante<\/p>\n<p>A intensidade vibrante de ma\u00e7\u00e3 verde e frutas c\u00edtricas<\/p>\n<p>A frescura de nuances minerais e flores brancas<\/p>\n<p>A eleg\u00e2ncia das notas louras (brioche, cereais, nozes frescas)<\/p>","protected":false},"featured_media":4906,"template":"","meta":{"_exactmetrics_skip_tracking":false,"_exactmetrics_sitenote_active":false,"_exactmetrics_sitenote_note":"","_exactmetrics_sitenote_category":0,"_uf_show_specific_survey":0,"_uf_disable_surveys":false,"iawp_total_views":7},"product_brand":[],"product_cat":[178,160],"product_tag":[],"class_list":{"0":"post-14671","1":"product","2":"type-product","3":"status-publish","4":"has-post-thumbnail","6":"product_cat-champagne","7":"product_cat-espumantes","9":"first","10":"instock","11":"shipping-taxable","12":"purchasable","13":"product-type-simple"},"_links":{"self":[{"href":"https:\/\/garrafeiragrandeescolha.pt\/en\/wp-json\/wp\/v2\/product\/14671","targetHints":{"allow":["GET"]}}],"collection":[{"href":"https:\/\/garrafeiragrandeescolha.pt\/en\/wp-json\/wp\/v2\/product"}],"about":[{"href":"https:\/\/garrafeiragrandeescolha.pt\/en\/wp-json\/wp\/v2\/types\/product"}],"wp:featuredmedia":[{"embeddable":true,"href":"https:\/\/garrafeiragrandeescolha.pt\/en\/wp-json\/wp\/v2\/media\/4906"}],"wp:attachment":[{"href":"https:\/\/garrafeiragrandeescolha.pt\/en\/wp-json\/wp\/v2\/media?parent=14671"}],"wp:term":[{"taxonomy":"product_brand","embeddable":true,"href":"https:\/\/garrafeiragrandeescolha.pt\/en\/wp-json\/wp\/v2\/product_brand?post=14671"},{"taxonomy":"product_cat","embeddable":true,"href":"https:\/\/garrafeiragrandeescolha.pt\/en\/wp-json\/wp\/v2\/product_cat?post=14671"},{"taxonomy":"product_tag","embeddable":true,"href":"https:\/\/garrafeiragrandeescolha.pt\/en\/wp-json\/wp\/v2\/product_tag?post=14671"}],"curies":[{"name":"wp","href":"https:\/\/api.w.org\/{rel}","templated":true}]}}