{"id":14701,"date":"2021-11-15T17:44:53","date_gmt":"2021-11-15T17:44:53","guid":{"rendered":"http:\/\/garrafeiragrandeescolha.pt\/?post_type=product&#038;p=14701"},"modified":"2025-10-07T11:27:42","modified_gmt":"2025-10-07T11:27:42","slug":"quinta-da-devesa-reserva-tinto-pack-2-garrafas","status":"publish","type":"product","link":"https:\/\/garrafeiragrandeescolha.pt\/en\/product-2\/quinta-da-devesa-reserva-tinto-pack-2-garrafas\/","title":{"rendered":"Quinta da Devesa Reserva Tinto Pack 2 Garrafas"},"content":{"rendered":"<p><img fetchpriority=\"high\" decoding=\"async\" class=\"size-medium wp-image-15218 aligncenter\" src=\"http:\/\/garrafeiragrandeescolha.pt\/wp-content\/uploads\/2022\/02\/devesa-logo-300x212.jpg\" alt=\"\" width=\"300\" height=\"212\" srcset=\"https:\/\/garrafeiragrandeescolha.pt\/wp-content\/uploads\/2022\/02\/devesa-logo-300x212.jpg 300w, https:\/\/garrafeiragrandeescolha.pt\/wp-content\/uploads\/2022\/02\/devesa-logo.jpg 566w\" sizes=\"(max-width: 300px) 100vw, 300px\" \/><\/p>\n<div id=\"comp-kf3tn221\" class=\"txtNew\" data-packed=\"true\" data-vertical-text=\"false\">\n<div>Quinta da Devesa has a centuries-old history. In 1844, the well-known Baron de Forrester included this property on what was the first map of the Douro Demarcated Region. But the most important history of this property began in the last century, in 1941, when the Fortunato family acquired the Quinta, thus beginning a new phase of greater investment in wine production, with a special focus on Port Wines. Later, references to DOC Douro wines also appeared, which reinforced its presence in the national and international wine market.<\/div>\n<div>\n<p>Quinta da Devesa today continues to be an independent, future-oriented family company, with a presence in several international markets. The investment made in recent years has managed to bring greater recognition from wine lovers and specialized critics. The result of all this is also visible through the huge collection of national and international awards achieved to date.<\/p>\n<div id=\"comp-kf43khdr\" class=\"txtNew\" data-packed=\"true\" data-vertical-text=\"false\">\n<div>The Corgo and Douro rivers have served as the landscape for Quinta da Devesa for a long time. And what a landscape! From the top of the vineyards and the imposing terraces, it is possible to observe the connection of the two rivers, embraced by the mountains and valleys of the magnificent Douro region. The property is located on the limits of the sub-regions of Baixo and Cima Corgo, in the parish of Canelas, and very close to Peso da R\u00e9gua, one of the region&#039;s reference locations, and home to some of the most renowned wine producers in our country. . It is indeed a very special place, and clearly worthy of a careful and timely visit.<\/div>\n<\/div>\n<div><span class=\"numeros_bloco\"><span class=\"associado_bloco img\"><span class=\"forcefullwidth_wrapper_tp_banner\">In total, Quinta da Devesa can count on 34 hectares of vineyards planted at an altitude of between 50 and 500 meters, with north, south and west sun exposure. This way it is possible to enjoy many hours of sunlight in the south-facing vineyards and the freshness guaranteed by the north orientation. All of this is conducive to guaranteeing different maturations over time, allowing for better harvest management. An important aspect is that all Quinta da Devesa wines are produced only with grapes from its property, ensuring total control of production and thus guaranteeing excellent final quality.<\/span><\/span><\/span><\/div>\n<\/div>\n<\/div>\n<p>All vineyards are managed according to a minimal intervention system known as \u201cIntegrated Production\u201d. Since 2016, Quinta da Devesa&#039;s vineyards have been managed according to the principles of Integrated Production, a rigorous production method that advocates as little intervention as possible in the vineyard. In practice, this means restricting, as much as possible, the type and quantity of treatments applied to vines to control pests and diseases.<br \/>\nPrevention is key and, therefore, it is essential to contact vineyard employees to obtain information. The information obtained is used to carry out risk analyzes and identify potential threats to the vines, in order to avoid the need for aggressive treatments.<br \/>\nAnother beneficial aspect of agricultural management introduced by the viticulture team has been the use of interplanting, that is, sowing between the vineyards. These help to conserve moisture and combat erosion, also contributing organic matter to the soil. These cover crops are a defense against weeds and provide an alternative habitat for insects, which are an essential part of the food chain. In this way, the vineyards provide a healthy habitat for birds, reptiles and mammals, ensuring adequate biodiversity and a balanced and sustainable environment.<\/p>","protected":false},"excerpt":{"rendered":"<p>Sele\u00e7\u00e3o cuidada das melhores uvas, com vindima manual. Pisa a p\u00e9 em lagares de granito. Est\u00e1gio de 18 meses em barricas novas de carvalho franc\u00eas e americano e m\u00ednimo de 12 meses de est\u00e1gio em garrafa.<\/p>\n<div id=\"portfolio-breve\" class=\"texto\">\n<div id=\"portfolio-breve\" class=\"texto\">\n<div id=\"portfolio-breve\" class=\"texto\">\n<div id=\"portfolio-texto2\" class=\"texto\">O nariz \u00e9 arom\u00e1tico, concentrado e poderoso. Revela notas de cassis, amora e pequenas notas de alca\u00e7uz associadas a notas de morango, pequenas bagas e notas de flores, oliveiras \/ vegeta\u00e7\u00e3o local, mineralidade picante, moca, especiarias, ch\u00e1 de Ceil\u00e3o e pimenta de Sichuan. O paladar \u00e9 frutado, bem equilibrado e suculento, tens\u00e3o, uma boa acidez e alguma mineralidade. Na boca este vinho exprime notas de amora silvestre, cassis selvagens e pequenas notas de morango e cerejas pretas, associadas a notas de flores, oliveira \/ vegeta\u00e7\u00e3o, mirtilo fresco \/ suculento, fava tonka bem como toques tostados muito discretos e um toque impercept\u00edvel de pimenta de Sichuan. Os taninos s\u00e3o firmes e um pouco secos. Boa persist\u00eancia com notas de fava tonka e com um toque muito discreto de carameliza\u00e7\u00e3o.<\/div>\n<\/div>\n<\/div>\n<\/div>","protected":false},"featured_media":9335,"template":"","meta":{"_exactmetrics_skip_tracking":false,"_exactmetrics_sitenote_active":false,"_exactmetrics_sitenote_note":"","_exactmetrics_sitenote_category":0,"_uf_show_specific_survey":0,"_uf_disable_surveys":false,"iawp_total_views":11},"product_brand":[],"product_cat":[216,258,215,184,157],"product_tag":[],"class_list":{"0":"post-14701","1":"product","2":"type-product","3":"status-publish","4":"has-post-thumbnail","6":"product_cat-conjuntos","7":"product_cat-conjuntos-de-oferta","8":"product_cat-douro","9":"product_cat-tinto","10":"product_cat-vinhos","12":"first","13":"instock","14":"shipping-taxable","15":"purchasable","16":"product-type-simple"},"_links":{"self":[{"href":"https:\/\/garrafeiragrandeescolha.pt\/en\/wp-json\/wp\/v2\/product\/14701","targetHints":{"allow":["GET"]}}],"collection":[{"href":"https:\/\/garrafeiragrandeescolha.pt\/en\/wp-json\/wp\/v2\/product"}],"about":[{"href":"https:\/\/garrafeiragrandeescolha.pt\/en\/wp-json\/wp\/v2\/types\/product"}],"wp:featuredmedia":[{"embeddable":true,"href":"https:\/\/garrafeiragrandeescolha.pt\/en\/wp-json\/wp\/v2\/media\/9335"}],"wp:attachment":[{"href":"https:\/\/garrafeiragrandeescolha.pt\/en\/wp-json\/wp\/v2\/media?parent=14701"}],"wp:term":[{"taxonomy":"product_brand","embeddable":true,"href":"https:\/\/garrafeiragrandeescolha.pt\/en\/wp-json\/wp\/v2\/product_brand?post=14701"},{"taxonomy":"product_cat","embeddable":true,"href":"https:\/\/garrafeiragrandeescolha.pt\/en\/wp-json\/wp\/v2\/product_cat?post=14701"},{"taxonomy":"product_tag","embeddable":true,"href":"https:\/\/garrafeiragrandeescolha.pt\/en\/wp-json\/wp\/v2\/product_tag?post=14701"}],"curies":[{"name":"wp","href":"https:\/\/api.w.org\/{rel}","templated":true}]}}