{"id":14718,"date":"2021-11-16T18:09:41","date_gmt":"2021-11-16T18:09:41","guid":{"rendered":"http:\/\/garrafeiragrandeescolha.pt\/?post_type=product&#038;p=14718"},"modified":"2024-11-17T12:09:19","modified_gmt":"2024-11-17T12:09:19","slug":"vinica-old-s-joao-brandy-70cl","status":"publish","type":"product","link":"https:\/\/garrafeiragrandeescolha.pt\/en\/product-2\/vinica-old-s-joao-brandy-70cl\/","title":{"rendered":"Vinica Velha S. Jo\u00e3o Brandy 70cl"},"content":{"rendered":"<p><img decoding=\"async\" class=\"size-full wp-image-15194 aligncenter\" src=\"http:\/\/garrafeiragrandeescolha.pt\/wp-content\/uploads\/2022\/02\/caves-s.-joao-logo.png\" alt=\"\" width=\"290\" height=\"40\" \/><\/p>\n<p>Founded in 1920 by brothers Jos\u00e9, Manuel and Albano Costa, Caves S\u00e3o Jo\u00e3o is a family business that, at first, was dedicated to selling fine Douro wines and liqueurs. It is today the oldest family business still operating in the municipality of Anadia.<\/p>\n<p>In the 1930s, with the ban on the production of Port wines outside Vila Nova de Gaia, the Company began to sell table wines from Bairrada. At that time, the production of natural sparkling wines also began, using the \u201cchampagne\u201d method, with emphasis, at this stage, on the important role of French winemaker Gaston Mennesson.<\/p>\n<p>The export of wines to the Brazilian market began and, shortly afterwards, to the Portuguese colonies in Africa. At the end of the 1950s, one of the most famous wine brands in the Bairrada region was born \u2013 \u201cFrei Jo\u00e3o\u201d \u2013 and, a little later, a brand from the demarcated region of D\u00e3o, \u201cPorta dos Cavaleiros\u201d.<\/p>\n<p>With the name \u201cReserva\u201d, initiated by Caves S\u00e3o Jo\u00e3o, this innovates in the wine market, using paper labels covered with natural cork.<\/p>\n<p>Caves S\u00e3o Jo\u00e3o acquires Quinta do Po\u00e7o do Lobo, a rustic property with approximately 37 hectares, located in the small town of Pocari\u00e7a in the municipality of Cantanhede. The Quinta was then completely replanted with selected grape varieties and strictly divided.<\/p>\n<p>With the grapes harvested there, the company began producing the wine \u201cQuinta do Po\u00e7o do Lobo \u2013 Bairrada\u201d, a Bairrada Red with grapes from the Baga, Moreto and Castel\u00e3o varieties; \u201cQuinta do Po\u00e7o do Lobo \u2013 Cabernet Sauvignon\u201d, a varietal wine from the most prestigious grape variety in the world; a white wine made with the Arinto grape variety and \u201cEspumante Quinta do Po\u00e7o do Lobo\u201d, a sparkling wine with grapes from the Arinto and Chardonnay grape varieties.<\/p>\n<p>Nowadays, and after some investments in the area of winemaking and quality control, Caves S\u00e3o Jo\u00e3o are prepared to face future challenges in terms of production, always with the concern of following the evolution of markets and tastes. of increasingly demanding and attentive consumers.<\/p>","protected":false},"excerpt":{"rendered":"<p>It has a very velvety and smooth attack, later developing an alcoholic, warm sensation and, confirmed in the end, via the retronasal route, the aromatic notes of wood and vanilla.<\/p>","protected":false},"featured_media":9369,"template":"","meta":{"_exactmetrics_skip_tracking":false,"_exactmetrics_sitenote_active":false,"_exactmetrics_sitenote_note":"","_exactmetrics_sitenote_category":0,"_uf_show_specific_survey":0,"_uf_disable_surveys":false,"iawp_total_views":9},"product_brand":[],"product_cat":[158,180],"product_tag":[],"class_list":{"0":"post-14718","1":"product","2":"type-product","3":"status-publish","4":"has-post-thumbnail","6":"product_cat-espirituosos","7":"product_cat-aguardente","9":"first","10":"instock","11":"shipping-taxable","12":"purchasable","13":"product-type-simple"},"_links":{"self":[{"href":"https:\/\/garrafeiragrandeescolha.pt\/en\/wp-json\/wp\/v2\/product\/14718","targetHints":{"allow":["GET"]}}],"collection":[{"href":"https:\/\/garrafeiragrandeescolha.pt\/en\/wp-json\/wp\/v2\/product"}],"about":[{"href":"https:\/\/garrafeiragrandeescolha.pt\/en\/wp-json\/wp\/v2\/types\/product"}],"wp:featuredmedia":[{"embeddable":true,"href":"https:\/\/garrafeiragrandeescolha.pt\/en\/wp-json\/wp\/v2\/media\/9369"}],"wp:attachment":[{"href":"https:\/\/garrafeiragrandeescolha.pt\/en\/wp-json\/wp\/v2\/media?parent=14718"}],"wp:term":[{"taxonomy":"product_brand","embeddable":true,"href":"https:\/\/garrafeiragrandeescolha.pt\/en\/wp-json\/wp\/v2\/product_brand?post=14718"},{"taxonomy":"product_cat","embeddable":true,"href":"https:\/\/garrafeiragrandeescolha.pt\/en\/wp-json\/wp\/v2\/product_cat?post=14718"},{"taxonomy":"product_tag","embeddable":true,"href":"https:\/\/garrafeiragrandeescolha.pt\/en\/wp-json\/wp\/v2\/product_tag?post=14718"}],"curies":[{"name":"wp","href":"https:\/\/api.w.org\/{rel}","templated":true}]}}