{"id":14727,"date":"2021-11-23T18:15:45","date_gmt":"2021-11-23T18:15:45","guid":{"rendered":"http:\/\/garrafeiragrandeescolha.pt\/?post_type=product&#038;p=14727"},"modified":"2024-09-14T11:01:41","modified_gmt":"2024-09-14T11:01:41","slug":"quinta-do-vale-meao-red-2019-75cl","status":"publish","type":"product","link":"https:\/\/garrafeiragrandeescolha.pt\/en\/product-2\/quinta-do-vale-meao-red-2019-75cl\/","title":{"rendered":"Quinta do Vale Me\u00e3o Red 2019 75cl"},"content":{"rendered":"<p><img decoding=\"async\" class=\"size-full wp-image-15433 aligncenter\" src=\"http:\/\/garrafeiragrandeescolha.pt\/wp-content\/uploads\/2022\/02\/qta-vale-meao-logo.jpg\" alt=\"\" width=\"200\" height=\"167\" \/><\/p>\n<p>In 1877 D. Ant\u00f3nia Adelaide Ferreira, already owner of the largest agricultural heritage in the Douro, purchased 300 hectares of virgin land at public auction from the VN de Foz C\u00f4a council. Her dream was to build a model farm from scratch, implementing in it all the vast experience accumulated throughout her life as a Douro businesswoman.<\/p>\n<p>This ambitious project was fully carried out between 1887 and 1895. It was the last and most significant achievement of that Lady, who however enjoyed little of it, as she died in 1896.<\/p>\n<p>Since then, the farm has always remained in the possession of his descendants. From the 1970s onwards, his great-great-grandson Francisco Javier de Olazabal took over its management and began a long process of acquiring undivided shares from his family and co-owners, and in 1994 he became, together with his children, the sole owner of the Quinta.<br \/>\nUntil then, the Quinta&#039;s grapes were sold to the company AA Ferreira SA, founded by the descendants of D. Ant\u00f3nia, and were the basis of some of its best wines.<br \/>\nThis connection continued until 1998, the year in which Francisco Javier de Olazabal decided to resign as president of AA, Ferreira SA to dedicate himself, together with his winemaker son Francisco de Olazabal y Nicolau de Almeida, to the production, aging and marketing of the farm&#039;s wines. , through the creation of the company F. Olazabal &amp; Filhos, Lda.<\/p>\n<p>Today Francisco, Lu\u00edsa and Jaime are linked to the management of the company, each in their own role, and share the same passion for wine. From one harvest to the next, they respect tradition and keep an open mind to innovation. The entire Olazabal family expresses their enthusiasm and contributes to perpetuating D. Ant\u00f3nia&#039;s project of making Quinta do Vale Me\u00e3o a model Quinta in its own time.<\/p>","protected":false},"excerpt":{"rendered":"<p>It comes from a tight selection of grapes produced in the Quinta&#039;s oldest vineyards, aged over 35 years: Vale Grande, Cabe\u00e7o das Pulgas, Casa das M\u00e1quinas, Tr\u00eas Encostas and Poente da Viola. It results from the combination of several grape varieties, with Touriga Nacional and Touriga Franca usually representing 90% and Tinta Barroca, Tinta Roriz and Tinto C\u00e3o the remaining 10%.<br \/>\nThe grapes from each variety are harvested and vinified separately. After being crushed and de-stemmed into granite mills, they are trampled by foot. They are later transferred to vats where fermentation takes place for eight days. After alcoholic fermentation, some of the wines undergo malolactic fermentation in barrels.<br \/>\nThe aging process takes place over 16 to 18 months and is divided between new barrels and second-year barrels, with proportions varying from year to year.<\/p>","protected":false},"featured_media":1362,"template":"","meta":{"_exactmetrics_skip_tracking":false,"_exactmetrics_sitenote_active":false,"_exactmetrics_sitenote_note":"","_exactmetrics_sitenote_category":0,"_uf_show_specific_survey":0,"_uf_disable_surveys":false,"iawp_total_views":24},"product_brand":[],"product_cat":[162,157,201,184,215],"product_tag":[],"class_list":{"0":"post-14727","1":"product","2":"type-product","3":"status-publish","4":"has-post-thumbnail","6":"product_cat-raridades","7":"product_cat-vinhos","8":"product_cat-grandes-vinhos","9":"product_cat-tinto","10":"product_cat-douro","12":"first","13":"instock","14":"shipping-taxable","15":"purchasable","16":"product-type-simple"},"_links":{"self":[{"href":"https:\/\/garrafeiragrandeescolha.pt\/en\/wp-json\/wp\/v2\/product\/14727","targetHints":{"allow":["GET"]}}],"collection":[{"href":"https:\/\/garrafeiragrandeescolha.pt\/en\/wp-json\/wp\/v2\/product"}],"about":[{"href":"https:\/\/garrafeiragrandeescolha.pt\/en\/wp-json\/wp\/v2\/types\/product"}],"wp:featuredmedia":[{"embeddable":true,"href":"https:\/\/garrafeiragrandeescolha.pt\/en\/wp-json\/wp\/v2\/media\/1362"}],"wp:attachment":[{"href":"https:\/\/garrafeiragrandeescolha.pt\/en\/wp-json\/wp\/v2\/media?parent=14727"}],"wp:term":[{"taxonomy":"product_brand","embeddable":true,"href":"https:\/\/garrafeiragrandeescolha.pt\/en\/wp-json\/wp\/v2\/product_brand?post=14727"},{"taxonomy":"product_cat","embeddable":true,"href":"https:\/\/garrafeiragrandeescolha.pt\/en\/wp-json\/wp\/v2\/product_cat?post=14727"},{"taxonomy":"product_tag","embeddable":true,"href":"https:\/\/garrafeiragrandeescolha.pt\/en\/wp-json\/wp\/v2\/product_tag?post=14727"}],"curies":[{"name":"wp","href":"https:\/\/api.w.org\/{rel}","templated":true}]}}