{"id":14771,"date":"2022-01-09T10:10:45","date_gmt":"2022-01-09T10:10:45","guid":{"rendered":"http:\/\/garrafeiragrandeescolha.pt\/?post_type=product&#038;p=14771"},"modified":"2024-11-26T21:34:45","modified_gmt":"2024-11-26T21:34:45","slug":"nunes-barata-reserva-tinto-2015-75cl","status":"publish","type":"product","link":"https:\/\/garrafeiragrandeescolha.pt\/en\/product-2\/nunes-barata-reserva-tinto-2015-75cl\/","title":{"rendered":"Nunes Barata Reserva Red 2015 75cl"},"content":{"rendered":"<p><img fetchpriority=\"high\" decoding=\"async\" class=\"size-full wp-image-15315 aligncenter\" src=\"http:\/\/garrafeiragrandeescolha.pt\/wp-content\/uploads\/2022\/02\/logo-nunes-barata.png\" alt=\"\" width=\"280\" height=\"300\" \/><\/p>\n<p><strong>Nunes Barata<\/strong>\u00a0is a wine project originating in Cabe\u00e7\u00e3o, municipality of Mora, in Alto Alentejo. This area, the result of a\u00a0<em>terroir<\/em>\u00a0of exception has a distinguished history in producing quality wines, full of character and was known for its famous carved wines. Here, vineyards and wine have always been the main economic activity.<\/p>\n<p>The brothers\u00a0<strong>Luis Miguel<\/strong>\u00a0It is\u00a0<strong>Jos\u00e9 Manuel<\/strong>\u00a0represent the seventh generation of the family\u00a0<strong>Nunes Barata<\/strong>, which has always had strong traditions in winemaking, thus continuing a family tradition that dates back to the beginning of the 19th century.<\/p>\n<p>&nbsp;<\/p>\n<p><em><span class=\"quote-content\">\u201cCabe\u00e7\u00e3o is a traditional place for producing Alentejo wines. The particular condition of the climate and soil, associated with well-adapted grape varieties, led us to resume, with advanced technology, wine production, where our grandparents had been doing it since 1836.\u201d<\/span><\/em><\/p>\n<p><span class=\"quote-meta\">Lu\u00eds Miguel and Jos\u00e9 Manuel Nunes Barata<\/span><\/p>","protected":false},"excerpt":{"rendered":"<p>Nunes Barata\u00a0\u00e9 um projecto vitivin\u00edcola com origem em Cabe\u00e7\u00e3o, concelho de Mora, no Alto Alentejo. Esta zona, fruto de um\u00a0terroir\u00a0de exce\u00e7\u00e3o tem um distinto historial na produ\u00e7\u00e3o de vinhos de qualidade, plenos de car\u00e1cter e foi conhecida pelos seus afamados vinhos em talha. Aqui, a vinha e vinho foram, desde sempre, a principal actividade econ\u00f3mica. [&hellip;]<\/p>","protected":false},"featured_media":2116,"template":"","meta":{"_exactmetrics_skip_tracking":false,"_exactmetrics_sitenote_active":false,"_exactmetrics_sitenote_note":"","_exactmetrics_sitenote_category":0,"_uf_show_specific_survey":0,"_uf_disable_surveys":false,"iawp_total_views":32},"product_brand":[],"product_cat":[162,157,184,207],"product_tag":[],"class_list":{"0":"post-14771","1":"product","2":"type-product","3":"status-publish","4":"has-post-thumbnail","6":"product_cat-raridades","7":"product_cat-vinhos","8":"product_cat-tinto","9":"product_cat-alentejo","11":"first","12":"instock","13":"shipping-taxable","14":"purchasable","15":"product-type-simple"},"_links":{"self":[{"href":"https:\/\/garrafeiragrandeescolha.pt\/en\/wp-json\/wp\/v2\/product\/14771","targetHints":{"allow":["GET"]}}],"collection":[{"href":"https:\/\/garrafeiragrandeescolha.pt\/en\/wp-json\/wp\/v2\/product"}],"about":[{"href":"https:\/\/garrafeiragrandeescolha.pt\/en\/wp-json\/wp\/v2\/types\/product"}],"wp:featuredmedia":[{"embeddable":true,"href":"https:\/\/garrafeiragrandeescolha.pt\/en\/wp-json\/wp\/v2\/media\/2116"}],"wp:attachment":[{"href":"https:\/\/garrafeiragrandeescolha.pt\/en\/wp-json\/wp\/v2\/media?parent=14771"}],"wp:term":[{"taxonomy":"product_brand","embeddable":true,"href":"https:\/\/garrafeiragrandeescolha.pt\/en\/wp-json\/wp\/v2\/product_brand?post=14771"},{"taxonomy":"product_cat","embeddable":true,"href":"https:\/\/garrafeiragrandeescolha.pt\/en\/wp-json\/wp\/v2\/product_cat?post=14771"},{"taxonomy":"product_tag","embeddable":true,"href":"https:\/\/garrafeiragrandeescolha.pt\/en\/wp-json\/wp\/v2\/product_tag?post=14771"}],"curies":[{"name":"wp","href":"https:\/\/api.w.org\/{rel}","templated":true}]}}