{"id":16444,"date":"2022-10-01T11:53:36","date_gmt":"2022-10-01T11:53:36","guid":{"rendered":"https:\/\/garrafeiragrandeescolha.pt\/?post_type=product&#038;p=16444"},"modified":"2023-04-03T14:43:33","modified_gmt":"2023-04-03T14:43:33","slug":"quinta-da-carregosa-reserva-tinto-75cl","status":"publish","type":"product","link":"https:\/\/garrafeiragrandeescolha.pt\/en\/product-2\/quinta-da-carregosa-reserva-tinto-75cl\/","title":{"rendered":"Quinta da Carregosa Reserva Tinto 2019 75cl"},"content":{"rendered":"<p><img fetchpriority=\"high\" decoding=\"async\" class=\"size-medium wp-image-16443 aligncenter\" src=\"http:\/\/garrafeiragrandeescolha.pt\/wp-content\/uploads\/2022\/10\/carregosa-logo-300x178.jpg\" alt=\"\" width=\"300\" height=\"178\" srcset=\"https:\/\/garrafeiragrandeescolha.pt\/wp-content\/uploads\/2022\/10\/carregosa-logo-300x178.jpg 300w, https:\/\/garrafeiragrandeescolha.pt\/wp-content\/uploads\/2022\/10\/carregosa-logo-1024x608.jpg 1024w, https:\/\/garrafeiragrandeescolha.pt\/wp-content\/uploads\/2022\/10\/carregosa-logo-768x456.jpg 768w, https:\/\/garrafeiragrandeescolha.pt\/wp-content\/uploads\/2022\/10\/carregosa-logo-18x12.jpg 18w, https:\/\/garrafeiragrandeescolha.pt\/wp-content\/uploads\/2022\/10\/carregosa-logo-600x356.jpg 600w, https:\/\/garrafeiragrandeescolha.pt\/wp-content\/uploads\/2022\/10\/carregosa-logo.jpg 1376w\" sizes=\"(max-width: 300px) 100vw, 300px\" \/><\/p>\n<p>The vineyards at Quinta da Carregosa extend over a schist slope of around 40 hectares. The slopes of the Quinta benefit from a privileged sun exposure (south\/east), which rise to an altitude between 200 and 500 meters above sea level.<\/p>\n<p>Knowledge of each plot of Quinta da Carregosa, knowing the qualitative excellence of the intended grapes, leads Manuel Costa and Jo\u00e3o Silva to impose, over the last few years, viticulture practices based on principles of sustainability in integrated production methods, respecting and protecting the biodiversity and the farm\u2019s ecosystem.<\/p>\n<p>Vinha do Reiro \u2013 Quinta da Carregosa has a vineyard with pre-phylloxera characteristics. This extends along small stone walls extracted from the land, oriented according to the curves that support a row of vines with a very low plant density.<\/p>\n<p>Vinha das Corigas \u2013 The post-phylloxera vineyard installed at the end of the slope consists of wider terraces supported by stone walls. The planting of vines is done according to contour lines, which makes mechanization impossible. More than 15 different grape varieties native to the Douro region are planted in this vineyard.<\/p>\n<p>All viticulture work carried out in these old vineyards, throughout the year, is carried out manually, using ancient viticulture techniques, such as soil mobilization, which is done using horses. Annual grape production is incredibly low, not exceeding 0.7 kg\/vine.<\/p>","protected":false},"excerpt":{"rendered":"<p>Castas: Touriga Nacional, Touriga Franca, Tinta Roriz e Sous\u00e3o.<\/p>\n<p>From the best plots of Quinta da Carregosa, the grapes were harvested manually in the plots that showed a more balanced maturation. After careful manual selection and harvesting, the grapes are subjected to crushing and total stemming.<br \/>\nThis is followed by a period of 48 hours of skin maceration at 10\u00baC to maximize the action of the grape enzymes responsible for extracting aromas. Cold defecation at 7\u00baC for 48 hours. Selected yeasts are used to induce alcoholic fermentation, which takes place between 12\u00baC and 15\u00baC for a minimum of 30 days.<\/p>\n<p><strong>COLOR:<\/strong>\u00a0Vermelho rubi.<br \/>\n<strong>AROMA:<\/strong>\u00a0Muito complexo, excelente evolu\u00e7\u00e3o em garrafa, \u201cbouquet\u201d elegante dominado pelo \u201cc\u00e1ssis\u201d, especiarias, caixa de tabaco e notas de baunilha muito bem integradas.<br \/>\n<strong>FLAVOR:<\/strong>\u00a0Muita concentra\u00e7\u00e3o e corpo, taninos maduros, excelente equil\u00edbrio e um final surpreendentemente longo.<\/p>","protected":false},"featured_media":16445,"template":"","meta":{"_exactmetrics_skip_tracking":false,"_exactmetrics_sitenote_active":false,"_exactmetrics_sitenote_note":"","_exactmetrics_sitenote_category":0,"_uf_show_specific_survey":0,"_uf_disable_surveys":false,"iawp_total_views":19},"product_brand":[],"product_cat":[157,184,215],"product_tag":[],"class_list":{"0":"post-16444","1":"product","2":"type-product","3":"status-publish","4":"has-post-thumbnail","6":"product_cat-vinhos","7":"product_cat-tinto","8":"product_cat-douro","10":"first","11":"instock","12":"shipping-taxable","13":"purchasable","14":"product-type-simple"},"_links":{"self":[{"href":"https:\/\/garrafeiragrandeescolha.pt\/en\/wp-json\/wp\/v2\/product\/16444","targetHints":{"allow":["GET"]}}],"collection":[{"href":"https:\/\/garrafeiragrandeescolha.pt\/en\/wp-json\/wp\/v2\/product"}],"about":[{"href":"https:\/\/garrafeiragrandeescolha.pt\/en\/wp-json\/wp\/v2\/types\/product"}],"wp:featuredmedia":[{"embeddable":true,"href":"https:\/\/garrafeiragrandeescolha.pt\/en\/wp-json\/wp\/v2\/media\/16445"}],"wp:attachment":[{"href":"https:\/\/garrafeiragrandeescolha.pt\/en\/wp-json\/wp\/v2\/media?parent=16444"}],"wp:term":[{"taxonomy":"product_brand","embeddable":true,"href":"https:\/\/garrafeiragrandeescolha.pt\/en\/wp-json\/wp\/v2\/product_brand?post=16444"},{"taxonomy":"product_cat","embeddable":true,"href":"https:\/\/garrafeiragrandeescolha.pt\/en\/wp-json\/wp\/v2\/product_cat?post=16444"},{"taxonomy":"product_tag","embeddable":true,"href":"https:\/\/garrafeiragrandeescolha.pt\/en\/wp-json\/wp\/v2\/product_tag?post=16444"}],"curies":[{"name":"wp","href":"https:\/\/api.w.org\/{rel}","templated":true}]}}