{"id":16640,"date":"2022-10-31T17:21:03","date_gmt":"2022-10-31T17:21:03","guid":{"rendered":"https:\/\/garrafeiragrandeescolha.pt\/?post_type=product&#038;p=16640"},"modified":"2024-11-25T11:44:40","modified_gmt":"2024-11-25T11:44:40","slug":"casa-de-saima-pinot-noir-tinto-2021-75cl","status":"publish","type":"product","link":"https:\/\/garrafeiragrandeescolha.pt\/en\/product-2\/casa-de-saima-pinot-noir-tinto-2021-75cl\/","title":{"rendered":"Casa de Saima Pinot Noir Tinto 2022 75cl"},"content":{"rendered":"<p><img decoding=\"async\" class=\"size-medium wp-image-16638 aligncenter\" src=\"http:\/\/garrafeiragrandeescolha.pt\/wp-content\/uploads\/2022\/10\/saima_600x600-300x146.webp\" alt=\"\" width=\"300\" height=\"146\" srcset=\"https:\/\/garrafeiragrandeescolha.pt\/wp-content\/uploads\/2022\/10\/saima_600x600-300x146.webp 300w, https:\/\/garrafeiragrandeescolha.pt\/wp-content\/uploads\/2022\/10\/saima_600x600-18x9.webp 18w, https:\/\/garrafeiragrandeescolha.pt\/wp-content\/uploads\/2022\/10\/saima_600x600.webp 550w\" sizes=\"(max-width: 300px) 100vw, 300px\" \/><\/p>\n<p>Located in the heart of the demarcated region of Bairrada, Casa de Saima is one of Bairrada&#039;s favorite producers, having been involved in the production of quality wines for more than half a century. A family passion passed down between generations. They are driven by the search for authentic wines, made in the most natural way possible, through minimal and careful intervention, with the time and patience that nature requires to offer us its best.<\/p>\n<p>As producers and lovers of Portuguese wines, our mission is to encourage a taste for wines from the Bairrada region throughout the world, offering the best we have in Portugal in a differentiating and innovative way, while respecting our heritage and tradition.<\/p>","protected":false},"excerpt":{"rendered":"<p>Vinho produzido com base na casta Pinot Noir vinificada em lagar aberto, com processos de extrac\u00e7\u00e3o muito suaves, respeitando assim toda a delicadeza desta not\u00e1vel casta.<\/p>\n<p>Estagiou em cuba de inox com o prop\u00f3sito de respeitar todo o car\u00e1cter\u00a0prim\u00e1rio desta casta num terroir \u00fanico como \u00e9 a Bairrada<\/p>","protected":false},"featured_media":16641,"template":"","meta":{"_exactmetrics_skip_tracking":false,"_exactmetrics_sitenote_active":false,"_exactmetrics_sitenote_note":"","_exactmetrics_sitenote_category":0,"_uf_show_specific_survey":0,"_uf_disable_surveys":false,"iawp_total_views":24},"product_brand":[],"product_cat":[157,184,208],"product_tag":[],"class_list":{"0":"post-16640","1":"product","2":"type-product","3":"status-publish","4":"has-post-thumbnail","6":"product_cat-vinhos","7":"product_cat-tinto","8":"product_cat-bairrada","10":"first","11":"instock","12":"shipping-taxable","13":"purchasable","14":"product-type-simple"},"_links":{"self":[{"href":"https:\/\/garrafeiragrandeescolha.pt\/en\/wp-json\/wp\/v2\/product\/16640","targetHints":{"allow":["GET"]}}],"collection":[{"href":"https:\/\/garrafeiragrandeescolha.pt\/en\/wp-json\/wp\/v2\/product"}],"about":[{"href":"https:\/\/garrafeiragrandeescolha.pt\/en\/wp-json\/wp\/v2\/types\/product"}],"wp:featuredmedia":[{"embeddable":true,"href":"https:\/\/garrafeiragrandeescolha.pt\/en\/wp-json\/wp\/v2\/media\/16641"}],"wp:attachment":[{"href":"https:\/\/garrafeiragrandeescolha.pt\/en\/wp-json\/wp\/v2\/media?parent=16640"}],"wp:term":[{"taxonomy":"product_brand","embeddable":true,"href":"https:\/\/garrafeiragrandeescolha.pt\/en\/wp-json\/wp\/v2\/product_brand?post=16640"},{"taxonomy":"product_cat","embeddable":true,"href":"https:\/\/garrafeiragrandeescolha.pt\/en\/wp-json\/wp\/v2\/product_cat?post=16640"},{"taxonomy":"product_tag","embeddable":true,"href":"https:\/\/garrafeiragrandeescolha.pt\/en\/wp-json\/wp\/v2\/product_tag?post=16640"}],"curies":[{"name":"wp","href":"https:\/\/api.w.org\/{rel}","templated":true}]}}