{"id":17097,"date":"2023-01-17T18:52:21","date_gmt":"2023-01-17T18:52:21","guid":{"rendered":"https:\/\/garrafeiragrandeescolha.pt\/?post_type=product&#038;p=17097"},"modified":"2023-02-28T18:25:58","modified_gmt":"2023-02-28T18:25:58","slug":"aguardente-velha-alvarinho-d-paterna-xo-50cl","status":"publish","type":"product","link":"https:\/\/garrafeiragrandeescolha.pt\/en\/product-2\/aguardente-velha-alvarinho-d-paterna-xo-50cl\/","title":{"rendered":"Aguardente Velha Alvarinho D. Paterna XO 50cl"},"content":{"rendered":"","protected":false},"excerpt":{"rendered":"<p>Aguardente Velha XO resulta da destila\u00e7\u00e3o de vinhos de casta Alvarinho, com cuidados que tal opera\u00e7\u00e3o exige.<\/p>\n<p>Conjugando a arte, saber e paci\u00eancia, envelheceu em cascas de carvalho, de v\u00e1rias origens, durante v\u00e1rios anos, obtendo-se assim, um produto final, de cor top\u00e1zio com aroma\u00a0caracter\u00edstico da madeira, complexo e estruturado e untuoso.<\/p>","protected":false},"featured_media":17101,"template":"","meta":{"_exactmetrics_skip_tracking":false,"_exactmetrics_sitenote_active":false,"_exactmetrics_sitenote_note":"","_exactmetrics_sitenote_category":0,"_uf_show_specific_survey":0,"_uf_disable_surveys":false,"iawp_total_views":39},"product_brand":[],"product_cat":[180,158],"product_tag":[],"class_list":{"0":"post-17097","1":"product","2":"type-product","3":"status-publish","4":"has-post-thumbnail","6":"product_cat-aguardente","7":"product_cat-espirituosos","9":"first","10":"instock","11":"shipping-taxable","12":"purchasable","13":"product-type-simple"},"_links":{"self":[{"href":"https:\/\/garrafeiragrandeescolha.pt\/en\/wp-json\/wp\/v2\/product\/17097","targetHints":{"allow":["GET"]}}],"collection":[{"href":"https:\/\/garrafeiragrandeescolha.pt\/en\/wp-json\/wp\/v2\/product"}],"about":[{"href":"https:\/\/garrafeiragrandeescolha.pt\/en\/wp-json\/wp\/v2\/types\/product"}],"wp:featuredmedia":[{"embeddable":true,"href":"https:\/\/garrafeiragrandeescolha.pt\/en\/wp-json\/wp\/v2\/media\/17101"}],"wp:attachment":[{"href":"https:\/\/garrafeiragrandeescolha.pt\/en\/wp-json\/wp\/v2\/media?parent=17097"}],"wp:term":[{"taxonomy":"product_brand","embeddable":true,"href":"https:\/\/garrafeiragrandeescolha.pt\/en\/wp-json\/wp\/v2\/product_brand?post=17097"},{"taxonomy":"product_cat","embeddable":true,"href":"https:\/\/garrafeiragrandeescolha.pt\/en\/wp-json\/wp\/v2\/product_cat?post=17097"},{"taxonomy":"product_tag","embeddable":true,"href":"https:\/\/garrafeiragrandeescolha.pt\/en\/wp-json\/wp\/v2\/product_tag?post=17097"}],"curies":[{"name":"wp","href":"https:\/\/api.w.org\/{rel}","templated":true}]}}