{"id":17099,"date":"2023-01-17T18:53:30","date_gmt":"2023-01-17T18:53:30","guid":{"rendered":"https:\/\/garrafeiragrandeescolha.pt\/?post_type=product&#038;p=17099"},"modified":"2023-02-17T09:24:33","modified_gmt":"2023-02-17T09:24:33","slug":"aguardente-velhissima-alvarinho-d-paterna-50cl","status":"publish","type":"product","link":"https:\/\/garrafeiragrandeescolha.pt\/en\/product-2\/aguardente-velhissima-alvarinho-d-paterna-50cl\/","title":{"rendered":"Aguardente Velh\u00edssima Alvarinho D. Paterna 50cl"},"content":{"rendered":"","protected":false},"excerpt":{"rendered":"<p>Aguardente Bagaceira foi obtida exclusivamente dos baga\u00e7os de uvas\u00a0de casta Alvarinho. Conjugando arte, saber e paci\u00eancia, envelheceu em\u00a0cascos de carvalho, de v\u00e1rias origens, durante v\u00e1rios anos, que lhe permitiu uma cor top\u00e1zio e um aroma mais rico, intenso e complexo. Obteve-se\u00a0assim, uma Aguardente Bagaceira velh\u00edssima, com o car\u00e1ter, riqueza e complexidade de casta Alvarinho que lhe deu origem.<\/p>","protected":false},"featured_media":17100,"template":"","meta":{"_exactmetrics_skip_tracking":false,"_exactmetrics_sitenote_active":false,"_exactmetrics_sitenote_note":"","_exactmetrics_sitenote_category":0,"_uf_show_specific_survey":0,"_uf_disable_surveys":false,"iawp_total_views":5},"product_brand":[],"product_cat":[180,158],"product_tag":[],"class_list":{"0":"post-17099","1":"product","2":"type-product","3":"status-publish","4":"has-post-thumbnail","6":"product_cat-aguardente","7":"product_cat-espirituosos","9":"first","10":"instock","11":"shipping-taxable","12":"purchasable","13":"product-type-simple"},"_links":{"self":[{"href":"https:\/\/garrafeiragrandeescolha.pt\/en\/wp-json\/wp\/v2\/product\/17099","targetHints":{"allow":["GET"]}}],"collection":[{"href":"https:\/\/garrafeiragrandeescolha.pt\/en\/wp-json\/wp\/v2\/product"}],"about":[{"href":"https:\/\/garrafeiragrandeescolha.pt\/en\/wp-json\/wp\/v2\/types\/product"}],"wp:featuredmedia":[{"embeddable":true,"href":"https:\/\/garrafeiragrandeescolha.pt\/en\/wp-json\/wp\/v2\/media\/17100"}],"wp:attachment":[{"href":"https:\/\/garrafeiragrandeescolha.pt\/en\/wp-json\/wp\/v2\/media?parent=17099"}],"wp:term":[{"taxonomy":"product_brand","embeddable":true,"href":"https:\/\/garrafeiragrandeescolha.pt\/en\/wp-json\/wp\/v2\/product_brand?post=17099"},{"taxonomy":"product_cat","embeddable":true,"href":"https:\/\/garrafeiragrandeescolha.pt\/en\/wp-json\/wp\/v2\/product_cat?post=17099"},{"taxonomy":"product_tag","embeddable":true,"href":"https:\/\/garrafeiragrandeescolha.pt\/en\/wp-json\/wp\/v2\/product_tag?post=17099"}],"curies":[{"name":"wp","href":"https:\/\/api.w.org\/{rel}","templated":true}]}}