{"id":17124,"date":"2023-01-19T11:42:40","date_gmt":"2023-01-19T11:42:40","guid":{"rendered":"https:\/\/garrafeiragrandeescolha.pt\/?post_type=product&#038;p=17124"},"modified":"2023-01-19T11:50:16","modified_gmt":"2023-01-19T11:50:16","slug":"marel-tinto-75cl","status":"publish","type":"product","link":"https:\/\/garrafeiragrandeescolha.pt\/en\/product-2\/marel-tinto-75cl\/","title":{"rendered":"Marel Tinto 75cl"},"content":{"rendered":"<p><img decoding=\"async\" class=\"size-medium wp-image-17122 aligncenter\" src=\"http:\/\/garrafeiragrandeescolha.pt\/wp-content\/uploads\/2023\/01\/adega-marel-logo-1-300x121.png\" alt=\"\" width=\"300\" height=\"121\" srcset=\"https:\/\/garrafeiragrandeescolha.pt\/wp-content\/uploads\/2023\/01\/adega-marel-logo-1-300x121.png 300w, https:\/\/garrafeiragrandeescolha.pt\/wp-content\/uploads\/2023\/01\/adega-marel-logo-1-18x7.png 18w, https:\/\/garrafeiragrandeescolha.pt\/wp-content\/uploads\/2023\/01\/adega-marel-logo-1.png 339w\" sizes=\"(max-width: 300px) 100vw, 300px\" \/><\/p>\n<p>Situada no Baixo Alentejo, na margem esquerda do Guadiana, a regi\u00e3o de Amareleja possui, pelas suas caracter\u00edsticas clim\u00e1ticas e geomorfol\u00f3gicas, condi\u00e7\u00f5es \u00fanicas, particularmente desafiantes para a cultura da vinha e do vinho. Neste territ\u00f3rio de grandes amplitudes t\u00e9rmicas e ver\u00e3o longo, de calor intenso, ao longo da hist\u00f3ria foram v\u00e1rios os povos que lhe reconheceram potencial agr\u00edcola \u2013\u00a0 sobretudo para a produ\u00e7\u00e3o vitivin\u00edcola e oliv\u00edcola. Presume-se que ter\u00e3o sido os tartessos quem primeiro aqui se iniciou na domestica\u00e7\u00e3o da vinha e na posterior introdu\u00e7\u00e3o do vinho na regi\u00e3o. Seguiram-se-lhes depois os fen\u00edcios, os gregos e s\u00f3 ent\u00e3o os romanos \u2013 que vieram generalizar a cultura do vinho e da vinha no Alentejo.<\/p>\n<p>A marca da sabedoria ancestral do Imp\u00e9rio romano permanece, nos nossos dias, tanto na pr\u00e1tica tradicional vit\u00edcola, como na t\u00e9cnica de\u00a0 vinifica\u00e7\u00e3o em potes\/talhas de barro.<\/p>","protected":false},"excerpt":{"rendered":"<p>Castas: Alicante Bouschet,\u00a0Aragonez,\u00a0Touriga-Nacional e Trincadeira<\/p>\n<p>Visualmente, apresenta uma cor rubi granada intensa, viol\u00e1cea e brilhante. No aroma tem notas ricas e concentradas de fruta madura, ameixa (Aragonez), florais (Touriga-Nacional), fruta preta madura (Alicante-Bouschet e Trincadeira). Aroma limpo e de boa exuber\u00e2ncia. Na boca, tem um \u00f3ptimo equil\u00edbrio, apresentando uma acidez viva e um bom volume de boca. \u00c9 rico e texturado, terminando longo e agrad\u00e1vel.<\/p>\n<p>Dada a sua intensidade, jovialidade e equil\u00edbrio \u00e1cido, torna-se vers\u00e1til \u00e0 mesa! Acompanha pratos de charcutaria, queijos de ovelha de meia cura e carnes grelhadas ou de forno. Massas e pizzas tamb\u00e9m se adequam bem a este perfil.<\/p>","protected":false},"featured_media":17125,"template":"","meta":{"_exactmetrics_skip_tracking":false,"_exactmetrics_sitenote_active":false,"_exactmetrics_sitenote_note":"","_exactmetrics_sitenote_category":0,"_uf_show_specific_survey":0,"_uf_disable_surveys":false,"iawp_total_views":14},"product_brand":[],"product_cat":[157,184,207],"product_tag":[],"class_list":{"0":"post-17124","1":"product","2":"type-product","3":"status-publish","4":"has-post-thumbnail","6":"product_cat-vinhos","7":"product_cat-tinto","8":"product_cat-alentejo","10":"first","11":"instock","12":"shipping-taxable","13":"purchasable","14":"product-type-simple"},"_links":{"self":[{"href":"https:\/\/garrafeiragrandeescolha.pt\/en\/wp-json\/wp\/v2\/product\/17124","targetHints":{"allow":["GET"]}}],"collection":[{"href":"https:\/\/garrafeiragrandeescolha.pt\/en\/wp-json\/wp\/v2\/product"}],"about":[{"href":"https:\/\/garrafeiragrandeescolha.pt\/en\/wp-json\/wp\/v2\/types\/product"}],"wp:featuredmedia":[{"embeddable":true,"href":"https:\/\/garrafeiragrandeescolha.pt\/en\/wp-json\/wp\/v2\/media\/17125"}],"wp:attachment":[{"href":"https:\/\/garrafeiragrandeescolha.pt\/en\/wp-json\/wp\/v2\/media?parent=17124"}],"wp:term":[{"taxonomy":"product_brand","embeddable":true,"href":"https:\/\/garrafeiragrandeescolha.pt\/en\/wp-json\/wp\/v2\/product_brand?post=17124"},{"taxonomy":"product_cat","embeddable":true,"href":"https:\/\/garrafeiragrandeescolha.pt\/en\/wp-json\/wp\/v2\/product_cat?post=17124"},{"taxonomy":"product_tag","embeddable":true,"href":"https:\/\/garrafeiragrandeescolha.pt\/en\/wp-json\/wp\/v2\/product_tag?post=17124"}],"curies":[{"name":"wp","href":"https:\/\/api.w.org\/{rel}","templated":true}]}}