{"id":17397,"date":"2023-03-07T17:39:45","date_gmt":"2023-03-07T17:39:45","guid":{"rendered":"https:\/\/garrafeiragrandeescolha.pt\/?post_type=product&#038;p=17397"},"modified":"2025-03-11T12:12:00","modified_gmt":"2025-03-11T12:12:00","slug":"licoroso-robert-r-reynolds-75cl","status":"publish","type":"product","link":"https:\/\/garrafeiragrandeescolha.pt\/en\/product-2\/licoroso-robert-r-reynolds-75cl\/","title":{"rendered":"Liqueur Robert R. Reynolds 75cl"},"content":{"rendered":"<p><img fetchpriority=\"high\" decoding=\"async\" class=\"size-medium wp-image-17396 aligncenter\" src=\"http:\/\/garrafeiragrandeescolha.pt\/wp-content\/uploads\/2020\/03\/logo_preto-reynolds-300x212.jpg\" alt=\"\" width=\"300\" height=\"212\" srcset=\"https:\/\/garrafeiragrandeescolha.pt\/wp-content\/uploads\/2020\/03\/logo_preto-reynolds-300x212.jpg 300w, https:\/\/garrafeiragrandeescolha.pt\/wp-content\/uploads\/2020\/03\/logo_preto-reynolds-1024x724.jpg 1024w, https:\/\/garrafeiragrandeescolha.pt\/wp-content\/uploads\/2020\/03\/logo_preto-reynolds-768x543.jpg 768w, https:\/\/garrafeiragrandeescolha.pt\/wp-content\/uploads\/2020\/03\/logo_preto-reynolds-1536x1086.jpg 1536w, https:\/\/garrafeiragrandeescolha.pt\/wp-content\/uploads\/2020\/03\/logo_preto-reynolds-18x12.jpg 18w, https:\/\/garrafeiragrandeescolha.pt\/wp-content\/uploads\/2020\/03\/logo_preto-reynolds-600x424.jpg 600w, https:\/\/garrafeiragrandeescolha.pt\/wp-content\/uploads\/2020\/03\/logo_preto-reynolds.jpg 1754w\" sizes=\"(max-width: 300px) 100vw, 300px\" \/><\/p>\n<p>Thomas Reynolds, marinheiro e comerciante ingl\u00eas, chega a Portugal em 1820, atra\u00eddo pelo neg\u00f3cio do vinho: \u00e9 na cidade do Porto que se estabelece com os seus dois filhos, Thomas e Robert. Durante algum tempo abastecem, a partir dali, o seu armaz\u00e9m comercial em Londres com diversos produtos Ib\u00e9ricos. Em 1838, introduzem-se na ind\u00fastria corticeira e criam uma f\u00e1brica de rolhas em Alburquerque, Espanha, onde vivem durante 11 anos. A actividade \u00e9 lucrativa, expande-se e em breve abrem novas f\u00e1bricas de rolhas de corti\u00e7a em Portugal e Espanha.<\/p>\n<p>A fam\u00edlia regressa a Portugal em 1850 e fixa resid\u00eancia em Estremoz, ainda que por pouco tempo. Thomas e o seu filho hom\u00f3nimo n\u00e3o se acomodam e, movidos pelo mesmo esp\u00edrito empreendedor, embarcam com a fam\u00edlia rumo \u00e0 Nova Zel\u00e2ndia. A travessia duraria 130 longos dias e com eles transportavam um enorme rebanho de ovelhas merinas. Nunca regressaram a Portugal.<\/p>\n<p>Robert fica em Estremoz \u00e0 frente dos neg\u00f3cios, que rapidamente desenvolve com a aquisi\u00e7\u00e3o de novas terras e a produ\u00e7\u00e3o de vinhos de qualidade, actividade esta que exercia com particular empenho e paix\u00e3o. O Alentejo converte-se no ber\u00e7o definitivo dos Reynolds em Portugal e de Robert, o patriarca da fam\u00edlia. Desse ber\u00e7o procedem o filho primog\u00e9nito de Robert, Robert Rafael e, desde, Carlos. Carlos tem uma primeira filha chamada Gloria, Gloria Reynolds. Em sua honra, e de todos os seus antepassados que viveram no Alentejo, Juli\u00e1n, filho de Gloria, produz um vinho de qualidade, que leva o nome da sua m\u00e3e \u2013 Gloria Reynolds.<\/p>\n<p>&nbsp;<\/p>","protected":false},"excerpt":{"rendered":"<p>Castas: Alicante Bouchet<\/p>\n<p>As uvas foram colhidas mec\u00e2nicamente durante a noite na Herdade de\u00a0 Figueira de Cima. Fermentaram em balseiros de carvalho franc\u00eas Seguin Moreau com a temperatura controlada at\u00e9 ao corte com aguardente v\u00ednica, envelhecendo depois durante 3 anos em barricas velhas. Depois do engarrafamento, as garrafas estagiaram sete anos antes de serem comercializadas.<\/p>\n<p>Apresenta cor forte e grande poder arom\u00e1tico, destacam os aromas a especiarias, azeitonas pretas e a compota de frutos vermelhos. Na boca \u00e9 fresco e com final de boca prolongado.<\/p>\n<p>\u201c\u2026este \u00e9 um vinho \u201cwow\u201d. Grande, concentrado e poderoso, \u00e9 impressionante logo desde in\u00edcio\u2026.. Dependendo do seu gosto, pode achar este vinho espetacular, uma vers\u00e3o alentejana de vinho do porto.\u201d\u00a0\u00a0Mark Squires, Wine Advocate.<\/p>\n<p>Como servir &#8211; Excelente por si s\u00f3, ou como complemento de sobremesas e chocolate. Deve ser servido a uma temperatura de 12\u00baC a 14\u00baC.<\/p>","protected":false},"featured_media":17398,"template":"","meta":{"_exactmetrics_skip_tracking":false,"_exactmetrics_sitenote_active":false,"_exactmetrics_sitenote_note":"","_exactmetrics_sitenote_category":0,"_uf_show_specific_survey":0,"_uf_disable_surveys":false,"iawp_total_views":21},"product_brand":[],"product_cat":[157,164],"product_tag":[],"class_list":{"0":"post-17397","1":"product","2":"type-product","3":"status-publish","4":"has-post-thumbnail","6":"product_cat-vinhos","7":"product_cat-licoroso","9":"first","10":"instock","11":"shipping-taxable","12":"purchasable","13":"product-type-simple"},"_links":{"self":[{"href":"https:\/\/garrafeiragrandeescolha.pt\/en\/wp-json\/wp\/v2\/product\/17397","targetHints":{"allow":["GET"]}}],"collection":[{"href":"https:\/\/garrafeiragrandeescolha.pt\/en\/wp-json\/wp\/v2\/product"}],"about":[{"href":"https:\/\/garrafeiragrandeescolha.pt\/en\/wp-json\/wp\/v2\/types\/product"}],"wp:featuredmedia":[{"embeddable":true,"href":"https:\/\/garrafeiragrandeescolha.pt\/en\/wp-json\/wp\/v2\/media\/17398"}],"wp:attachment":[{"href":"https:\/\/garrafeiragrandeescolha.pt\/en\/wp-json\/wp\/v2\/media?parent=17397"}],"wp:term":[{"taxonomy":"product_brand","embeddable":true,"href":"https:\/\/garrafeiragrandeescolha.pt\/en\/wp-json\/wp\/v2\/product_brand?post=17397"},{"taxonomy":"product_cat","embeddable":true,"href":"https:\/\/garrafeiragrandeescolha.pt\/en\/wp-json\/wp\/v2\/product_cat?post=17397"},{"taxonomy":"product_tag","embeddable":true,"href":"https:\/\/garrafeiragrandeescolha.pt\/en\/wp-json\/wp\/v2\/product_tag?post=17397"}],"curies":[{"name":"wp","href":"https:\/\/api.w.org\/{rel}","templated":true}]}}