{"id":17705,"date":"2023-07-04T14:51:59","date_gmt":"2023-07-04T14:51:59","guid":{"rendered":"https:\/\/garrafeiragrandeescolha.pt\/?post_type=product&#038;p=17705"},"modified":"2023-07-04T15:36:37","modified_gmt":"2023-07-04T15:36:37","slug":"sao-luiz-reserva-branco-2020-75cl","status":"publish","type":"product","link":"https:\/\/garrafeiragrandeescolha.pt\/en\/product-2\/sao-luiz-reserva-branco-2020-75cl\/","title":{"rendered":"S\u00e3o Luiz Reserva White 2020 75cl"},"content":{"rendered":"<div>Quinta de S. Luiz is strategically located for the production of our wines. In the heart of the Cima Corgo sub-region, very close to Pinh\u00e3o, this historic Quinta is a reference in the Douro and it is precisely here that we decided to centralize our activity in the region. Adega Boutique de S\u00e3o Luiz is now equipped with the most modern winemaking technology, based on integrated and sustainable production.<\/div>\n<div>\n<div class=\"wpb_column vc_column_container vc_col-sm-12 vc_col-lg-4 vc_col-md-4\">\n<div class=\"vc_column-inner vc_custom_1495808692833\">\n<div class=\"wpb_wrapper\">\n<div class=\"wpb_text_column wpb_content_element small-text\">\n<div class=\"wpb_wrapper\">\n<p>Innovation combined with the traditional way of doing things has allowed us to evolve and maintain the personality of these lands, which over the years have seen several changes. The construction of the Baga\u00faste Dam and the consequent rise in water levels meant that part of the original area of Quinta de S. Luiz became submerged.<\/p>\n<\/div>\n<\/div>\n<\/div>\n<\/div>\n<\/div>\n<div class=\"wpb_column vc_column_container vc_col-sm-12 vc_col-lg-4 vc_col-md-4\">\n<div class=\"vc_column-inner vc_custom_1495808700007\">\n<div class=\"wpb_wrapper\">\n<div class=\"wpb_text_column wpb_content_element small-text\">\n<div class=\"wpb_wrapper\">\n<p>The solution involved the acquisition of contiguous properties, such as Quinta da Mesquita (1972), Quinta da Lobata (1974), Quinta da Alegria (1982) and Quinta da Galeira (1987). The Quinta currently covers 125ha, 90 of which are planted with vines, including old vines that produce fruit for our premium wines.<\/p>\n<\/div>\n<\/div>\n<\/div>\n<\/div>\n<\/div>\n<\/div>","protected":false},"excerpt":{"rendered":"<p>A vindima de Viosinho foi feita no final de agosto.\u00a0O Arinto e o Folgoz\u00e3o foram colhidos no in\u00edcio de setembro, \u00e0 m\u00e3o e diretamente em caixas de pequena capacidade.\u00a0Macera\u00e7\u00e3o com pel\u00edculas durante cerca de 10 horas, com fermenta\u00e7\u00e3o em barricas de carvalho franc\u00eas.\u00a0Amadurecido por 6 meses nas mesmas barricas com m\u00e9todo de b\u00e2tonnage.<\/p>\n<p>Um not\u00e1vel nariz opulento de frutas tropicais e notas sutis de fuma\u00e7a do barril de madeira.\u00a0Marcante no paladar pelo equil\u00edbrio perfeito entre cremosidade e acidez.\u00a0Um vinho envolvente e persistente.<\/p>","protected":false},"featured_media":17708,"template":"","meta":{"_exactmetrics_skip_tracking":false,"_exactmetrics_sitenote_active":false,"_exactmetrics_sitenote_note":"","_exactmetrics_sitenote_category":0,"_uf_show_specific_survey":0,"_uf_disable_surveys":false,"iawp_total_views":30},"product_brand":[],"product_cat":[157,185,188],"product_tag":[],"class_list":{"0":"post-17705","1":"product","2":"type-product","3":"status-publish","4":"has-post-thumbnail","6":"product_cat-vinhos","7":"product_cat-branco","8":"product_cat-douro-branco","10":"first","11":"instock","12":"shipping-taxable","13":"purchasable","14":"product-type-simple"},"_links":{"self":[{"href":"https:\/\/garrafeiragrandeescolha.pt\/en\/wp-json\/wp\/v2\/product\/17705","targetHints":{"allow":["GET"]}}],"collection":[{"href":"https:\/\/garrafeiragrandeescolha.pt\/en\/wp-json\/wp\/v2\/product"}],"about":[{"href":"https:\/\/garrafeiragrandeescolha.pt\/en\/wp-json\/wp\/v2\/types\/product"}],"wp:featuredmedia":[{"embeddable":true,"href":"https:\/\/garrafeiragrandeescolha.pt\/en\/wp-json\/wp\/v2\/media\/17708"}],"wp:attachment":[{"href":"https:\/\/garrafeiragrandeescolha.pt\/en\/wp-json\/wp\/v2\/media?parent=17705"}],"wp:term":[{"taxonomy":"product_brand","embeddable":true,"href":"https:\/\/garrafeiragrandeescolha.pt\/en\/wp-json\/wp\/v2\/product_brand?post=17705"},{"taxonomy":"product_cat","embeddable":true,"href":"https:\/\/garrafeiragrandeescolha.pt\/en\/wp-json\/wp\/v2\/product_cat?post=17705"},{"taxonomy":"product_tag","embeddable":true,"href":"https:\/\/garrafeiragrandeescolha.pt\/en\/wp-json\/wp\/v2\/product_tag?post=17705"}],"curies":[{"name":"wp","href":"https:\/\/api.w.org\/{rel}","templated":true}]}}