{"id":17938,"date":"2023-10-18T07:27:20","date_gmt":"2023-10-18T07:27:20","guid":{"rendered":"https:\/\/garrafeiragrandeescolha.pt\/?post_type=product&#038;p=17938"},"modified":"2025-12-20T15:37:52","modified_gmt":"2025-12-20T15:37:52","slug":"cartuxa-tinto-2019-75cl","status":"publish","type":"product","link":"https:\/\/garrafeiragrandeescolha.pt\/en\/product-2\/cartuxa-tinto-2019-75cl\/","title":{"rendered":"Cartuxa Tinto 2021 75cl"},"content":{"rendered":"<p><img decoding=\"async\" class=\"size-medium wp-image-15182 aligncenter\" src=\"http:\/\/garrafeiragrandeescolha.pt\/wp-content\/uploads\/2022\/02\/cartuxa-logo-300x97.png\" alt=\"\" width=\"300\" height=\"97\" srcset=\"https:\/\/garrafeiragrandeescolha.pt\/wp-content\/uploads\/2022\/02\/cartuxa-logo-300x97.png 300w, https:\/\/garrafeiragrandeescolha.pt\/wp-content\/uploads\/2022\/02\/cartuxa-logo.png 332w\" sizes=\"(max-width: 300px) 100vw, 300px\" \/><\/p>\n<p>Behind Adega Cartuxa is a large family, the Eug\u00e9nio de Almeida family. Let&#039;s go back to 1913, the year in which Vasco Maria was born, into one of the most influential families of the 19th century. Born in Lisbon, he soon established ties with \u00c9vora and Alentejo, where the family had an extensive heritage. Vasco Maria always considered people as the most valuable variable around which he organized all his efforts. Among them, the revitalization of wine-growing activity and the investment in the planting of a vast area of olive groves just a few kilometers from \u00c9vora stand out, which resulted in the wines and olive oils still produced today.<\/p>","protected":false},"excerpt":{"rendered":"<p>Vinifica\u00e7\u00e3o do Vinho Cartuxa DOC Tinto: produzido a partir das castas Aragonez, Alicante Bouschet e Trincadeira, plantadas nas vinhas de Funda\u00e7\u00e3o Eug\u00e9nio de Almeida. Quando as uvas atingem o estado de matura\u00e7\u00e3o ideal, s\u00e3o colhidas e transportadas para a adega, onde se inicia o processo tecnol\u00f3gico com desengace total e ligeiro esmagamento. Em seguida, as uvas s\u00e3o fermentadas separadamente, em cubas de inox, \u00e0 temperatura de 27\u00ba, a que se segue matura\u00e7\u00e3o p\u00f3s-fermentiva prolongada.<\/p>\n<p>Estagiou 12 meses em ton\u00e9is e barricas de carvalho franc\u00eas e 6 meses em garrafa.<\/p>","protected":false},"featured_media":15902,"template":"","meta":{"_exactmetrics_skip_tracking":false,"_exactmetrics_sitenote_active":false,"_exactmetrics_sitenote_note":"","_exactmetrics_sitenote_category":0,"_uf_show_specific_survey":0,"_uf_disable_surveys":false,"iawp_total_views":29},"product_brand":[],"product_cat":[207,184,157],"product_tag":[],"class_list":{"0":"post-17938","1":"product","2":"type-product","3":"status-publish","4":"has-post-thumbnail","6":"product_cat-alentejo","7":"product_cat-tinto","8":"product_cat-vinhos","10":"first","11":"instock","12":"shipping-taxable","13":"purchasable","14":"product-type-simple"},"_links":{"self":[{"href":"https:\/\/garrafeiragrandeescolha.pt\/en\/wp-json\/wp\/v2\/product\/17938","targetHints":{"allow":["GET"]}}],"collection":[{"href":"https:\/\/garrafeiragrandeescolha.pt\/en\/wp-json\/wp\/v2\/product"}],"about":[{"href":"https:\/\/garrafeiragrandeescolha.pt\/en\/wp-json\/wp\/v2\/types\/product"}],"wp:featuredmedia":[{"embeddable":true,"href":"https:\/\/garrafeiragrandeescolha.pt\/en\/wp-json\/wp\/v2\/media\/15902"}],"wp:attachment":[{"href":"https:\/\/garrafeiragrandeescolha.pt\/en\/wp-json\/wp\/v2\/media?parent=17938"}],"wp:term":[{"taxonomy":"product_brand","embeddable":true,"href":"https:\/\/garrafeiragrandeescolha.pt\/en\/wp-json\/wp\/v2\/product_brand?post=17938"},{"taxonomy":"product_cat","embeddable":true,"href":"https:\/\/garrafeiragrandeescolha.pt\/en\/wp-json\/wp\/v2\/product_cat?post=17938"},{"taxonomy":"product_tag","embeddable":true,"href":"https:\/\/garrafeiragrandeescolha.pt\/en\/wp-json\/wp\/v2\/product_tag?post=17938"}],"curies":[{"name":"wp","href":"https:\/\/api.w.org\/{rel}","templated":true}]}}