{"id":18046,"date":"2023-10-31T09:31:33","date_gmt":"2023-10-31T09:31:33","guid":{"rendered":"https:\/\/garrafeiragrandeescolha.pt\/?post_type=product&#038;p=18046"},"modified":"2025-03-19T12:23:36","modified_gmt":"2025-03-19T12:23:36","slug":"aguardente-crf-reserva-70cl","status":"publish","type":"product","link":"https:\/\/garrafeiragrandeescolha.pt\/en\/product-2\/aguardente-crf-reserva-70cl\/","title":{"rendered":"CR&amp;F Reserve Brandy 70cl"},"content":{"rendered":"<p><img decoding=\"async\" class=\"size-full wp-image-16774 aligncenter\" src=\"http:\/\/garrafeiragrandeescolha.pt\/wp-content\/uploads\/2022\/04\/LOGO-CRF-1.png\" alt=\"\" width=\"160\" height=\"108\" srcset=\"https:\/\/garrafeiragrandeescolha.pt\/wp-content\/uploads\/2022\/04\/LOGO-CRF-1.png 160w, https:\/\/garrafeiragrandeescolha.pt\/wp-content\/uploads\/2022\/04\/LOGO-CRF-1-18x12.png 18w\" sizes=\"(max-width: 160px) 100vw, 160px\" \/><\/p>\n<p>The CR&amp;F legacy began in 1895, when Francisco Ribeiro de Carvalho, became an exporter of wines and spirits, at his facilities in Ginjal (Almada\/Lisbon).<\/p>\n<p>At first, still with some fear as it was an absolutely unknown company, the first sales of wines were to African markets, with Ambriz being the first port chosen for its exports.<\/p>\n<p>The care he put into his work, the honesty of his processes and the perfect fulfillment of his obligations quickly made his fears disappear, and this enterprising man saw his name respected and his transactions multiplied.<\/p>","protected":false},"excerpt":{"rendered":"<p>O legado CR&amp;F come\u00e7ou em 1895, quando Francisco Ribeiro de Carvalho, se tornou exportador de vinhos e aguardentes, nas suas instala\u00e7\u00f5es no Ginjal (Almada\/Lisboa). No in\u00edcio, ainda com algum receio por ser uma empresa absolutamente desconhecida, as primeiras vendas de vinhos s\u00e3o para os mercados africanos, sendo Ambriz o primeiro porto que escolheu para as [&hellip;]<\/p>","protected":false},"featured_media":18047,"template":"","meta":{"_exactmetrics_skip_tracking":false,"_exactmetrics_sitenote_active":false,"_exactmetrics_sitenote_note":"","_exactmetrics_sitenote_category":0,"_uf_show_specific_survey":0,"_uf_disable_surveys":false,"iawp_total_views":184},"product_brand":[],"product_cat":[158,180],"product_tag":[],"class_list":{"0":"post-18046","1":"product","2":"type-product","3":"status-publish","4":"has-post-thumbnail","6":"product_cat-espirituosos","7":"product_cat-aguardente","9":"first","10":"instock","11":"shipping-taxable","12":"purchasable","13":"product-type-simple"},"_links":{"self":[{"href":"https:\/\/garrafeiragrandeescolha.pt\/en\/wp-json\/wp\/v2\/product\/18046","targetHints":{"allow":["GET"]}}],"collection":[{"href":"https:\/\/garrafeiragrandeescolha.pt\/en\/wp-json\/wp\/v2\/product"}],"about":[{"href":"https:\/\/garrafeiragrandeescolha.pt\/en\/wp-json\/wp\/v2\/types\/product"}],"wp:featuredmedia":[{"embeddable":true,"href":"https:\/\/garrafeiragrandeescolha.pt\/en\/wp-json\/wp\/v2\/media\/18047"}],"wp:attachment":[{"href":"https:\/\/garrafeiragrandeescolha.pt\/en\/wp-json\/wp\/v2\/media?parent=18046"}],"wp:term":[{"taxonomy":"product_brand","embeddable":true,"href":"https:\/\/garrafeiragrandeescolha.pt\/en\/wp-json\/wp\/v2\/product_brand?post=18046"},{"taxonomy":"product_cat","embeddable":true,"href":"https:\/\/garrafeiragrandeescolha.pt\/en\/wp-json\/wp\/v2\/product_cat?post=18046"},{"taxonomy":"product_tag","embeddable":true,"href":"https:\/\/garrafeiragrandeescolha.pt\/en\/wp-json\/wp\/v2\/product_tag?post=18046"}],"curies":[{"name":"wp","href":"https:\/\/api.w.org\/{rel}","templated":true}]}}