{"id":18171,"date":"2023-11-12T18:17:41","date_gmt":"2023-11-12T18:17:41","guid":{"rendered":"https:\/\/garrafeiragrandeescolha.pt\/?post_type=product&#038;p=18171"},"modified":"2023-11-12T18:23:25","modified_gmt":"2023-11-12T18:23:25","slug":"porto-warres-great-harvest-1992-75cl","status":"publish","type":"product","link":"https:\/\/garrafeiragrandeescolha.pt\/en\/product-2\/porto-warres-great-harvest-1992-75cl\/","title":{"rendered":"Porto Warre&#039;s Otima Colheita 1992 75cl"},"content":{"rendered":"<p><img decoding=\"async\" class=\"size-full wp-image-16865 aligncenter\" src=\"http:\/\/garrafeiragrandeescolha.pt\/wp-content\/uploads\/2022\/11\/warres-logo.png\" alt=\"\" width=\"190\" height=\"144\" srcset=\"https:\/\/garrafeiragrandeescolha.pt\/wp-content\/uploads\/2022\/11\/warres-logo.png 190w, https:\/\/garrafeiragrandeescolha.pt\/wp-content\/uploads\/2022\/11\/warres-logo-16x12.png 16w\" sizes=\"(max-width: 190px) 100vw, 190px\" \/>For 350 years, Warre&#039;s has been a pioneer in the Port wine trade, from winery advancements to viticultural research. It was one of the first Port wine houses to build an inn in Vila Nova de Gaia in the 18th century, where \u2013 even today \u2013 its wines age undisturbed until the moment of bottling.<br \/>\nThis pioneering spirit, combined with a deep respect for heritage and tradition, forms a unique combination that places Warre&#039;s firmly at the center of the history of the Port trade as it celebrates its 350th anniversary.<\/p>\n<p>Warre&#039;s is synonymous with the history of the English in Porto. Not only did William Warre serve as British Consul in Porto, but his famous descendant (another William Warre) fought as an officer in the Peninsular War against Napoleon under the command of the Duke of Wellington, whom he also kept supplied with Port Wine. The Symington family, 5th generation Port wine producers, have run Warre&#039;s for over 100 years and continue to drive it forward today.<\/p>","protected":false},"excerpt":{"rendered":"<p>Por 350 anos, a Warre&#8217;s tem sido pioneira no com\u00e9rcio de vinho do Porto, desde avan\u00e7os na vin\u00edcola at\u00e9 pesquisas vit\u00edcolas.\u00a0Foi uma das primeiras casas de Vinho do Porto a construir uma estalagem em Vila Nova de Gaia no s\u00e9culo XVIII, onde \u2013 ainda hoje \u2013 os seus vinhos envelhecem sem perturba\u00e7\u00f5es at\u00e9 ao momento [&hellip;]<\/p>","protected":false},"featured_media":18172,"template":"","meta":{"_exactmetrics_skip_tracking":false,"_exactmetrics_sitenote_active":false,"_exactmetrics_sitenote_note":"","_exactmetrics_sitenote_category":0,"_uf_show_specific_survey":0,"_uf_disable_surveys":false,"iawp_total_views":29},"product_brand":[],"product_cat":[159,167],"product_tag":[],"class_list":{"0":"post-18171","1":"product","2":"type-product","3":"status-publish","4":"has-post-thumbnail","6":"product_cat-portos","7":"product_cat-colheita","9":"first","10":"instock","11":"shipping-taxable","12":"purchasable","13":"product-type-simple"},"_links":{"self":[{"href":"https:\/\/garrafeiragrandeescolha.pt\/en\/wp-json\/wp\/v2\/product\/18171","targetHints":{"allow":["GET"]}}],"collection":[{"href":"https:\/\/garrafeiragrandeescolha.pt\/en\/wp-json\/wp\/v2\/product"}],"about":[{"href":"https:\/\/garrafeiragrandeescolha.pt\/en\/wp-json\/wp\/v2\/types\/product"}],"wp:featuredmedia":[{"embeddable":true,"href":"https:\/\/garrafeiragrandeescolha.pt\/en\/wp-json\/wp\/v2\/media\/18172"}],"wp:attachment":[{"href":"https:\/\/garrafeiragrandeescolha.pt\/en\/wp-json\/wp\/v2\/media?parent=18171"}],"wp:term":[{"taxonomy":"product_brand","embeddable":true,"href":"https:\/\/garrafeiragrandeescolha.pt\/en\/wp-json\/wp\/v2\/product_brand?post=18171"},{"taxonomy":"product_cat","embeddable":true,"href":"https:\/\/garrafeiragrandeescolha.pt\/en\/wp-json\/wp\/v2\/product_cat?post=18171"},{"taxonomy":"product_tag","embeddable":true,"href":"https:\/\/garrafeiragrandeescolha.pt\/en\/wp-json\/wp\/v2\/product_tag?post=18171"}],"curies":[{"name":"wp","href":"https:\/\/api.w.org\/{rel}","templated":true}]}}