{"id":18177,"date":"2023-11-12T18:40:40","date_gmt":"2023-11-12T18:40:40","guid":{"rendered":"https:\/\/garrafeiragrandeescolha.pt\/?post_type=product&#038;p=18177"},"modified":"2025-07-23T14:50:53","modified_gmt":"2025-07-23T14:50:53","slug":"porto-vista-alegre-colheita-2011-75cl","status":"publish","type":"product","link":"https:\/\/garrafeiragrandeescolha.pt\/en\/product-2\/porto-vista-alegre-colheita-2011-75cl\/","title":{"rendered":"Porto Vista Alegre Harvest 2011 75cl"},"content":{"rendered":"<p><img decoding=\"async\" class=\"size-medium wp-image-15060 aligncenter\" src=\"http:\/\/garrafeiragrandeescolha.pt\/wp-content\/uploads\/2022\/02\/vallegre-logo-300x77.png\" alt=\"\" width=\"300\" height=\"77\" srcset=\"https:\/\/garrafeiragrandeescolha.pt\/wp-content\/uploads\/2022\/02\/vallegre-logo-300x77.png 300w, https:\/\/garrafeiragrandeescolha.pt\/wp-content\/uploads\/2022\/02\/vallegre-logo.png 512w\" sizes=\"(max-width: 300px) 100vw, 300px\" \/><\/p>\n<p>VALLEGRE \u2013 Vinhos do Porto, SA, is a Portuguese company with a centuries-old tradition that has embraced the continuity of a family business for five generations \u2013 shareholders and managers represent the 5th generation of a family of winegrowers from the Douro region. Producer and exporter of Port Wines, DOC Douro and DOC Moscatel do Douro Wines, of high quality and prestige, highlights not only the results of expansion and modernization over the years but also the preservation of ancestral wisdom from the ground up familiar.<\/p>\n<p>Its headquarters are at Quinta da Vista Alegre, located in the heart of the oldest Demarcated Wine Region in the world \u2013 Douro Demarcated Region \u2013 and is located in the Cima Corgo sub-region, a few kilometers from Pinh\u00e3o. Bucolic space with an immersive and superb landscape given its privileged geographical location that provides visitors with a beautiful view of the Douro River.<\/p>\n<p><span class=\"texto\">Of enormous natural beauty, its corners are characterized by points of interest, a perfect harmony with nature perpetuated in memory through the sharpening of the senses of the eye \u2013 unique pleasures of the taste for rurality, the landscape and nature itself.<\/span><\/p>\n<p>The history of this farm&#039;s vineyards in wine production is admittedly distant, prior to the 19th century. This is the conclusion that can be inferred from books specializing in vine typologies and from some abandoned terraces \u2013 the mortorios.<\/p>\n<p>At the beginning of the 1970s, the company transformed from an individual company into a public limited company, called Sociedade Agr\u00edcola Barros SA at the time. In May 1998, the Company changed its corporate name to VALLEGRE - Vinhos do Porto, SA, resulting from the combination of the names of its two most important Quintas \u2013 Valle Longo and Vista Alegre \u2013 maintaining, however, its markedly familiar nature and which unites five generations.<\/p>\n<p>Their primary objective is to produce Protected Designation of Origin Wines: DOC Porto, DOC Douro and DOC Moscatel do Douro of the highest quality and national and international prestige. Today, its wines are sold and appreciated in more than twenty-seven countries, and the numerous awards and distinctions received in various International Competitions attest to the excellence of our quality.<\/p>","protected":false},"excerpt":{"rendered":"<p>A VALLEGRE &#8211; Vinhos do Porto, S.A., \u00e9 uma empresa portuguesa com tradi\u00e7\u00e3o secular que abra\u00e7a desde h\u00e1 cinco gera\u00e7\u00f5es a continuidade de um neg\u00f3cio familiar &#8211; accionistas e gestores representam a 5\u00aa gera\u00e7\u00e3o de uma fam\u00edlia de viticultores oriundos da regi\u00e3o do Douro.\u00a0Produtora e exportadora de Vinhos do Porto, Vinhos DOC Douro e DOC [&hellip;]<\/p>","protected":false},"featured_media":18178,"template":"","meta":{"_exactmetrics_skip_tracking":false,"_exactmetrics_sitenote_active":false,"_exactmetrics_sitenote_note":"","_exactmetrics_sitenote_category":0,"_uf_show_specific_survey":0,"_uf_disable_surveys":false,"iawp_total_views":58},"product_brand":[],"product_cat":[159,167],"product_tag":[],"class_list":{"0":"post-18177","1":"product","2":"type-product","3":"status-publish","4":"has-post-thumbnail","6":"product_cat-portos","7":"product_cat-colheita","9":"first","10":"instock","11":"shipping-taxable","12":"purchasable","13":"product-type-simple"},"_links":{"self":[{"href":"https:\/\/garrafeiragrandeescolha.pt\/en\/wp-json\/wp\/v2\/product\/18177","targetHints":{"allow":["GET"]}}],"collection":[{"href":"https:\/\/garrafeiragrandeescolha.pt\/en\/wp-json\/wp\/v2\/product"}],"about":[{"href":"https:\/\/garrafeiragrandeescolha.pt\/en\/wp-json\/wp\/v2\/types\/product"}],"wp:featuredmedia":[{"embeddable":true,"href":"https:\/\/garrafeiragrandeescolha.pt\/en\/wp-json\/wp\/v2\/media\/18178"}],"wp:attachment":[{"href":"https:\/\/garrafeiragrandeescolha.pt\/en\/wp-json\/wp\/v2\/media?parent=18177"}],"wp:term":[{"taxonomy":"product_brand","embeddable":true,"href":"https:\/\/garrafeiragrandeescolha.pt\/en\/wp-json\/wp\/v2\/product_brand?post=18177"},{"taxonomy":"product_cat","embeddable":true,"href":"https:\/\/garrafeiragrandeescolha.pt\/en\/wp-json\/wp\/v2\/product_cat?post=18177"},{"taxonomy":"product_tag","embeddable":true,"href":"https:\/\/garrafeiragrandeescolha.pt\/en\/wp-json\/wp\/v2\/product_tag?post=18177"}],"curies":[{"name":"wp","href":"https:\/\/api.w.org\/{rel}","templated":true}]}}