{"id":18200,"date":"2023-11-18T10:58:25","date_gmt":"2023-11-18T10:58:25","guid":{"rendered":"https:\/\/garrafeiragrandeescolha.pt\/?post_type=product&#038;p=18200"},"modified":"2024-10-24T17:56:50","modified_gmt":"2024-10-24T17:56:50","slug":"velharia-tinto-2017-75cl","status":"publish","type":"product","link":"https:\/\/garrafeiragrandeescolha.pt\/en\/product-2\/velharia-tinto-2017-75cl\/","title":{"rendered":"Velharia Red 2017 75cl"},"content":{"rendered":"<p><img decoding=\"async\" class=\"size-full wp-image-18197 aligncenter\" src=\"http:\/\/garrafeiragrandeescolha.pt\/wp-content\/uploads\/2023\/11\/logo-labrugeira.png\" alt=\"\" width=\"128\" height=\"37\" srcset=\"https:\/\/garrafeiragrandeescolha.pt\/wp-content\/uploads\/2023\/11\/logo-labrugeira.png 128w, https:\/\/garrafeiragrandeescolha.pt\/wp-content\/uploads\/2023\/11\/logo-labrugeira-18x5.png 18w\" sizes=\"(max-width: 128px) 100vw, 128px\" \/><\/p>\n<p class=\"content-about\">Os vinhos do alto concelho de Alenquer s\u00e3o referidos em v\u00e1rios escritos ao longo de s\u00e9culos, pela sua qualidade e pelo facto de serem vinhos escolhidos para servirem a Casa Real Portuguesa e para outras casas distintas.No entanto, foi no s\u00e9culo XIX que\u00a0Camilo Castelo Branco no seu livro \u201cA filha do Regicida\u201d p\u00e1gina 131 refere: \u201c \u2026 e saindo pelos mo\u00ednhos de vento, pelo vale da Anunciada at\u00e9 Andaluzes, isso \u00e9 que \u00e9 lindo, principalmente se um homem lan\u00e7ou a fateixa na tasca do vesgo e com duas m\u00e3os de carneiro, faz lastro a dois tragos bons de vinho da Labrugeira. S\u00e3o os meus passeios ao Domingo\u201d.<\/p>\n<p class=\"content-about\">Assim se prova que desde sempre os vinhos da Labrugeira eram conhecidos e apreciados. Foi por\u00e9m em 1973, que um grupo de 85 viticultores do Alto Concelho de Alenquer, na aldeia da Labrugeira, se uniram e organizaram numa \u00fanica adega \u2013 Adega Cooperativa da Labrugeira. Assim se deu um grande passo para potencializar a boa qualidade das uvas para a produ\u00e7\u00e3o de grandes vinhos da regi\u00e3o. A pouco e pouco se foram juntando novos associados com vinhas situadas na zona norte do concelho de Alenquer, no sop\u00e9 sul e oeste da serra de Montejunto, com uma \u00e1rea de influ\u00eancia que cobre as freguesias de Ventosa, Olhalvo, Cabanas de Torres e Abrigada e Vila Verde dos Francos.<\/p>\n<p class=\"content-about\">Esta regi\u00e3o de meias encostas, com terrenos argilo-calc\u00e1reos e protegida do clima mar\u00edtimo da zona litoral oeste, pelas serras que seguem por Vila Verde dos Francos e serra de S. Juli\u00e3o, produz grandes vinhos tintos e brancos com boa estrutura e gradua\u00e7\u00e3o acima da m\u00e9dia geral. Desde a sua funda\u00e7\u00e3o at\u00e9 hoje, a Adega tem vindo a obter centenas de pr\u00e9mios e distin\u00e7\u00f5es, nacionais e internacionais, nomeadamente em 1990 quando foi distinguida com o 1\u00ba Pr\u00e9mio no Concurso Nacional de Vinhos da Junta Nacional do Vinho, com o vinho tinto colheita 1990, concurso que premiava a n\u00edvel nacional apenas tr\u00eas vinhos tintos e tr\u00eas brancos. Desde ent\u00e3o, a Adega recebeu centenas de medalhas de ouro, prata e bronze em concursos nacionais e internacionais, nomeadamente no Concurso de Vinhos de Lisboa, Concurso do Cr\u00e9dito Agr\u00edcola, Concurso do Festival Nacional de Vinho e nos Concursos da Viniportugal. Em 2020 recebeu uma medalha de ouro em Fran\u00e7a, na Vinalies Internationales-\u201dConcours des Enologues de France\u201d com o vinho \u201cVelharia\u201d Reserva 2014.<\/p>\n<p class=\"content-about\">Actualmente a Adega da Labrugeira comercializa uma vasta gama de vinhos engarrafados e acondicionados, brancos, tintos, ros\u00e9s, vinhos leves, aguardentes bagaceiras e vinho espumante, com a certifica\u00e7\u00e3o Regional Lisboa (IGP) e DOP Alenquer. Distribui no mercado portugu\u00eas, no mercado Europeu e exporta para Pa\u00edses Terceiros. A sua produ\u00e7\u00e3o anual cifra-se em cerca de 4 milh\u00f5es de litros.<\/p>","protected":false},"excerpt":{"rendered":"<p>Castas: Syrah<\/p>\n<p><span class=\"VIpgJd-yAWNEb-VIpgJd-fmcmS-sn54Q\">Nariz:<\/span><span class=\"VIpgJd-yAWNEb-VIpgJd-fmcmS-sn54Q\">\u00a0Aroma complexo a frutos vermelhos e especiarias<\/span><br \/>\n<span class=\"VIpgJd-yAWNEb-VIpgJd-fmcmS-sn54Q\">Color:<\/span><span class=\"VIpgJd-yAWNEb-VIpgJd-fmcmS-sn54Q\">\u00a0Cor granada<\/span><br \/>\n<span class=\"VIpgJd-yAWNEb-VIpgJd-fmcmS-sn54Q\">Paladar:<\/span><span class=\"VIpgJd-yAWNEb-VIpgJd-fmcmS-sn54Q\">\u00a0Encorpado, macio e persistente.<\/span><br \/>\nVinifica\u00e7\u00e3o:\u00a0Vinifica\u00e7\u00e3o cl\u00e1ssica, macera\u00e7\u00e3o com curtimenta, em cubas de inox e temperatura de fermenta\u00e7\u00e3o controlada.<br \/>\nEnvelhecimento:\u00a01 ano em barricas de carvalho franc\u00eas e carvalho americano.<br \/>\nHarmoniza\u00e7\u00e3o:<span>\u00a0Excelente vinho para acompanhar carnes vermelhas, carnes maturadas e alguns queijos de sabor mais intenso.<\/span><\/p>","protected":false},"featured_media":18201,"template":"","meta":{"_exactmetrics_skip_tracking":false,"_exactmetrics_sitenote_active":false,"_exactmetrics_sitenote_note":"","_exactmetrics_sitenote_category":0,"_uf_show_specific_survey":0,"_uf_disable_surveys":false,"iawp_total_views":144},"product_brand":[],"product_cat":[157,184,210],"product_tag":[],"class_list":{"0":"post-18200","1":"product","2":"type-product","3":"status-publish","4":"has-post-thumbnail","6":"product_cat-vinhos","7":"product_cat-tinto","8":"product_cat-lisboa","10":"first","11":"instock","12":"shipping-taxable","13":"purchasable","14":"product-type-simple"},"_links":{"self":[{"href":"https:\/\/garrafeiragrandeescolha.pt\/en\/wp-json\/wp\/v2\/product\/18200","targetHints":{"allow":["GET"]}}],"collection":[{"href":"https:\/\/garrafeiragrandeescolha.pt\/en\/wp-json\/wp\/v2\/product"}],"about":[{"href":"https:\/\/garrafeiragrandeescolha.pt\/en\/wp-json\/wp\/v2\/types\/product"}],"wp:featuredmedia":[{"embeddable":true,"href":"https:\/\/garrafeiragrandeescolha.pt\/en\/wp-json\/wp\/v2\/media\/18201"}],"wp:attachment":[{"href":"https:\/\/garrafeiragrandeescolha.pt\/en\/wp-json\/wp\/v2\/media?parent=18200"}],"wp:term":[{"taxonomy":"product_brand","embeddable":true,"href":"https:\/\/garrafeiragrandeescolha.pt\/en\/wp-json\/wp\/v2\/product_brand?post=18200"},{"taxonomy":"product_cat","embeddable":true,"href":"https:\/\/garrafeiragrandeescolha.pt\/en\/wp-json\/wp\/v2\/product_cat?post=18200"},{"taxonomy":"product_tag","embeddable":true,"href":"https:\/\/garrafeiragrandeescolha.pt\/en\/wp-json\/wp\/v2\/product_tag?post=18200"}],"curies":[{"name":"wp","href":"https:\/\/api.w.org\/{rel}","templated":true}]}}