{"id":18242,"date":"2023-11-22T23:38:46","date_gmt":"2023-11-22T23:38:46","guid":{"rendered":"https:\/\/garrafeiragrandeescolha.pt\/?post_type=product&#038;p=18242"},"modified":"2024-10-22T14:17:24","modified_gmt":"2024-10-22T14:17:24","slug":"cistus-grande-reserva-tinto-2019-75cl","status":"publish","type":"product","link":"https:\/\/garrafeiragrandeescolha.pt\/en\/product-2\/cistus-grande-reserva-tinto-2019-75cl\/","title":{"rendered":"Cistus Grande Reserva Tinto 2019 75cl"},"content":{"rendered":"<p><img fetchpriority=\"high\" decoding=\"async\" class=\"size-full wp-image-18238 aligncenter\" src=\"http:\/\/garrafeiragrandeescolha.pt\/wp-content\/uploads\/2023\/11\/vale-da-perdiz-logo.png\" alt=\"\" width=\"300\" height=\"176\" srcset=\"https:\/\/garrafeiragrandeescolha.pt\/wp-content\/uploads\/2023\/11\/vale-da-perdiz-logo.png 300w, https:\/\/garrafeiragrandeescolha.pt\/wp-content\/uploads\/2023\/11\/vale-da-perdiz-logo-18x12.png 18w\" sizes=\"(max-width: 300px) 100vw, 300px\" \/><\/p>\n<p>Quinta do Vale da Perdiz is located in the heart of the Douro Superior, close to Torre de Moncorvo. The Quinta&#039;s fourteen hectares of vineyards are arranged on terraces on both sides of the valley that gives it its name.<\/p>\n<p>Quinta do Vale da Perdiz is located in the heart of the Douro Superior, close to Torre de Moncorvo. The Quinta&#039;s fourteen hectares of vineyards are arranged on terraces on both sides of the valley that gives it its name. In the vineyard, planted in schist land, with exposure to the south, north and east, there are the traditional noble grape varieties of the demarcated Douro region: Touriga Nacional, Touriga Franca, Tinta Roriz and Tinta Barroca.<\/p>\n<p>The beauty and charm that the Douro emanates are undeniable. The entire natural landscape of the Douro Valley, classified as World Heritage, can be seen up close and in the most varied ways. The climate characteristics of the region promote the quality and unmistakable flavor of Cistus.<\/p>","protected":false},"excerpt":{"rendered":"<p>Grapes: Touriga Franca (65%), Tinta Roriz (31%) and Touriga Nacional (4%).<\/p>\n<p>A vinifica\u00e7\u00e3o foi feita em cubas de a\u00e7o inox com controlo de temperatura. Depois de uma macera\u00e7\u00e3o p\u00f3s fermentativa, o vinho foi submetido a est\u00e1gio. Colado com claras de ovo, e ap\u00f3s uma ligeira filtra\u00e7\u00e3o, o lote foi engarrafado em 24 de maio de 2021.<\/p>\n<p>EST\u00c1GIO: 19 meses em barricas novas de carvalho franc\u00eas.<\/p>\n<header class=\"entry-content-header\">\n<header class=\"entry-content-header\">Pr\u00e9mios \/ Colheita 2000:<br \/>\n\u2022 Concurso Int. de Vinhos Cidade do Porto 2002 \u2013 Medalha de Prata<br \/>\n\u2022 International Wine Challenge 2002 \u2013 Medalha de Prata<br \/>\n\u2022 Vinalies Internationales 2003 \u2013 Medalha de Prata<br \/>\n\u2022 Challenge International du Vin 2003 \u2013 Medalha de BronzePr\u00e9mios \/ Colheita 2001:<br \/>\n\u2022 International Wine &amp; Spirit Competition 2003 \u2013 Comenda<br \/>\n\u2022 International Wine Challenge 2003 \u2013 Medalha de PrataPr\u00e9mios \/ Colheita 2003:<br \/>\n\u2022 Vinalies Internationales 2006 \u2013 Medalha de Prata<br \/>\n\u2022 International Wine Challenge 2006 \u2013 Selo de Aprova\u00e7\u00e3oPr\u00e9mios \/ Colheita 2004:<br \/>\n\u2022 International Wine &amp; Spirit Competition 2008 \u2013 Comenda<br \/>\n\u2022 International Wine Challenge 2008 \u2013 Medalha de PrataPr\u00e9mios \/ Colheita 2005:<br \/>\n\u2022 Vinalies Internationales 2010 \u2013 Medalha de Prata<br \/>\n\u2022 Decanter World Wine Awards 2010 \u2013 Medalha de BronzePr\u00e9mios \/ Colheita 2008:<br \/>\n\u2022 Challenge International du Vin 2012 \u2013 Medalha de Ouro<br \/>\n\u2022 Vinalies Internationales 2013 \u2013 Medalha de OuroPr\u00e9mios \/ Colheita 2009:<br \/>\n\u2022 Challenge International du Vin 2014 \u2013 Medalha de BronzePr\u00e9mios \/ Colheita 2011:<br \/>\n\u2022 Challenge International du Vin 2016 \u2013 Medalha de Ouro<br \/>\n\u2022 International Wine Challenge 2016 \u2013 Medalha de PrataPr\u00e9mios \/ Colheita 2013:<br \/>\n\u2022 International Wine Challenge 2017 \u2013 Medalha de PrataPr\u00e9mios \/ Colheita 2016:<br \/>\n\u2022 International Wine Challenge 2022 \u2013 Medalha de PrataPr\u00e9mios \/ Colheita 2019:<br \/>\n\u2022 International Wine Challenge 2022 \u2013 Medalha de Bronze<\/header>\n<\/header>","protected":false},"featured_media":18243,"template":"","meta":{"_exactmetrics_skip_tracking":false,"_exactmetrics_sitenote_active":false,"_exactmetrics_sitenote_note":"","_exactmetrics_sitenote_category":0,"_uf_show_specific_survey":0,"_uf_disable_surveys":false,"iawp_total_views":10},"product_brand":[],"product_cat":[157,184,215],"product_tag":[],"class_list":{"0":"post-18242","1":"product","2":"type-product","3":"status-publish","4":"has-post-thumbnail","6":"product_cat-vinhos","7":"product_cat-tinto","8":"product_cat-douro","10":"first","11":"instock","12":"shipping-taxable","13":"purchasable","14":"product-type-simple"},"_links":{"self":[{"href":"https:\/\/garrafeiragrandeescolha.pt\/en\/wp-json\/wp\/v2\/product\/18242","targetHints":{"allow":["GET"]}}],"collection":[{"href":"https:\/\/garrafeiragrandeescolha.pt\/en\/wp-json\/wp\/v2\/product"}],"about":[{"href":"https:\/\/garrafeiragrandeescolha.pt\/en\/wp-json\/wp\/v2\/types\/product"}],"wp:featuredmedia":[{"embeddable":true,"href":"https:\/\/garrafeiragrandeescolha.pt\/en\/wp-json\/wp\/v2\/media\/18243"}],"wp:attachment":[{"href":"https:\/\/garrafeiragrandeescolha.pt\/en\/wp-json\/wp\/v2\/media?parent=18242"}],"wp:term":[{"taxonomy":"product_brand","embeddable":true,"href":"https:\/\/garrafeiragrandeescolha.pt\/en\/wp-json\/wp\/v2\/product_brand?post=18242"},{"taxonomy":"product_cat","embeddable":true,"href":"https:\/\/garrafeiragrandeescolha.pt\/en\/wp-json\/wp\/v2\/product_cat?post=18242"},{"taxonomy":"product_tag","embeddable":true,"href":"https:\/\/garrafeiragrandeescolha.pt\/en\/wp-json\/wp\/v2\/product_tag?post=18242"}],"curies":[{"name":"wp","href":"https:\/\/api.w.org\/{rel}","templated":true}]}}