{"id":18729,"date":"2024-02-26T16:07:42","date_gmt":"2024-02-26T16:07:42","guid":{"rendered":"https:\/\/garrafeiragrandeescolha.pt\/?post_type=product&#038;p=18729"},"modified":"2025-01-15T09:56:36","modified_gmt":"2025-01-15T09:56:36","slug":"douscana-tinto-2020-75cl","status":"publish","type":"product","link":"https:\/\/garrafeiragrandeescolha.pt\/en\/product-2\/douscana-tinto-2020-75cl\/","title":{"rendered":"Douscana Tinto 2020 75cl"},"content":{"rendered":"","protected":false},"excerpt":{"rendered":"<p>50% Sangiovese\/Touriga Nacional. Muito perfeito de aroma, com barro h\u00famido, frutos do bosque, incluindo cerejas, framboesas e morangos, ervas arom\u00e1ticas, tostados. Fresco, com taninos suaves, corpo m\u00e9dio, tudo no s\u00edtio, leve e fragrante com muita estrutura, final longo, texturado, s\u00e9rio.<\/p>","protected":false},"featured_media":18730,"template":"","meta":{"_exactmetrics_skip_tracking":false,"_exactmetrics_sitenote_active":false,"_exactmetrics_sitenote_note":"","_exactmetrics_sitenote_category":0,"_uf_show_specific_survey":0,"_uf_disable_surveys":false,"iawp_total_views":35},"product_brand":[],"product_cat":[157,184,215],"product_tag":[],"class_list":{"0":"post-18729","1":"product","2":"type-product","3":"status-publish","4":"has-post-thumbnail","6":"product_cat-vinhos","7":"product_cat-tinto","8":"product_cat-douro","10":"first","11":"instock","12":"shipping-taxable","13":"purchasable","14":"product-type-simple"},"_links":{"self":[{"href":"https:\/\/garrafeiragrandeescolha.pt\/en\/wp-json\/wp\/v2\/product\/18729","targetHints":{"allow":["GET"]}}],"collection":[{"href":"https:\/\/garrafeiragrandeescolha.pt\/en\/wp-json\/wp\/v2\/product"}],"about":[{"href":"https:\/\/garrafeiragrandeescolha.pt\/en\/wp-json\/wp\/v2\/types\/product"}],"wp:featuredmedia":[{"embeddable":true,"href":"https:\/\/garrafeiragrandeescolha.pt\/en\/wp-json\/wp\/v2\/media\/18730"}],"wp:attachment":[{"href":"https:\/\/garrafeiragrandeescolha.pt\/en\/wp-json\/wp\/v2\/media?parent=18729"}],"wp:term":[{"taxonomy":"product_brand","embeddable":true,"href":"https:\/\/garrafeiragrandeescolha.pt\/en\/wp-json\/wp\/v2\/product_brand?post=18729"},{"taxonomy":"product_cat","embeddable":true,"href":"https:\/\/garrafeiragrandeescolha.pt\/en\/wp-json\/wp\/v2\/product_cat?post=18729"},{"taxonomy":"product_tag","embeddable":true,"href":"https:\/\/garrafeiragrandeescolha.pt\/en\/wp-json\/wp\/v2\/product_tag?post=18729"}],"curies":[{"name":"wp","href":"https:\/\/api.w.org\/{rel}","templated":true}]}}