{"id":18855,"date":"2024-04-02T18:22:21","date_gmt":"2024-04-02T18:22:21","guid":{"rendered":"https:\/\/garrafeiragrandeescolha.pt\/?post_type=product&#038;p=18855"},"modified":"2024-04-02T18:24:22","modified_gmt":"2024-04-02T18:24:22","slug":"hat-trick-red-2020-75cl","status":"publish","type":"product","link":"https:\/\/garrafeiragrandeescolha.pt\/en\/product-2\/hat-trick-red-2020-75cl\/","title":{"rendered":"Hat Trick Red 2020 75cl"},"content":{"rendered":"<p style=\"text-align: center;\"><img fetchpriority=\"high\" decoding=\"async\" class=\"alignnone size-medium wp-image-15518\" src=\"http:\/\/garrafeiragrandeescolha.pt\/wp-content\/uploads\/2020\/03\/casa-santos-lima-logo-300x300.jpg\" alt=\"\" width=\"300\" height=\"300\" srcset=\"https:\/\/garrafeiragrandeescolha.pt\/wp-content\/uploads\/2020\/03\/casa-santos-lima-logo-300x300.jpg 300w, https:\/\/garrafeiragrandeescolha.pt\/wp-content\/uploads\/2020\/03\/casa-santos-lima-logo-150x150.jpg 150w, https:\/\/garrafeiragrandeescolha.pt\/wp-content\/uploads\/2020\/03\/casa-santos-lima-logo-100x100.jpg 100w, https:\/\/garrafeiragrandeescolha.pt\/wp-content\/uploads\/2020\/03\/casa-santos-lima-logo.jpg 360w\" sizes=\"(max-width: 300px) 100vw, 300px\" \/><\/p>\n<p>Casa Santos Lima is a family company dedicated to the production, bottling and marketing of Portuguese wines. He works directly or indirectly in the regions of Lisbon, Algarve, Alentejo, Douro and Vinhos Verdes. In this way and from around 600 hectares of vineyards, the company produces wines known for their excellent quality\/price ratio and exports around 90% of its total production to close to 50 countries on 5 continents. Casa Santos Lima is also the largest producer of \u201cVinho Regional Lisboa\u201d and \u201cDOC Alenquer\u201d and in recent years has been one of the most awarded Portuguese producers in the main national and international wine competitions.<\/p>\n<p>Currently, the company&#039;s main facilities (offices, store and larger wine cellars) are located at Quinta da Boavista in Alenquer, just 45 km north of the city of Lisbon. This Quinta has belonged to the Santos Lima family for more than 4 generations and offers ideal conditions for the production of quality wine. Casa Santos Lima also has vineyards and its own winery located in Tavira in the Algarve and, through agreements and partnerships with other companies and producers, it also operates vineyards and wineries in the Alentejo, Douro and Vinhos Verdes regions.<br \/>\nCasa Santos Lima has a very broad wine portfolio, producing red, white, ros\u00e9, sparkling, sparkling, light and late harvest wines every year in 5 different regions. This varied range of options allows the company great dynamism in the national and international market and has allowed constant growth year after year. At the moment, Casa Santos Lima is responsible for the production of around 40% of all certified wine in the Lisbon Region and is one of the main exporters of Portuguese wine.<\/p>","protected":false},"excerpt":{"rendered":"<p>A Casa Santos Lima \u00e9 uma empresa familiar que se dedica \u00e0 produ\u00e7\u00e3o, engarrafamento e comercializa\u00e7\u00e3o de vinhos portugueses. Trabalha diretamente ou indiretamente nas regi\u00f5es de Lisboa, Algarve, Alentejo, Douro e Vinhos Verdes. Desta forma e a partir de cerca de 600 hectares de vinha, a empresa produz vinhos conhecidos pela sua excelente rela\u00e7\u00e3o qualidade\/pre\u00e7o [&hellip;]<\/p>","protected":false},"featured_media":18856,"template":"","meta":{"_exactmetrics_skip_tracking":false,"_exactmetrics_sitenote_active":false,"_exactmetrics_sitenote_note":"","_exactmetrics_sitenote_category":0,"_uf_show_specific_survey":0,"_uf_disable_surveys":false,"iawp_total_views":31},"product_brand":[],"product_cat":[157,184,207],"product_tag":[],"class_list":{"0":"post-18855","1":"product","2":"type-product","3":"status-publish","4":"has-post-thumbnail","6":"product_cat-vinhos","7":"product_cat-tinto","8":"product_cat-alentejo","10":"first","11":"instock","12":"shipping-taxable","13":"purchasable","14":"product-type-simple"},"_links":{"self":[{"href":"https:\/\/garrafeiragrandeescolha.pt\/en\/wp-json\/wp\/v2\/product\/18855","targetHints":{"allow":["GET"]}}],"collection":[{"href":"https:\/\/garrafeiragrandeescolha.pt\/en\/wp-json\/wp\/v2\/product"}],"about":[{"href":"https:\/\/garrafeiragrandeescolha.pt\/en\/wp-json\/wp\/v2\/types\/product"}],"wp:featuredmedia":[{"embeddable":true,"href":"https:\/\/garrafeiragrandeescolha.pt\/en\/wp-json\/wp\/v2\/media\/18856"}],"wp:attachment":[{"href":"https:\/\/garrafeiragrandeescolha.pt\/en\/wp-json\/wp\/v2\/media?parent=18855"}],"wp:term":[{"taxonomy":"product_brand","embeddable":true,"href":"https:\/\/garrafeiragrandeescolha.pt\/en\/wp-json\/wp\/v2\/product_brand?post=18855"},{"taxonomy":"product_cat","embeddable":true,"href":"https:\/\/garrafeiragrandeescolha.pt\/en\/wp-json\/wp\/v2\/product_cat?post=18855"},{"taxonomy":"product_tag","embeddable":true,"href":"https:\/\/garrafeiragrandeescolha.pt\/en\/wp-json\/wp\/v2\/product_tag?post=18855"}],"curies":[{"name":"wp","href":"https:\/\/api.w.org\/{rel}","templated":true}]}}