{"id":18917,"date":"2024-04-24T17:33:20","date_gmt":"2024-04-24T17:33:20","guid":{"rendered":"https:\/\/garrafeiragrandeescolha.pt\/?post_type=product&#038;p=18917"},"modified":"2025-10-31T14:58:34","modified_gmt":"2025-10-31T14:58:34","slug":"quinta-dos-castelares-reserva-tinto-2020-75cl","status":"publish","type":"product","link":"https:\/\/garrafeiragrandeescolha.pt\/en\/product-2\/quinta-dos-castelares-reserva-tinto-2020-75cl\/","title":{"rendered":"Quinta dos Castelares Reserva Tinto 75cl"},"content":{"rendered":"<p><img fetchpriority=\"high\" decoding=\"async\" class=\"size-medium wp-image-15434 aligncenter\" src=\"http:\/\/garrafeiragrandeescolha.pt\/wp-content\/uploads\/2022\/02\/Qta-Castelares-Logo-01-1280x720-1-300x169.png\" alt=\"\" width=\"300\" height=\"169\" srcset=\"https:\/\/garrafeiragrandeescolha.pt\/wp-content\/uploads\/2022\/02\/Qta-Castelares-Logo-01-1280x720-1-300x169.png 300w, https:\/\/garrafeiragrandeescolha.pt\/wp-content\/uploads\/2022\/02\/Qta-Castelares-Logo-01-1280x720-1-1024x576.png 1024w, https:\/\/garrafeiragrandeescolha.pt\/wp-content\/uploads\/2022\/02\/Qta-Castelares-Logo-01-1280x720-1-768x432.png 768w, https:\/\/garrafeiragrandeescolha.pt\/wp-content\/uploads\/2022\/02\/Qta-Castelares-Logo-01-1280x720-1-600x338.png 600w, https:\/\/garrafeiragrandeescolha.pt\/wp-content\/uploads\/2022\/02\/Qta-Castelares-Logo-01-1280x720-1.png 1280w\" sizes=\"(max-width: 300px) 100vw, 300px\" \/><\/p>\n<p>In Freixo de Espada \u00e0 Cinta, in 1953<strong><em>\u00a0<\/em><\/strong>Manuel Joaquim Caldeira is born. Son of farmers, dedicated to the land and cultivation. A son of the land who decided to never leave Freixo de Espada \u00e0 Cinta behind. From a young age, he began his activity in the business sector, managing to buy and plant his first vineyard at the age of just 25. A childhood dream, which has grown to this day. He is currently one of the biggest ambassadors of the most Manueline village in Portugal, employing several families in his companies. With the determination and humility of a child, Manuel Caldeira, father of 2 children, after several years linked to the largest cooperative in the Region, decided in 2015 to build his first winery. This is how the Quinta dos Castelares project was born!<\/p>\n<div class=\"wpb_text_column wpb_content_element\">\n<div class=\"wpb_wrapper\">\n<p>&nbsp;<\/p>\n<\/div>\n<\/div>","protected":false},"excerpt":{"rendered":"<div class=\"wpb_text_column wpb_content_element\">\n<div class=\"wpb_wrapper\">\n<p>Vinho com grande personalidade, muito intenso, feito com uvas das castas Tinta Roriz, Touriga Nacional e Touriga Franca. Aroma profundo, frutos silvestres, especiarias, flores e esteva, paladar intenso, cheio e longo. Muito gastron\u00f3mico, ideal com pratos fortes de carne, fumeiro transmontano, ca\u00e7a, queijos curados, cogumelos. Produto natural, sujeiro a criar dep\u00f3sito com a idade<\/p>\n<\/div>\n<\/div>","protected":false},"featured_media":18918,"template":"","meta":{"_exactmetrics_skip_tracking":false,"_exactmetrics_sitenote_active":false,"_exactmetrics_sitenote_note":"","_exactmetrics_sitenote_category":0,"_uf_show_specific_survey":0,"_uf_disable_surveys":false,"iawp_total_views":20},"product_brand":[],"product_cat":[157,184,215],"product_tag":[],"class_list":{"0":"post-18917","1":"product","2":"type-product","3":"status-publish","4":"has-post-thumbnail","6":"product_cat-vinhos","7":"product_cat-tinto","8":"product_cat-douro","10":"first","11":"instock","12":"shipping-taxable","13":"purchasable","14":"product-type-simple"},"_links":{"self":[{"href":"https:\/\/garrafeiragrandeescolha.pt\/en\/wp-json\/wp\/v2\/product\/18917","targetHints":{"allow":["GET"]}}],"collection":[{"href":"https:\/\/garrafeiragrandeescolha.pt\/en\/wp-json\/wp\/v2\/product"}],"about":[{"href":"https:\/\/garrafeiragrandeescolha.pt\/en\/wp-json\/wp\/v2\/types\/product"}],"wp:featuredmedia":[{"embeddable":true,"href":"https:\/\/garrafeiragrandeescolha.pt\/en\/wp-json\/wp\/v2\/media\/18918"}],"wp:attachment":[{"href":"https:\/\/garrafeiragrandeescolha.pt\/en\/wp-json\/wp\/v2\/media?parent=18917"}],"wp:term":[{"taxonomy":"product_brand","embeddable":true,"href":"https:\/\/garrafeiragrandeescolha.pt\/en\/wp-json\/wp\/v2\/product_brand?post=18917"},{"taxonomy":"product_cat","embeddable":true,"href":"https:\/\/garrafeiragrandeescolha.pt\/en\/wp-json\/wp\/v2\/product_cat?post=18917"},{"taxonomy":"product_tag","embeddable":true,"href":"https:\/\/garrafeiragrandeescolha.pt\/en\/wp-json\/wp\/v2\/product_tag?post=18917"}],"curies":[{"name":"wp","href":"https:\/\/api.w.org\/{rel}","templated":true}]}}