{"id":19247,"date":"2024-10-08T10:38:15","date_gmt":"2024-10-08T10:38:15","guid":{"rendered":"https:\/\/garrafeiragrandeescolha.pt\/?post_type=product&#038;p=19247"},"modified":"2024-11-09T15:44:30","modified_gmt":"2024-11-09T15:44:30","slug":"porto-croft-vintage-1982-75cl","status":"publish","type":"product","link":"https:\/\/garrafeiragrandeescolha.pt\/en\/product-2\/porto-croft-vintage-1982-75cl\/","title":{"rendered":"Porto Croft Vintage 1982 75cl"},"content":{"rendered":"<p><img decoding=\"async\" class=\"size-full wp-image-16519 aligncenter\" src=\"http:\/\/garrafeiragrandeescolha.pt\/wp-content\/uploads\/2022\/10\/croft-logo.png\" alt=\"\" width=\"232\" height=\"162\" srcset=\"https:\/\/garrafeiragrandeescolha.pt\/wp-content\/uploads\/2022\/10\/croft-logo.png 232w, https:\/\/garrafeiragrandeescolha.pt\/wp-content\/uploads\/2022\/10\/croft-logo-18x12.png 18w\" sizes=\"(max-width: 232px) 100vw, 232px\" \/><\/p>\n<p>The Croft brand is one of the most illustrious of all Port wine producing houses. Founded in 1588, it is the oldest operating company in the area and is particularly known for its Vintage Port wines, its range of Reserve Port wines aged in wood and also its Tawnies, styles that last over time thanks to skill and experience that has been passed down from generation to generation.<\/p>\n<p>However, despite its rich heritage and history spanning more than four centuries, Croft has never been limited by its tradition. Today, as in the past, it maintains a pioneering spirit, continuing to create innovative styles, such as Croft Pink \u2013 the first ros\u00e9 Port wine. Behind every great wine producer there is a great vineyard. The cornerstone of the Croft house&#039;s distinctive style is the famous Quinta da Ro\u00eada, described as the jewel of Port wine estates. The wines from this magnificent property, which contains some of the oldest vineyards in the Douro region, form the heart of Croft&#039;s Vintage Port blend.<\/p>\n<p>As important as its history, traditions and vineyards, Croft continues to be a family business, dedicated to producing all styles of the best Port wines, from full-bodied Reserve Port wines to iconic Vintage Port wines. , highly appreciated by both connoisseurs and collectors.<\/p>","protected":false},"excerpt":{"rendered":"<p>A marca Croft \u00e9 uma das mais ilustres de todas as casas produtoras de vinho do Porto. Fundada em 1588, \u00e9 a empresa em actividade mais antiga da \u00e1rea e \u00e9 particularmente conhecida pelos seus vinhos do Porto Vintage, pela sua gama de vinhos do Porto Reserva envelhecidos em madeira e tamb\u00e9m pelos seus Tawnies, [&hellip;]<\/p>","protected":false},"featured_media":19248,"template":"","meta":{"_exactmetrics_skip_tracking":false,"_exactmetrics_sitenote_active":false,"_exactmetrics_sitenote_note":"","_exactmetrics_sitenote_category":0,"_uf_show_specific_survey":0,"_uf_disable_surveys":false,"iawp_total_views":9},"product_brand":[],"product_cat":[201,159,162,168],"product_tag":[],"class_list":{"0":"post-19247","1":"product","2":"type-product","3":"status-publish","4":"has-post-thumbnail","6":"product_cat-grandes-vinhos","7":"product_cat-portos","8":"product_cat-raridades","9":"product_cat-vintage","11":"first","12":"instock","13":"sold-individually","14":"shipping-taxable","15":"purchasable","16":"product-type-simple"},"_links":{"self":[{"href":"https:\/\/garrafeiragrandeescolha.pt\/en\/wp-json\/wp\/v2\/product\/19247","targetHints":{"allow":["GET"]}}],"collection":[{"href":"https:\/\/garrafeiragrandeescolha.pt\/en\/wp-json\/wp\/v2\/product"}],"about":[{"href":"https:\/\/garrafeiragrandeescolha.pt\/en\/wp-json\/wp\/v2\/types\/product"}],"wp:featuredmedia":[{"embeddable":true,"href":"https:\/\/garrafeiragrandeescolha.pt\/en\/wp-json\/wp\/v2\/media\/19248"}],"wp:attachment":[{"href":"https:\/\/garrafeiragrandeescolha.pt\/en\/wp-json\/wp\/v2\/media?parent=19247"}],"wp:term":[{"taxonomy":"product_brand","embeddable":true,"href":"https:\/\/garrafeiragrandeescolha.pt\/en\/wp-json\/wp\/v2\/product_brand?post=19247"},{"taxonomy":"product_cat","embeddable":true,"href":"https:\/\/garrafeiragrandeescolha.pt\/en\/wp-json\/wp\/v2\/product_cat?post=19247"},{"taxonomy":"product_tag","embeddable":true,"href":"https:\/\/garrafeiragrandeescolha.pt\/en\/wp-json\/wp\/v2\/product_tag?post=19247"}],"curies":[{"name":"wp","href":"https:\/\/api.w.org\/{rel}","templated":true}]}}