{"id":19475,"date":"2024-11-25T23:48:36","date_gmt":"2024-11-25T23:48:36","guid":{"rendered":"https:\/\/garrafeiragrandeescolha.pt\/?post_type=product&#038;p=19475"},"modified":"2024-11-26T08:51:49","modified_gmt":"2024-11-26T08:51:49","slug":"teixinha-branco-2022-75cl","status":"publish","type":"product","link":"https:\/\/garrafeiragrandeescolha.pt\/en\/product-2\/teixinha-branco-2022-75cl\/","title":{"rendered":"Teixinha Branco 2022 75cl"},"content":{"rendered":"<p><img fetchpriority=\"high\" decoding=\"async\" class=\"size-full wp-image-15337 aligncenter\" src=\"http:\/\/garrafeiragrandeescolha.pt\/wp-content\/uploads\/2022\/02\/malhadinha-logo.jpg\" alt=\"\" width=\"250\" height=\"250\" srcset=\"https:\/\/garrafeiragrandeescolha.pt\/wp-content\/uploads\/2022\/02\/malhadinha-logo.jpg 250w, https:\/\/garrafeiragrandeescolha.pt\/wp-content\/uploads\/2022\/02\/malhadinha-logo-150x150.jpg 150w, https:\/\/garrafeiragrandeescolha.pt\/wp-content\/uploads\/2022\/02\/malhadinha-logo-100x100.jpg 100w\" sizes=\"(max-width: 250px) 100vw, 250px\" \/><\/p>\n<p>Alentejo. One of the regions with the lowest population density in Europe, it turns out to be one of Portugal&#039;s best kept secrets. Occupying a third of the national territory, it reveals unique, immaculate, endless landscapes of incalculable beauty.<\/p>\n<p>A land of welcome and hospitality, it is recognized for its excellent gastronomy and wines, respect for environmental sustainability and the preservation of ancestral traditions and customs.<\/p>\n<p>The cultural and historical richness is embodied in the classification of World Heritage (Elvas and \u00c9vora) and Intangible Cultural Heritage of Humanity (Cante Alentejano) and UNESCO Biosphere Reserve (Castro Verde).<\/p>\n<p>Herdade da Malhadinha Nova, located in Albernoa, Beja, in the heart of Baixo Alentejo, emerges as part of this time capsule that extends over 450 hectares.<\/p>\n<p>Here, time seems to stop moving, history goes back to time immemorial, the territory occupies an endless space and we live a day-to-day life submerged in a silence that can be heard.<\/p>\n<p>Far and close to everything, the immensity as far as the eye can see allows you to live in privacy, harmony and security. Isolation combined with exclusivity that serves the purposes of families, groups of friends, couples or alone.<\/p>","protected":false},"excerpt":{"rendered":"<p>Caracteriza-se por um nariz muito mineral, t\u00edmido na fruta mas incisivo na prova de boca onde demonstra boa tens\u00e3o e uma textura muito elegante e complexa com v\u00e1rias camadas. \u00c0 semelhan\u00e7a do anterior \u00e9 tamb\u00e9m um bom exemplo do potencial da Serra de S\u00e3o Mamede em Portalegre.<\/p>","protected":false},"featured_media":19477,"template":"","meta":{"_exactmetrics_skip_tracking":false,"_exactmetrics_sitenote_active":false,"_exactmetrics_sitenote_note":"","_exactmetrics_sitenote_category":0,"_uf_show_specific_survey":0,"_uf_disable_surveys":false,"iawp_total_views":14},"product_brand":[],"product_cat":[189,185,157],"product_tag":[],"class_list":{"0":"post-19475","1":"product","2":"type-product","3":"status-publish","4":"has-post-thumbnail","6":"product_cat-alentejo-branco","7":"product_cat-branco","8":"product_cat-vinhos","10":"first","11":"instock","12":"shipping-taxable","13":"purchasable","14":"product-type-simple"},"_links":{"self":[{"href":"https:\/\/garrafeiragrandeescolha.pt\/en\/wp-json\/wp\/v2\/product\/19475","targetHints":{"allow":["GET"]}}],"collection":[{"href":"https:\/\/garrafeiragrandeescolha.pt\/en\/wp-json\/wp\/v2\/product"}],"about":[{"href":"https:\/\/garrafeiragrandeescolha.pt\/en\/wp-json\/wp\/v2\/types\/product"}],"wp:featuredmedia":[{"embeddable":true,"href":"https:\/\/garrafeiragrandeescolha.pt\/en\/wp-json\/wp\/v2\/media\/19477"}],"wp:attachment":[{"href":"https:\/\/garrafeiragrandeescolha.pt\/en\/wp-json\/wp\/v2\/media?parent=19475"}],"wp:term":[{"taxonomy":"product_brand","embeddable":true,"href":"https:\/\/garrafeiragrandeescolha.pt\/en\/wp-json\/wp\/v2\/product_brand?post=19475"},{"taxonomy":"product_cat","embeddable":true,"href":"https:\/\/garrafeiragrandeescolha.pt\/en\/wp-json\/wp\/v2\/product_cat?post=19475"},{"taxonomy":"product_tag","embeddable":true,"href":"https:\/\/garrafeiragrandeescolha.pt\/en\/wp-json\/wp\/v2\/product_tag?post=19475"}],"curies":[{"name":"wp","href":"https:\/\/api.w.org\/{rel}","templated":true}]}}