{"id":19567,"date":"2024-12-05T19:02:27","date_gmt":"2024-12-05T19:02:27","guid":{"rendered":"https:\/\/garrafeiragrandeescolha.pt\/?post_type=product&#038;p=19567"},"modified":"2025-10-07T11:23:57","modified_gmt":"2025-10-07T11:23:57","slug":"justinos-malvasia-20-anos-50cl-com-cofret","status":"publish","type":"product","link":"https:\/\/garrafeiragrandeescolha.pt\/en\/product-2\/justinos-malvasia-20-anos-50cl-com-cofret\/","title":{"rendered":"Justino&#8217;s Malvasia 20 anos 50cl com Cofret"},"content":{"rendered":"<p><img fetchpriority=\"high\" decoding=\"async\" class=\"wp-image-17078 size-medium aligncenter\" src=\"http:\/\/garrafeiragrandeescolha.pt\/wp-content\/uploads\/2023\/01\/justinos-logo-300x300.png\" alt=\"\" width=\"300\" height=\"300\" srcset=\"https:\/\/garrafeiragrandeescolha.pt\/wp-content\/uploads\/2023\/01\/justinos-logo-300x300.png 300w, https:\/\/garrafeiragrandeescolha.pt\/wp-content\/uploads\/2023\/01\/justinos-logo-150x150.png 150w, https:\/\/garrafeiragrandeescolha.pt\/wp-content\/uploads\/2023\/01\/justinos-logo-768x768.png 768w, https:\/\/garrafeiragrandeescolha.pt\/wp-content\/uploads\/2023\/01\/justinos-logo-12x12.png 12w, https:\/\/garrafeiragrandeescolha.pt\/wp-content\/uploads\/2023\/01\/justinos-logo-600x600.png 600w, https:\/\/garrafeiragrandeescolha.pt\/wp-content\/uploads\/2023\/01\/justinos-logo-100x100.png 100w, https:\/\/garrafeiragrandeescolha.pt\/wp-content\/uploads\/2023\/01\/justinos-logo.png 961w\" sizes=\"(max-width: 300px) 100vw, 300px\" \/><\/p>\n<p>Justino&#039;s Madeira Wines, SA is one of the oldest wine producing and exporting companies in Madeira.<br \/>\nThe know-how acquired in the art of blending, respect for traditional winemaking techniques and the constant search for innovation have been the characteristics that mark our success and growth.<br \/>\nToday, we are an international company recognized for its excellence and focused on presenting premium products to our customers, without losing sight of the history, tradition and authenticity that have always characterized our wines.<br \/>\nOur mission is \u201cDo one thing, but do it well\u201d.<br \/>\nOur motivation is born supported by our values, our deep connection to the community and tradition, bringing dynamics and innovation, in order to produce wines capable of offering unique experiences and sensations that leave a mark on the people who come into contact with them, in each one. of the moments of your life.<br \/>\nIn each glass of wine we bring hundreds of years of ancestral wisdom, of know-how from past generations, of stories and experiences of people, families and human difficulties in this Pearl of the Atlantic, admittedly beautified by the harsh but beautiful landscape, which is still its most striking ex-libris.<br \/>\nWith each new wine, we try to capture, and bring to the customer, the soul and heart of each of these people, in unique wines, which reflect the different terroir of our island.<br \/>\nTherefore, we will pursue our vision of continuing to be the leaders in the marketing of Madeira wine, increasingly increasing our preponderance in the premium sector. Competence, excellence and authenticity are values \u200b\u200bthat guide our operations, and that is what we intend to bring to the 4 corners of the world.\u200b<\/p>","protected":false},"excerpt":{"rendered":"<p>O Vinho Justino&#8217;s Madeira 20 Anos \u00e9 uma verdadeira joia comemorativa dos 600 anos da Ilha da Madeira, tendo sido produzidos apenas 600 garrafas. Este vinho oferece uma experi\u00eancia sensorial \u00fanica, com uma combina\u00e7\u00e3o equilibrada de do\u00e7ura, acidez vibrante e complexidade de sabores.<br \/>\nApresenta sabores complexos com um elegante e refinado aroma. \u00c9 um vinho com grande concentra\u00e7\u00e3o e do\u00e7ura equilibradas pela acidez vibrante.<\/p>","protected":false},"featured_media":19568,"template":"","meta":{"_exactmetrics_skip_tracking":false,"_exactmetrics_sitenote_active":false,"_exactmetrics_sitenote_note":"","_exactmetrics_sitenote_category":0,"_uf_show_specific_survey":0,"_uf_disable_surveys":false,"iawp_total_views":11},"product_brand":[],"product_cat":[216,258,169,159],"product_tag":[],"class_list":{"0":"post-19567","1":"product","2":"type-product","3":"status-publish","4":"has-post-thumbnail","6":"product_cat-conjuntos","7":"product_cat-conjuntos-de-oferta","8":"product_cat-madeira","9":"product_cat-portos","11":"first","12":"instock","13":"shipping-taxable","14":"purchasable","15":"product-type-simple"},"_links":{"self":[{"href":"https:\/\/garrafeiragrandeescolha.pt\/en\/wp-json\/wp\/v2\/product\/19567","targetHints":{"allow":["GET"]}}],"collection":[{"href":"https:\/\/garrafeiragrandeescolha.pt\/en\/wp-json\/wp\/v2\/product"}],"about":[{"href":"https:\/\/garrafeiragrandeescolha.pt\/en\/wp-json\/wp\/v2\/types\/product"}],"wp:featuredmedia":[{"embeddable":true,"href":"https:\/\/garrafeiragrandeescolha.pt\/en\/wp-json\/wp\/v2\/media\/19568"}],"wp:attachment":[{"href":"https:\/\/garrafeiragrandeescolha.pt\/en\/wp-json\/wp\/v2\/media?parent=19567"}],"wp:term":[{"taxonomy":"product_brand","embeddable":true,"href":"https:\/\/garrafeiragrandeescolha.pt\/en\/wp-json\/wp\/v2\/product_brand?post=19567"},{"taxonomy":"product_cat","embeddable":true,"href":"https:\/\/garrafeiragrandeescolha.pt\/en\/wp-json\/wp\/v2\/product_cat?post=19567"},{"taxonomy":"product_tag","embeddable":true,"href":"https:\/\/garrafeiragrandeescolha.pt\/en\/wp-json\/wp\/v2\/product_tag?post=19567"}],"curies":[{"name":"wp","href":"https:\/\/api.w.org\/{rel}","templated":true}]}}