{"id":19704,"date":"2025-01-28T15:12:58","date_gmt":"2025-01-28T15:12:58","guid":{"rendered":"https:\/\/garrafeiragrandeescolha.pt\/?post_type=product&#038;p=19704"},"modified":"2025-10-03T13:32:28","modified_gmt":"2025-10-03T13:32:28","slug":"gin-friends-premium-dry-70cl","status":"publish","type":"product","link":"https:\/\/garrafeiragrandeescolha.pt\/en\/product-2\/gin-friends-premium-dry-70cl\/","title":{"rendered":"Gin Friends Premium Dry 70cl"},"content":{"rendered":"<p><img decoding=\"async\" class=\"size-medium wp-image-15471 aligncenter\" src=\"http:\/\/garrafeiragrandeescolha.pt\/wp-content\/uploads\/2022\/02\/tiago-cabaco-logo-300x144.jpg\" alt=\"\" width=\"300\" height=\"144\" srcset=\"https:\/\/garrafeiragrandeescolha.pt\/wp-content\/uploads\/2022\/02\/tiago-cabaco-logo-300x144.jpg 300w, https:\/\/garrafeiragrandeescolha.pt\/wp-content\/uploads\/2022\/02\/tiago-cabaco-logo.jpg 564w\" sizes=\"(max-width: 300px) 100vw, 300px\" \/><\/p>\n<p>Born and raised in Estremoz, in the heart of the Alentejo wine region, Tiago Caba\u00e7o became accustomed from a very early age to sharing the field and working in the vineyards and in the winery with his parents. It was through this path that, as a child, he learned secrets about the vineyard, the soil, the grape varieties and the entire universe associated with it, which he still applies in his day-to-day life. In 2004 he created the Tiago Caba\u00e7o Winery brand, the project under his own name. Since then, he has placed his own wines on the market, through which he began to assert his personality and vision regarding wines and the Alentejo.<\/p>\n<p>Tiago Caba\u00e7o has received respect and attention from the sector, winning many national and international awards and distinctions. The family of wines, seductive and serious, modern in style and form but deeply Alentejo in character, is divided between the \u201c.com\u201d with an energetic and jovial profile, the serious and powerful monovarietals, the \u201cVinhas Velhas\u201d that combine the excellence of the terroir and the vines over 30 years old, the sparkling wine, designed for special moments, and the simultaneously vigorous, subtle and fresh \u201cblogs\u201d that claim to be the top of the range of Tiago Caba\u00e7o wines.<\/p>\n<p>With access to some of the best and oldest vineyards in Alentejo, all close to Estremoz, with oenology handed over to one of the best winemakers in the country \u2013 Susana Esteban \u2013 with the conquest of foreign markets, Tiago Caba\u00e7o is one of the stars of the new Alentejo .<\/p>","protected":false},"excerpt":{"rendered":"<p>Nascido e criado em Estremoz, no cora\u00e7\u00e3o do Alentejo vinhateiro, Tiago Caba\u00e7o habituou-se desde muito cedo a partilhar o campo e a trabalhar nas vinhas e na adega com os pais. Foi atrav\u00e9s deste percurso que, de crian\u00e7a, aprendeu segredos da vinha, do solo, das castas e de todo o universo a ele associado, que [&hellip;]<\/p>","protected":false},"featured_media":761,"template":"","meta":{"_exactmetrics_skip_tracking":false,"_exactmetrics_sitenote_active":false,"_exactmetrics_sitenote_note":"","_exactmetrics_sitenote_category":0,"_uf_show_specific_survey":0,"_uf_disable_surveys":false,"iawp_total_views":73},"product_brand":[],"product_cat":[158,183,162],"product_tag":[],"class_list":{"0":"post-19704","1":"product","2":"type-product","3":"status-publish","4":"has-post-thumbnail","6":"product_cat-espirituosos","7":"product_cat-gin","8":"product_cat-raridades","10":"first","11":"outofstock","12":"shipping-taxable","13":"purchasable","14":"product-type-simple"},"_links":{"self":[{"href":"https:\/\/garrafeiragrandeescolha.pt\/en\/wp-json\/wp\/v2\/product\/19704","targetHints":{"allow":["GET"]}}],"collection":[{"href":"https:\/\/garrafeiragrandeescolha.pt\/en\/wp-json\/wp\/v2\/product"}],"about":[{"href":"https:\/\/garrafeiragrandeescolha.pt\/en\/wp-json\/wp\/v2\/types\/product"}],"wp:featuredmedia":[{"embeddable":true,"href":"https:\/\/garrafeiragrandeescolha.pt\/en\/wp-json\/wp\/v2\/media\/761"}],"wp:attachment":[{"href":"https:\/\/garrafeiragrandeescolha.pt\/en\/wp-json\/wp\/v2\/media?parent=19704"}],"wp:term":[{"taxonomy":"product_brand","embeddable":true,"href":"https:\/\/garrafeiragrandeescolha.pt\/en\/wp-json\/wp\/v2\/product_brand?post=19704"},{"taxonomy":"product_cat","embeddable":true,"href":"https:\/\/garrafeiragrandeescolha.pt\/en\/wp-json\/wp\/v2\/product_cat?post=19704"},{"taxonomy":"product_tag","embeddable":true,"href":"https:\/\/garrafeiragrandeescolha.pt\/en\/wp-json\/wp\/v2\/product_tag?post=19704"}],"curies":[{"name":"wp","href":"https:\/\/api.w.org\/{rel}","templated":true}]}}