{"id":19711,"date":"2025-02-07T18:54:32","date_gmt":"2025-02-07T18:54:32","guid":{"rendered":"https:\/\/garrafeiragrandeescolha.pt\/?post_type=product&#038;p=19711"},"modified":"2025-11-10T19:20:49","modified_gmt":"2025-11-10T19:20:49","slug":"isento-vinhas-velhas-tinto-2021-75cl","status":"publish","type":"product","link":"https:\/\/garrafeiragrandeescolha.pt\/en\/product-2\/isento-vinhas-velhas-tinto-2021-75cl\/","title":{"rendered":"Isento Vinhas Velhas Tinto 2021 75cl"},"content":{"rendered":"<p><img fetchpriority=\"high\" decoding=\"async\" class=\"size-medium wp-image-18274 aligncenter\" src=\"http:\/\/garrafeiragrandeescolha.pt\/wp-content\/uploads\/2023\/11\/64237bc35963b42110ce1d15_SA_VINUM_LOGO_PRETO-p-500-239x300.png\" alt=\"\" width=\"239\" height=\"300\" srcset=\"https:\/\/garrafeiragrandeescolha.pt\/wp-content\/uploads\/2023\/11\/64237bc35963b42110ce1d15_SA_VINUM_LOGO_PRETO-p-500-239x300.png 239w, https:\/\/garrafeiragrandeescolha.pt\/wp-content\/uploads\/2023\/11\/64237bc35963b42110ce1d15_SA_VINUM_LOGO_PRETO-p-500-10x12.png 10w, https:\/\/garrafeiragrandeescolha.pt\/wp-content\/uploads\/2023\/11\/64237bc35963b42110ce1d15_SA_VINUM_LOGO_PRETO-p-500.png 500w\" sizes=\"(max-width: 239px) 100vw, 239px\" \/><\/p>\n<p>Always linked to the Douro, the S\u00e1 family begins their winemaking journey by selling quality grapes from their vineyards in Soutelo do Douro.<\/p>\n<p>Over time, and always focusing on quality, the properties grew, never forgetting the roots that made the business prosper, also starting to produce its own wine.<\/p>\n<p>In 2019, Sa&#039;Vinum was born, the result of the desire of the youngest member of the family, Jo\u00e3o de S\u00e1, to continue the business left by his father and his passion for the Douro.<\/p>\n<p>Today, the brand has several properties, different types of wine and a new wine cellar.<\/p>\n<p>&nbsp;<\/p>","protected":false},"excerpt":{"rendered":"<p>Grapes: Vinhas Velhas<\/p>\n<p>Este vinho tinto \u00e9 o reflexo da riqueza das vinhas velhas do Douro, com uma mistura de castas antigas que conferem complexidade e autenticidade. Estagiado por 14 meses em barricas de carvalho franc\u00eas, apresenta uma not\u00e1vel integra\u00e7\u00e3o entre fruta e madeira. Aromaticamente, destaca-se pela profundidade, com notas de frutos negros maduros, especiarias finas e um leve toque bals\u00e2mico. Na boca, revela-se estruturado e envolvente, com taninos aveludados, acidez equilibrada e um final longo, persistente e elegante. Um vinho que traduz a ess\u00eancia e o terroir da regi\u00e3o do Douro, perfeito para acompanhar pratos ricos e momentos especiais.<\/p>\n<p>Once all winemaking processes have been completed, the wine ages for 6 months in French oak barrels.<\/p>\n<p>This wine accompanies meat dishes, cheeses and sausages. It should be consumed at a temperature between 16\u00b0C and 18\u00b0C.<\/p>","protected":false},"featured_media":19712,"template":"","meta":{"_exactmetrics_skip_tracking":false,"_exactmetrics_sitenote_active":false,"_exactmetrics_sitenote_note":"","_exactmetrics_sitenote_category":0,"_uf_show_specific_survey":0,"_uf_disable_surveys":false,"iawp_total_views":134},"product_brand":[],"product_cat":[157,184,215],"product_tag":[],"class_list":{"0":"post-19711","1":"product","2":"type-product","3":"status-publish","4":"has-post-thumbnail","6":"product_cat-vinhos","7":"product_cat-tinto","8":"product_cat-douro","10":"first","11":"instock","12":"shipping-taxable","13":"purchasable","14":"product-type-simple"},"_links":{"self":[{"href":"https:\/\/garrafeiragrandeescolha.pt\/en\/wp-json\/wp\/v2\/product\/19711","targetHints":{"allow":["GET"]}}],"collection":[{"href":"https:\/\/garrafeiragrandeescolha.pt\/en\/wp-json\/wp\/v2\/product"}],"about":[{"href":"https:\/\/garrafeiragrandeescolha.pt\/en\/wp-json\/wp\/v2\/types\/product"}],"wp:featuredmedia":[{"embeddable":true,"href":"https:\/\/garrafeiragrandeescolha.pt\/en\/wp-json\/wp\/v2\/media\/19712"}],"wp:attachment":[{"href":"https:\/\/garrafeiragrandeescolha.pt\/en\/wp-json\/wp\/v2\/media?parent=19711"}],"wp:term":[{"taxonomy":"product_brand","embeddable":true,"href":"https:\/\/garrafeiragrandeescolha.pt\/en\/wp-json\/wp\/v2\/product_brand?post=19711"},{"taxonomy":"product_cat","embeddable":true,"href":"https:\/\/garrafeiragrandeescolha.pt\/en\/wp-json\/wp\/v2\/product_cat?post=19711"},{"taxonomy":"product_tag","embeddable":true,"href":"https:\/\/garrafeiragrandeescolha.pt\/en\/wp-json\/wp\/v2\/product_tag?post=19711"}],"curies":[{"name":"wp","href":"https:\/\/api.w.org\/{rel}","templated":true}]}}