{"id":19864,"date":"2025-04-24T11:34:00","date_gmt":"2025-04-24T11:34:00","guid":{"rendered":"https:\/\/garrafeiragrandeescolha.pt\/?post_type=product&#038;p=19864"},"modified":"2025-04-24T11:39:48","modified_gmt":"2025-04-24T11:39:48","slug":"aguardente-marques-de-marialva-aguardente-velha-reserva-70cl","status":"publish","type":"product","link":"https:\/\/garrafeiragrandeescolha.pt\/en\/product-2\/aguardente-marques-de-marialva-aguardente-velha-reserva-70cl\/","title":{"rendered":"Aguardente Marqu\u00eas de Marialva Aguardente Velha Reserva 70cl"},"content":{"rendered":"<p><img decoding=\"async\" class=\"size-full wp-image-15290 aligncenter\" src=\"http:\/\/garrafeiragrandeescolha.pt\/wp-content\/uploads\/2022\/02\/logo-adega-cantanhede.png\" alt=\"\" width=\"152\" height=\"93\" srcset=\"https:\/\/garrafeiragrandeescolha.pt\/wp-content\/uploads\/2022\/02\/logo-adega-cantanhede.png 152w, https:\/\/garrafeiragrandeescolha.pt\/wp-content\/uploads\/2022\/02\/logo-adega-cantanhede-150x93.png 150w\" sizes=\"(max-width: 152px) 100vw, 152px\" \/><\/p>\n<p>Founded in 1954 by a group of 100 winegrowers, Adega de Cantanhede today has 500 active associated winegrowers and an annual production of 6 to 7 million kilos of grapes, becoming the main producer in the Bairrada Demarcated Region, representing around of 40% of the region&#039;s overall production. Today it certifies around 80% of its production, being a clear leader in sales of DOC Bairrada DOC and Beira Atl\u00e2ntico IGP wines.<\/p>\n<p>Recognizing the enormous competitiveness that exists in the national and international market, the qualitative evolution of its wines is the result of the most modern technology, with a focus on quality and food safety (Certified Winery by ISO 9001:2015, and more recently by IFS Food 6.1. ), but also the promotion of Portuguese grape varieties, which has always guided its strategy, particularly the traditional Bairrada varieties \u2013 Baga, Bical and Maria Gomes \u2013 but also other Portuguese varieties that find a\u00a0<em>Terroir<\/em>\u00a0of choice, such as Touriga Nacional, Aragonez and Arinto, as it believes in the unequivocal potential for differentiation and uniqueness that this heritage gives to its wines.<\/p>\n<p>Its portfolio includes a wide range of products. In red, white and rose, its wines range from table wines to premium wines, in addition to a wide range of sparkling wines produced exclusively using the Classic Method, as well as brandies and fortified wines. It is a portfolio that, thanks to its diversity and versatility, is capable of serving different market segments, with different degrees of quality requirements, which results in the presence of its products in more than 20 markets.<\/p>\n<p>Its notoriety as a producer, as well as that of its wines and brands, has been confirmed and sustainably reinforced by the awards it has accumulated in its catalogue, which results in more than 750 distinctions awarded in the most prestigious national and international competitions, with emphasis on for Mundus Vini \u2013 Germany, Concours Mondial de Bruxelles, Selections Mondiales du Vins \u2013 Canada, Effervescents du Monde \u2013 France, Berliner Wein Trophy \u2013 Germany and Japan Wine Challenge. being on several occasions the only producer in Bairrada with wines awarded in these competitions and, therefore, today one of the most awarded producers in the region.<\/p>\n<p>In 2015, he was included in the TOP 100 of the Best World Producers, by WAWWJ \u2013 World Association of Wine and Spirits Journalists and Critics.<\/p>\n<p>In the last 8 years it has been elected \u201cBest Cooperative Winery\u201d in Portugal 3 times by the specialty press:<\/p>\n<p>\u2013 February 2012 \u2013 \u201cBest Cooperative Winery of the Year 2011\u201d by \u201cRevista de Vinhos\u201d.<\/p>\n<p>\u2013 January 2017 \u2013 \u201cBest Cooperative Winery\u201d in the Special Awards of the 10th Anniversary Gala of \u201cPassion for Wine\u201d magazine.<\/p>\n<p>\u2013 February 2020 \u2013 \u201cBest Cooperative Winery of the Year 2019\u201d by \u201cVinho \u2013 Grandes Escolhas\u201d magazine.<\/p>\n<p>In 2014, it was considered \u201cBest Sparkling Wine Producer 2013\u201d by the W Awards, by An\u00edbal Coutinho.<\/p>\n<p>Osvaldo Amado has been its Chief Winemaker since 2011. His career began in 1987, and today he has accumulated extensive professional experience in the most emblematic Portuguese wine regions, with emphasis on Bairrada, D\u00e3o, Douro and Verdes, Tagus and Lisbon, but also international level, in Spain, Italy, South Africa and Brazil. With more than 600 million bottles produced, he has already been elected \u201cBest Winemaker\u201d 6 times by the specialty press and sector institutions, and his wines have already been awarded with more than 1100 Gold and Silver medals in the most prestigious national and international competitions.<\/p>","protected":false},"excerpt":{"rendered":"<p>Fundada em 1954 por um conjunto de 100 viticultores, a Adega de Cantanhede conta hoje com 500 viticultores associados activos e uma produ\u00e7\u00e3o anual de 6 a 7 milh\u00f5es de quilos de uva, constituindo-se como o principal produtor da Regi\u00e3o Demarcada da Bairrada, representando cerca de 40% da produ\u00e7\u00e3o global da regi\u00e3o. Hoje certifica cerca [&hellip;]<\/p>","protected":false},"featured_media":19865,"template":"","meta":{"_exactmetrics_skip_tracking":false,"_exactmetrics_sitenote_active":false,"_exactmetrics_sitenote_note":"","_exactmetrics_sitenote_category":0,"_uf_show_specific_survey":0,"_uf_disable_surveys":false,"iawp_total_views":8},"product_brand":[],"product_cat":[158,180],"product_tag":[],"class_list":{"0":"post-19864","1":"product","2":"type-product","3":"status-publish","4":"has-post-thumbnail","6":"product_cat-espirituosos","7":"product_cat-aguardente","9":"first","10":"instock","11":"shipping-taxable","12":"purchasable","13":"product-type-simple"},"_links":{"self":[{"href":"https:\/\/garrafeiragrandeescolha.pt\/en\/wp-json\/wp\/v2\/product\/19864","targetHints":{"allow":["GET"]}}],"collection":[{"href":"https:\/\/garrafeiragrandeescolha.pt\/en\/wp-json\/wp\/v2\/product"}],"about":[{"href":"https:\/\/garrafeiragrandeescolha.pt\/en\/wp-json\/wp\/v2\/types\/product"}],"wp:featuredmedia":[{"embeddable":true,"href":"https:\/\/garrafeiragrandeescolha.pt\/en\/wp-json\/wp\/v2\/media\/19865"}],"wp:attachment":[{"href":"https:\/\/garrafeiragrandeescolha.pt\/en\/wp-json\/wp\/v2\/media?parent=19864"}],"wp:term":[{"taxonomy":"product_brand","embeddable":true,"href":"https:\/\/garrafeiragrandeescolha.pt\/en\/wp-json\/wp\/v2\/product_brand?post=19864"},{"taxonomy":"product_cat","embeddable":true,"href":"https:\/\/garrafeiragrandeescolha.pt\/en\/wp-json\/wp\/v2\/product_cat?post=19864"},{"taxonomy":"product_tag","embeddable":true,"href":"https:\/\/garrafeiragrandeescolha.pt\/en\/wp-json\/wp\/v2\/product_tag?post=19864"}],"curies":[{"name":"wp","href":"https:\/\/api.w.org\/{rel}","templated":true}]}}