{"id":20062,"date":"2025-07-22T15:02:58","date_gmt":"2025-07-22T15:02:58","guid":{"rendered":"https:\/\/garrafeiragrandeescolha.pt\/?post_type=product&#038;p=20062"},"modified":"2026-02-18T17:27:51","modified_gmt":"2026-02-18T17:27:51","slug":"feuerheerds-grande-reserva-tinto-2022-75cl","status":"publish","type":"product","link":"https:\/\/garrafeiragrandeescolha.pt\/en\/product-2\/feuerheerds-grande-reserva-tinto-2022-75cl\/","title":{"rendered":"Feuerheerd&#8217;s Grande Reserva Tinto 2022 75cl"},"content":{"rendered":"","protected":false},"excerpt":{"rendered":"<p>De aspeto l\u00edmpido e brilhante, com uma tonalidade p\u00farpura intensa.\u00a0No nariz, destacam-se aromas de frutos vermelhos e violetas,\u00a0harmonizados com subtis notas de tosta e baunilha. No paladar,\u00a0revela-se complexo e equilibrado, com taninos delicados e um final<br \/>\npersistente.<\/p>\n<p>Harmoniza na perfei\u00e7\u00e3o com carnes vermelhas e de ca\u00e7a, sendo a escolha ideal para acompanhar pombo selvagem assado no forno.<\/p>","protected":false},"featured_media":20063,"template":"","meta":{"_exactmetrics_skip_tracking":false,"_exactmetrics_sitenote_active":false,"_exactmetrics_sitenote_note":"","_exactmetrics_sitenote_category":0,"_uf_show_specific_survey":0,"_uf_disable_surveys":false,"iawp_total_views":180},"product_brand":[],"product_cat":[157,184,215],"product_tag":[],"class_list":{"0":"post-20062","1":"product","2":"type-product","3":"status-publish","4":"has-post-thumbnail","6":"product_cat-vinhos","7":"product_cat-tinto","8":"product_cat-douro","10":"first","11":"instock","12":"shipping-taxable","13":"purchasable","14":"product-type-simple"},"_links":{"self":[{"href":"https:\/\/garrafeiragrandeescolha.pt\/en\/wp-json\/wp\/v2\/product\/20062","targetHints":{"allow":["GET"]}}],"collection":[{"href":"https:\/\/garrafeiragrandeescolha.pt\/en\/wp-json\/wp\/v2\/product"}],"about":[{"href":"https:\/\/garrafeiragrandeescolha.pt\/en\/wp-json\/wp\/v2\/types\/product"}],"wp:featuredmedia":[{"embeddable":true,"href":"https:\/\/garrafeiragrandeescolha.pt\/en\/wp-json\/wp\/v2\/media\/20063"}],"wp:attachment":[{"href":"https:\/\/garrafeiragrandeescolha.pt\/en\/wp-json\/wp\/v2\/media?parent=20062"}],"wp:term":[{"taxonomy":"product_brand","embeddable":true,"href":"https:\/\/garrafeiragrandeescolha.pt\/en\/wp-json\/wp\/v2\/product_brand?post=20062"},{"taxonomy":"product_cat","embeddable":true,"href":"https:\/\/garrafeiragrandeescolha.pt\/en\/wp-json\/wp\/v2\/product_cat?post=20062"},{"taxonomy":"product_tag","embeddable":true,"href":"https:\/\/garrafeiragrandeescolha.pt\/en\/wp-json\/wp\/v2\/product_tag?post=20062"}],"curies":[{"name":"wp","href":"https:\/\/api.w.org\/{rel}","templated":true}]}}