{"id":20237,"date":"2025-10-09T13:52:33","date_gmt":"2025-10-09T13:52:33","guid":{"rendered":"https:\/\/garrafeiragrandeescolha.pt\/?post_type=product&#038;p=20237"},"modified":"2025-11-07T18:39:11","modified_gmt":"2025-11-07T18:39:11","slug":"aguardente-messias-velha-guarda-70cl","status":"publish","type":"product","link":"https:\/\/garrafeiragrandeescolha.pt\/en\/product-2\/aguardente-messias-velha-guarda-70cl\/","title":{"rendered":"Aguardente Messias Velha Guarda 70cl"},"content":{"rendered":"<p><img fetchpriority=\"high\" decoding=\"async\" class=\"size-medium wp-image-15339 aligncenter\" src=\"http:\/\/garrafeiragrandeescolha.pt\/wp-content\/uploads\/2022\/02\/messias-logo-300x170.jpg\" alt=\"\" width=\"300\" height=\"170\" srcset=\"https:\/\/garrafeiragrandeescolha.pt\/wp-content\/uploads\/2022\/02\/messias-logo-300x170.jpg 300w, https:\/\/garrafeiragrandeescolha.pt\/wp-content\/uploads\/2022\/02\/messias-logo.jpg 550w\" sizes=\"(max-width: 300px) 100vw, 300px\" \/><\/p>\n<p>MESSIAS foi fundada em 1926, por Messias Baptista, que manteve a administra\u00e7\u00e3o da empresa at\u00e9 \u00e0 sua reforma em 1973, tendo a mesma ficado sob a al\u00e7ada da fam\u00edlia, que ainda hoje est\u00e1 \u00e0 frente dos destinos da organiza\u00e7\u00e3o.<\/p>\n<p>Since its foundation, MESSIAS has produced and sold wines from the main demarcated regions: Bairrada, Douro, D\u00e3o, Vinho Verde and Port Wine. The company is also recognized for the high quality of its Natural Sparkling Wines and Brandies.<\/p>\n<p>A sede da empresa situa-se na Mealhada, na regi\u00e3o da Bairrada, e a MESSIAS possui ainda tr\u00eas quintas nas regi\u00f5es da Bairrada, do Douro e do D\u00e3o &#8211; Quinta do Valdoeiro, Quinta do Cach\u00e3o e Quinta do Penedo, respetivamente &#8211; perfazendo um total de aproximadamente 200 hectares de vinha. O Vinho do Porto \u00e9 engarrafado em Vila Nova de Gaia, numa \u00e1rea de aproximadamente 10.000 metros quadrados, onde se situam uma filial e um setor log\u00edstico.<\/p>\n<p>A MESSIAS \u00e9 um dos poucos grupos que disp\u00f5e duma gama completa de produtos v\u00ednicos &#8211; vinhos tranquilos, vinhos espumantes, vinhos fortificados e aguardentes &#8211; das melhores regi\u00f5es portuguesas e das suas pr\u00f3prias Quintas.<\/p>","protected":false},"excerpt":{"rendered":"<p>C\u00f4r \u00e2mbar brilhante. Nariz complexo com notas de torrefa\u00e7\u00e3o de caf\u00e9 e frutos secos tipo nozes e figos. A componente floral aparece na boca, suave, aveludada e prolongada.<\/p>\n<p>38 %vol.<\/p>","protected":false},"featured_media":20238,"template":"","meta":{"_exactmetrics_skip_tracking":false,"_exactmetrics_sitenote_active":false,"_exactmetrics_sitenote_note":"","_exactmetrics_sitenote_category":0,"_uf_show_specific_survey":0,"_uf_disable_surveys":false,"iawp_total_views":9},"product_brand":[],"product_cat":[180,158],"product_tag":[],"class_list":{"0":"post-20237","1":"product","2":"type-product","3":"status-publish","4":"has-post-thumbnail","6":"product_cat-aguardente","7":"product_cat-espirituosos","9":"first","10":"instock","11":"shipping-taxable","12":"purchasable","13":"product-type-simple"},"_links":{"self":[{"href":"https:\/\/garrafeiragrandeescolha.pt\/en\/wp-json\/wp\/v2\/product\/20237","targetHints":{"allow":["GET"]}}],"collection":[{"href":"https:\/\/garrafeiragrandeescolha.pt\/en\/wp-json\/wp\/v2\/product"}],"about":[{"href":"https:\/\/garrafeiragrandeescolha.pt\/en\/wp-json\/wp\/v2\/types\/product"}],"wp:featuredmedia":[{"embeddable":true,"href":"https:\/\/garrafeiragrandeescolha.pt\/en\/wp-json\/wp\/v2\/media\/20238"}],"wp:attachment":[{"href":"https:\/\/garrafeiragrandeescolha.pt\/en\/wp-json\/wp\/v2\/media?parent=20237"}],"wp:term":[{"taxonomy":"product_brand","embeddable":true,"href":"https:\/\/garrafeiragrandeescolha.pt\/en\/wp-json\/wp\/v2\/product_brand?post=20237"},{"taxonomy":"product_cat","embeddable":true,"href":"https:\/\/garrafeiragrandeescolha.pt\/en\/wp-json\/wp\/v2\/product_cat?post=20237"},{"taxonomy":"product_tag","embeddable":true,"href":"https:\/\/garrafeiragrandeescolha.pt\/en\/wp-json\/wp\/v2\/product_tag?post=20237"}],"curies":[{"name":"wp","href":"https:\/\/api.w.org\/{rel}","templated":true}]}}