{"id":20285,"date":"2025-10-16T15:10:49","date_gmt":"2025-10-16T15:10:49","guid":{"rendered":"https:\/\/garrafeiragrandeescolha.pt\/?post_type=product&#038;p=20285"},"modified":"2025-12-04T19:52:45","modified_gmt":"2025-12-04T19:52:45","slug":"reguengo-de-melgaco-alvarinho-vinho-verde-branco-75cl","status":"publish","type":"product","link":"https:\/\/garrafeiragrandeescolha.pt\/en\/product-2\/reguengo-de-melgaco-alvarinho-vinho-verde-branco-75cl\/","title":{"rendered":"Reguengo de Melga\u00e7o Alvarinho 2024 75cl"},"content":{"rendered":"<p>Produzido na quinta do reguengo, local escolhido h\u00e1 muitos s\u00e9culos pela famlia real para enviar familares e a\u00ed se instalarem! O p\u00e1ssaro que inspira a marca est\u00e1 presente nos bras\u00f5es do solar e queremos que os vinhos sejam t\u00e3o intrigantes, sofisticados, fascinantes e orginais como ele.<\/p>\n<p>As uvas s\u00e3o transportadas para a adega imediatamente ap\u00f3s a colheita em pequenas caixas. S\u00e3o depois suavemente prensadas antes de entrarem no processo de fermenta\u00e7\u00e3o em cubas de a\u00e7o inox com sistema de refrigera\u00e7\u00e3o com controlo de temperatura, 15\u00ba a 18\u00ba. S\u00e3o adicionadas leveduras de fermenta\u00e7\u00e3o selecionadas. Matura\u00e7\u00e3o na garrafa<\/p>","protected":false},"excerpt":{"rendered":"<p>Cor l\u00edmpida e citrina. Aroma ligeiramente frutado, com nuances citrinas, alguma flor de laranjeira e frutas tropicais de caro\u00e7o. Paladar fresco mineral e aveludado com um final de boca longo e persistente.<\/p>\n<p>Excelente aperitivo. Harmoniza bem com peixes, frutos do mar e assados.<\/p>","protected":false},"featured_media":20286,"template":"","meta":{"_exactmetrics_skip_tracking":false,"_exactmetrics_sitenote_active":false,"_exactmetrics_sitenote_note":"","_exactmetrics_sitenote_category":0,"_uf_show_specific_survey":0,"_uf_disable_surveys":false,"iawp_total_views":9},"product_brand":[],"product_cat":[157,185,206],"product_tag":[],"class_list":{"0":"post-20285","1":"product","2":"type-product","3":"status-publish","4":"has-post-thumbnail","6":"product_cat-vinhos","7":"product_cat-branco","8":"product_cat-vinhos-verdes","10":"first","11":"instock","12":"shipping-taxable","13":"purchasable","14":"product-type-simple"},"_links":{"self":[{"href":"https:\/\/garrafeiragrandeescolha.pt\/en\/wp-json\/wp\/v2\/product\/20285","targetHints":{"allow":["GET"]}}],"collection":[{"href":"https:\/\/garrafeiragrandeescolha.pt\/en\/wp-json\/wp\/v2\/product"}],"about":[{"href":"https:\/\/garrafeiragrandeescolha.pt\/en\/wp-json\/wp\/v2\/types\/product"}],"wp:featuredmedia":[{"embeddable":true,"href":"https:\/\/garrafeiragrandeescolha.pt\/en\/wp-json\/wp\/v2\/media\/20286"}],"wp:attachment":[{"href":"https:\/\/garrafeiragrandeescolha.pt\/en\/wp-json\/wp\/v2\/media?parent=20285"}],"wp:term":[{"taxonomy":"product_brand","embeddable":true,"href":"https:\/\/garrafeiragrandeescolha.pt\/en\/wp-json\/wp\/v2\/product_brand?post=20285"},{"taxonomy":"product_cat","embeddable":true,"href":"https:\/\/garrafeiragrandeescolha.pt\/en\/wp-json\/wp\/v2\/product_cat?post=20285"},{"taxonomy":"product_tag","embeddable":true,"href":"https:\/\/garrafeiragrandeescolha.pt\/en\/wp-json\/wp\/v2\/product_tag?post=20285"}],"curies":[{"name":"wp","href":"https:\/\/api.w.org\/{rel}","templated":true}]}}