{"id":20360,"date":"2025-10-22T14:57:27","date_gmt":"2025-10-22T14:57:27","guid":{"rendered":"https:\/\/garrafeiragrandeescolha.pt\/?post_type=product&#038;p=20360"},"modified":"2025-10-22T15:00:49","modified_gmt":"2025-10-22T15:00:49","slug":"cortes-do-reguengo-reserva-branco-2024-75cl","status":"publish","type":"product","link":"https:\/\/garrafeiragrandeescolha.pt\/en\/product-2\/cortes-do-reguengo-reserva-branco-2024-75cl\/","title":{"rendered":"Cortes do Reguengo Reserva Branco 2024 75cl"},"content":{"rendered":"<p><img fetchpriority=\"high\" decoding=\"async\" class=\"size-full wp-image-17211 aligncenter\" src=\"http:\/\/garrafeiragrandeescolha.pt\/wp-content\/uploads\/2023\/01\/logo-quinta-reguengo.png\" alt=\"\" width=\"300\" height=\"226\" srcset=\"https:\/\/garrafeiragrandeescolha.pt\/wp-content\/uploads\/2023\/01\/logo-quinta-reguengo.png 300w, https:\/\/garrafeiragrandeescolha.pt\/wp-content\/uploads\/2023\/01\/logo-quinta-reguengo-16x12.png 16w\" sizes=\"(max-width: 300px) 100vw, 300px\" \/><\/p>\n<p>&nbsp;<\/p>\n<p>It was from the Douro River, on a boat trip, that the patriarch of the Cardoso Family saw for the first time the property he would come to call his own: Quinta do Reguengo, in Pocinho (Vila Nova de Foz C\u00f4a).<br \/>\nIf the beauty of the World Heritage Region enchanted the Family, it was the desire and vision to create excellent wines that made them stay, since 2018, to give new life to the \u201creguengo\u201d that once belonged to Queen D. Am\u00e9lia.<br \/>\nThe rehabilitation of the winery and mills, as well as the restructuring of the vineyard, are already materializing in new wine references that honor the history and profile of the region.<\/p>\n<p>Located in the Douro Superior sub-region, Quinta do Reguengo is located on the Vilari\u00e7a tectonic fault, where clay-schist soils with granite outcrops combine with a unique microclimate, which relies on the hot and humid winds of the river valley and the freshest winds in Spain.<br \/>\nThis exceptional natural ecosystem for the production of complex and balanced wines also benefits from a great diversity of altitudes (up to 300 meters), sun exposure and grape varieties.<\/p>\n<p>The 200 hectares owned by the producer extend across two locations that merge under the Quinta do Reguengo banner: the Quinta itself, surrounded by the Douro River, and also Vale da Pia, a property with a higher altitude and greater extension, where it was complex work was carried out to restore and renew the vineyard.<br \/>\nA dozen grape varieties \u2013 including Touriga Nacional and Touriga Francesa, Tinta Roriz, Gouveio or Viosinho \u2013 find ideal places in the two properties to achieve their optimum expression.<\/p>","protected":false},"excerpt":{"rendered":"<p data-css=\"tve-u-622a0cb23968d9\"><span data-css=\"tve-u-622a0cb23968e6\">Os solos argiloxistosos com afloramentos gran\u00edticos e o microclima \u00fanico da Quinta do Reguengo criam um ecossistema natural para a produ\u00e7\u00e3o de vinhos complexos e equilibrados. Um verdadeiro ber\u00e7o de ouro que d\u00e1 origem aos vinhos Cortes do Reguengo, que assinalam os primeiros anos da Fam\u00edlia Cardoso no Douro.<\/span><\/p>\n<p data-css=\"tve-u-622a0cb23968f4\">O Cortes do Reguengo Branco concentra um aroma rico, complexo e frutado, juntando ainda leves notas florais bem integradas com o fumado da barrica. Na boca, \u00e9 igualmente frutado e equilibrado, com uma acidez bem presente a criar um final longo e fresco.<\/p>\n<p>Ideal para acompanhar pratos condimentados, marisco, carnes brancas e pratos de peixe, em especial, bacalhau.<\/p>","protected":false},"featured_media":20361,"template":"","meta":{"_exactmetrics_skip_tracking":false,"_exactmetrics_sitenote_active":false,"_exactmetrics_sitenote_note":"","_exactmetrics_sitenote_category":0,"_uf_show_specific_survey":0,"_uf_disable_surveys":false,"iawp_total_views":18},"product_brand":[],"product_cat":[185,188,157],"product_tag":[],"class_list":{"0":"post-20360","1":"product","2":"type-product","3":"status-publish","4":"has-post-thumbnail","6":"product_cat-branco","7":"product_cat-douro-branco","8":"product_cat-vinhos","10":"first","11":"instock","12":"shipping-taxable","13":"purchasable","14":"product-type-simple"},"_links":{"self":[{"href":"https:\/\/garrafeiragrandeescolha.pt\/en\/wp-json\/wp\/v2\/product\/20360","targetHints":{"allow":["GET"]}}],"collection":[{"href":"https:\/\/garrafeiragrandeescolha.pt\/en\/wp-json\/wp\/v2\/product"}],"about":[{"href":"https:\/\/garrafeiragrandeescolha.pt\/en\/wp-json\/wp\/v2\/types\/product"}],"wp:featuredmedia":[{"embeddable":true,"href":"https:\/\/garrafeiragrandeescolha.pt\/en\/wp-json\/wp\/v2\/media\/20361"}],"wp:attachment":[{"href":"https:\/\/garrafeiragrandeescolha.pt\/en\/wp-json\/wp\/v2\/media?parent=20360"}],"wp:term":[{"taxonomy":"product_brand","embeddable":true,"href":"https:\/\/garrafeiragrandeescolha.pt\/en\/wp-json\/wp\/v2\/product_brand?post=20360"},{"taxonomy":"product_cat","embeddable":true,"href":"https:\/\/garrafeiragrandeescolha.pt\/en\/wp-json\/wp\/v2\/product_cat?post=20360"},{"taxonomy":"product_tag","embeddable":true,"href":"https:\/\/garrafeiragrandeescolha.pt\/en\/wp-json\/wp\/v2\/product_tag?post=20360"}],"curies":[{"name":"wp","href":"https:\/\/api.w.org\/{rel}","templated":true}]}}