{"id":20432,"date":"2025-10-31T16:50:06","date_gmt":"2025-10-31T16:50:06","guid":{"rendered":"https:\/\/garrafeiragrandeescolha.pt\/?post_type=product&#038;p=20432"},"modified":"2025-10-31T16:52:16","modified_gmt":"2025-10-31T16:52:16","slug":"gin-akori-yuzu-70cl","status":"publish","type":"product","link":"https:\/\/garrafeiragrandeescolha.pt\/en\/product-2\/gin-akori-yuzu-70cl\/","title":{"rendered":"Gin Akori Yuzu 70cl"},"content":{"rendered":"<p>Apesar do design e do nome da garrafa ao estilo japon\u00eas, o Akori Gin \u00e9 origin\u00e1rio de Espanha. No entanto, a empresa Destilerias, que produz este gin, inspira-se fortemente nos sabores do Extremo Oriente. Por exemplo, os bot\u00e2nicos t\u00edpicos japoneses, como a pitaya, o <em>kumquat<\/em> e o gengibre, s\u00e3o utilizados na produ\u00e7\u00e3o do Akori Gin. O <em>kumquat<\/em>, tamb\u00e9m conhecido por laranja-an\u00e3 ou laranja-amarga-an\u00e3, pertence \u00e0 fam\u00edlia das arrudas.<\/p>","protected":false},"excerpt":{"rendered":"<p>O <em>Akori Gin Yuzu<\/em> impressiona pelo seu perfil de sabor refrescante, dominado pelo fruto yuzu. Um ligeiro toque de gengibre completa o aroma. Este gin combina as notas claras de zimbro com os sabores inconfund\u00edveis de <em>yuzu<\/em>, estrag\u00e3o e gengibre para criar uma experi\u00eancia harmoniosa.<\/p>\n<p>Uma fus\u00e3o magistral de sabores tradicionais e ex\u00f3ticos que certamente far\u00e1 as del\u00edcias dos amantes de gins arom\u00e1ticos e \u00fanicos.<\/p>\n<p>Notas de prova:<br \/>\nCor: Clara. Aroma: Fresco, floral, com um toque de citrinos e especiarias. Sabor: Frutado, fresco, citrinos, gengibre e pitaya. Finaliza\u00e7\u00e3o: Longa.<\/p>","protected":false},"featured_media":20433,"template":"","meta":{"_exactmetrics_skip_tracking":false,"_exactmetrics_sitenote_active":false,"_exactmetrics_sitenote_note":"","_exactmetrics_sitenote_category":0,"_uf_show_specific_survey":0,"_uf_disable_surveys":false,"iawp_total_views":3},"product_brand":[],"product_cat":[158,183],"product_tag":[],"class_list":{"0":"post-20432","1":"product","2":"type-product","3":"status-publish","4":"has-post-thumbnail","6":"product_cat-espirituosos","7":"product_cat-gin","9":"first","10":"instock","11":"shipping-taxable","12":"purchasable","13":"product-type-simple"},"_links":{"self":[{"href":"https:\/\/garrafeiragrandeescolha.pt\/en\/wp-json\/wp\/v2\/product\/20432","targetHints":{"allow":["GET"]}}],"collection":[{"href":"https:\/\/garrafeiragrandeescolha.pt\/en\/wp-json\/wp\/v2\/product"}],"about":[{"href":"https:\/\/garrafeiragrandeescolha.pt\/en\/wp-json\/wp\/v2\/types\/product"}],"wp:featuredmedia":[{"embeddable":true,"href":"https:\/\/garrafeiragrandeescolha.pt\/en\/wp-json\/wp\/v2\/media\/20433"}],"wp:attachment":[{"href":"https:\/\/garrafeiragrandeescolha.pt\/en\/wp-json\/wp\/v2\/media?parent=20432"}],"wp:term":[{"taxonomy":"product_brand","embeddable":true,"href":"https:\/\/garrafeiragrandeescolha.pt\/en\/wp-json\/wp\/v2\/product_brand?post=20432"},{"taxonomy":"product_cat","embeddable":true,"href":"https:\/\/garrafeiragrandeescolha.pt\/en\/wp-json\/wp\/v2\/product_cat?post=20432"},{"taxonomy":"product_tag","embeddable":true,"href":"https:\/\/garrafeiragrandeescolha.pt\/en\/wp-json\/wp\/v2\/product_tag?post=20432"}],"curies":[{"name":"wp","href":"https:\/\/api.w.org\/{rel}","templated":true}]}}