{"id":20434,"date":"2025-10-31T16:57:17","date_gmt":"2025-10-31T16:57:17","guid":{"rendered":"https:\/\/garrafeiragrandeescolha.pt\/?post_type=product&#038;p=20434"},"modified":"2025-10-31T16:57:17","modified_gmt":"2025-10-31T16:57:17","slug":"gin-amrut-nilgiris-indian-dry-70cl","status":"publish","type":"product","link":"https:\/\/garrafeiragrandeescolha.pt\/en\/product-2\/gin-amrut-nilgiris-indian-dry-70cl\/","title":{"rendered":"Gin Amrut Nilgiris Indian Dry 70cl"},"content":{"rendered":"<p><img decoding=\"async\" class=\"aligncenter\" src=\"https:\/\/www.tcmgourmet.com\/img\/m\/352.jpg\" alt=\"Amrut\" \/><\/p>\n<p>Durante as d\u00e9cadas de 1950 e 1960, a Amrut lan\u00e7ou produtos para as for\u00e7as armadas indianas, bem como para o mercado em geral; os produtos inclu\u00edam o rum escuro Amrut XXX e o Silver Cup Brandy.<\/p>\n<p><em>Gin Amrut Nilgiris<\/em> \u00e9 uma obra-prima da destilaria indiana, que combina tradi\u00e7\u00e3o e modernidade em cada gota. Elabora\u00e7\u00e3o com bagas de zimbro selecionadas e bot\u00e2nica local, este Genebra oferece um perfil fresco e vibrante que captura a ess\u00eancia das colinas de Nilgiris. Sua formatura alco\u00f3lica 42,8% destaca a intensidade de seus sabores, enquanto seu meticuloso processo de destila\u00e7\u00e3o garante uma qualidade excepcional.<\/p>\n<p>No nariz, as notas florais e c\u00edtricas s\u00e3o implantadas, acompanhadas por um toque picante que convida a degusta\u00e7\u00e3o. Ao tentar, o paladar fica encantado com a riqueza dos ingredientes, onde a al\u00e7a bruta e o zimbro est\u00e3o entrela\u00e7adas em uma dan\u00e7a de sabores. Este gim n\u00e3o \u00e9 apenas uma bebida, \u00e9 uma experi\u00eancia sensorial que evoca a frescura da natureza indiana.<\/p>\n<p>Amrut Nilgiris \u00e9 mais do que um gin; \u00c9 uma homenagem ao patrim\u00f4nio cultural da \u00cdndia e da destila\u00e7\u00e3o artesanal. Perfeito para desfrutar de um coquetel ou sozinho, cada gole transporta-o numa jornada atrav\u00e9s de paisagens vibrantes e aromas cativantes.<\/p>","protected":false},"excerpt":{"rendered":"<div class=\"bloque-experiencia-info\">\n<div id=\"nariz-texto\">\n<p>Aroma: aromas do zimbro, flores e um toque picante.<\/p>\n<\/div>\n<\/div>\n<div class=\"bloque-experiencia-info\">\n<div id=\"boca-texto\">\n<p>Sabor: macio e fresco, com um acabamento frutado e picante.<\/p>\n<\/div>\n<\/div>\n<div class=\"bloque-experiencia-info\">\n<div id=\"vista-texto\">\n<p>Aspecto: transl\u00facido e brilhante, com um leve flash.<\/p>\n<\/div>\n<\/div>","protected":false},"featured_media":20435,"template":"","meta":{"_exactmetrics_skip_tracking":false,"_exactmetrics_sitenote_active":false,"_exactmetrics_sitenote_note":"","_exactmetrics_sitenote_category":0,"_uf_show_specific_survey":0,"_uf_disable_surveys":false,"iawp_total_views":6},"product_brand":[],"product_cat":[158,183],"product_tag":[],"class_list":{"0":"post-20434","1":"product","2":"type-product","3":"status-publish","4":"has-post-thumbnail","6":"product_cat-espirituosos","7":"product_cat-gin","9":"first","10":"instock","11":"shipping-taxable","12":"purchasable","13":"product-type-simple"},"_links":{"self":[{"href":"https:\/\/garrafeiragrandeescolha.pt\/en\/wp-json\/wp\/v2\/product\/20434","targetHints":{"allow":["GET"]}}],"collection":[{"href":"https:\/\/garrafeiragrandeescolha.pt\/en\/wp-json\/wp\/v2\/product"}],"about":[{"href":"https:\/\/garrafeiragrandeescolha.pt\/en\/wp-json\/wp\/v2\/types\/product"}],"wp:featuredmedia":[{"embeddable":true,"href":"https:\/\/garrafeiragrandeescolha.pt\/en\/wp-json\/wp\/v2\/media\/20435"}],"wp:attachment":[{"href":"https:\/\/garrafeiragrandeescolha.pt\/en\/wp-json\/wp\/v2\/media?parent=20434"}],"wp:term":[{"taxonomy":"product_brand","embeddable":true,"href":"https:\/\/garrafeiragrandeescolha.pt\/en\/wp-json\/wp\/v2\/product_brand?post=20434"},{"taxonomy":"product_cat","embeddable":true,"href":"https:\/\/garrafeiragrandeescolha.pt\/en\/wp-json\/wp\/v2\/product_cat?post=20434"},{"taxonomy":"product_tag","embeddable":true,"href":"https:\/\/garrafeiragrandeescolha.pt\/en\/wp-json\/wp\/v2\/product_tag?post=20434"}],"curies":[{"name":"wp","href":"https:\/\/api.w.org\/{rel}","templated":true}]}}