{"id":20488,"date":"2025-11-04T15:17:27","date_gmt":"2025-11-04T15:17:27","guid":{"rendered":"https:\/\/garrafeiragrandeescolha.pt\/?post_type=product&#038;p=20488"},"modified":"2025-11-04T15:17:28","modified_gmt":"2025-11-04T15:17:28","slug":"porto-cockburns-the-tawny-eyes-75cl","status":"publish","type":"product","link":"https:\/\/garrafeiragrandeescolha.pt\/en\/product-2\/porto-cockburns-the-tawny-eyes-75cl\/","title":{"rendered":"Porto Cockburn&#8217;s The Tawny Eyes 75cl"},"content":{"rendered":"<p><img decoding=\"async\" class=\"aligncenter\" src=\"https:\/\/www.cockburns.com\/images\/brand-logo-header.svg?v=1\" alt=\"The Home of Cockburn's Port \u00b7 Cockburn's\" \/><\/p>\n<p>A Cockburn\u2019s foi fundada em 1815 por Robert Cockburn, um soldado escoc\u00eas que combateu em Portugal durante a Guerra Peninsular. Hoje, esta empresa secular pertence \u00e0 fam\u00edlia Symington, produtores de Vinho do Porto h\u00e1 mais de 125 anos.<\/p>","protected":false},"excerpt":{"rendered":"<p>Corpo e alma de qualquer festa, o tawny eyes n\u00e3o vai parar de te surpreender. Porto tawny envelhecido em madeira, selecionado dos melhores cascos, concebido para ser expressivo e vibrante. Torna-o teu, bebe-o como quiseres e n\u00e3o hesites em mistur\u00e1-lo.<\/p>\n<p>Uma nova gera\u00e7\u00e3o na Cockburn\u2019s desafiou os seus en\u00f3logos a produzir uma gama de Portos experimentais, recorrendo a alguns dos melhores lotes reservados aos melhores vinhos. Vinhos do Porto frescos, vibrantes e que valem por si, independentemente de como s\u00e3o consumidos: simples ou misturados. Portos sem limita\u00e7\u00f5es. Orgulho de qualquer produtor, um bom tawny que atraia cora\u00e7\u00f5es e encha copos \u00e9 normalmente apreciado com muita calma e seriedade. Mas a Cockburn\u2019s nunca foi de esconder sentimentos (nem vinho!). Queriam fazer um porto que fosse o corpo e a alma da festa. Este \u00e9 o Tawny Eyes: torna-o teu, bebe-o como quiseres e n\u00e3o hesites em mistur\u00e1-lo.<\/p>\n<p>Transbordando complexos sabores de fruta e um final de boca macio com notas de mel, caramelo e baunilha, o tawny eyes d\u00e1-se \u00e0 experimenta\u00e7\u00e3o. Carregado de car\u00e1cter, escolhemos o tawny com gengibre como a sugest\u00e3o da casa. Mas j\u00e1 sabes: n\u00e3o te limites a abra\u00e7ar o inesperado, f\u00e1-lo acontecer.<\/p>","protected":false},"featured_media":20489,"template":"","meta":{"_exactmetrics_skip_tracking":false,"_exactmetrics_sitenote_active":false,"_exactmetrics_sitenote_note":"","_exactmetrics_sitenote_category":0,"_uf_show_specific_survey":0,"_uf_disable_surveys":false,"iawp_total_views":23},"product_brand":[],"product_cat":[159,173],"product_tag":[],"class_list":{"0":"post-20488","1":"product","2":"type-product","3":"status-publish","4":"has-post-thumbnail","6":"product_cat-portos","7":"product_cat-tawny-ruby","9":"first","10":"instock","11":"shipping-taxable","12":"purchasable","13":"product-type-simple"},"_links":{"self":[{"href":"https:\/\/garrafeiragrandeescolha.pt\/en\/wp-json\/wp\/v2\/product\/20488","targetHints":{"allow":["GET"]}}],"collection":[{"href":"https:\/\/garrafeiragrandeescolha.pt\/en\/wp-json\/wp\/v2\/product"}],"about":[{"href":"https:\/\/garrafeiragrandeescolha.pt\/en\/wp-json\/wp\/v2\/types\/product"}],"wp:featuredmedia":[{"embeddable":true,"href":"https:\/\/garrafeiragrandeescolha.pt\/en\/wp-json\/wp\/v2\/media\/20489"}],"wp:attachment":[{"href":"https:\/\/garrafeiragrandeescolha.pt\/en\/wp-json\/wp\/v2\/media?parent=20488"}],"wp:term":[{"taxonomy":"product_brand","embeddable":true,"href":"https:\/\/garrafeiragrandeescolha.pt\/en\/wp-json\/wp\/v2\/product_brand?post=20488"},{"taxonomy":"product_cat","embeddable":true,"href":"https:\/\/garrafeiragrandeescolha.pt\/en\/wp-json\/wp\/v2\/product_cat?post=20488"},{"taxonomy":"product_tag","embeddable":true,"href":"https:\/\/garrafeiragrandeescolha.pt\/en\/wp-json\/wp\/v2\/product_tag?post=20488"}],"curies":[{"name":"wp","href":"https:\/\/api.w.org\/{rel}","templated":true}]}}