{"id":20556,"date":"2025-11-06T10:48:35","date_gmt":"2025-11-06T10:48:35","guid":{"rendered":"https:\/\/garrafeiragrandeescolha.pt\/?post_type=product&#038;p=20556"},"modified":"2025-11-07T18:26:57","modified_gmt":"2025-11-07T18:26:57","slug":"dona-helena-tinto-75cl","status":"publish","type":"product","link":"https:\/\/garrafeiragrandeescolha.pt\/en\/product-2\/dona-helena-tinto-75cl\/","title":{"rendered":"Dona Helena Tinto 2023 75cl"},"content":{"rendered":"","protected":false},"excerpt":{"rendered":"<p>Cor tijolo escuro. Aroma intento a frutos vermelhos e especiarias. Muito suave com boa estrutura e taninos. Com a idade, desenvolve sabor a frutos secos, especiarias, chocolate e caf\u00e9, final longo e persistente. Fermenta\u00e7\u00e3o alco\u00f3lica em cubas de inox a temperaturas controladas seguida de macera\u00e7\u00e3o pelicular. Est\u00e1gio de 8 meses em carvalho franc\u00eas e americano.<\/p>","protected":false},"featured_media":20557,"template":"","meta":{"_exactmetrics_skip_tracking":false,"_exactmetrics_sitenote_active":false,"_exactmetrics_sitenote_note":"","_exactmetrics_sitenote_category":0,"_uf_show_specific_survey":0,"_uf_disable_surveys":false,"iawp_total_views":3},"product_brand":[],"product_cat":[157,184,214],"product_tag":[],"class_list":{"0":"post-20556","1":"product","2":"type-product","3":"status-publish","4":"has-post-thumbnail","6":"product_cat-vinhos","7":"product_cat-tinto","8":"product_cat-setubal","10":"first","11":"instock","12":"shipping-taxable","13":"purchasable","14":"product-type-simple"},"_links":{"self":[{"href":"https:\/\/garrafeiragrandeescolha.pt\/en\/wp-json\/wp\/v2\/product\/20556","targetHints":{"allow":["GET"]}}],"collection":[{"href":"https:\/\/garrafeiragrandeescolha.pt\/en\/wp-json\/wp\/v2\/product"}],"about":[{"href":"https:\/\/garrafeiragrandeescolha.pt\/en\/wp-json\/wp\/v2\/types\/product"}],"wp:featuredmedia":[{"embeddable":true,"href":"https:\/\/garrafeiragrandeescolha.pt\/en\/wp-json\/wp\/v2\/media\/20557"}],"wp:attachment":[{"href":"https:\/\/garrafeiragrandeescolha.pt\/en\/wp-json\/wp\/v2\/media?parent=20556"}],"wp:term":[{"taxonomy":"product_brand","embeddable":true,"href":"https:\/\/garrafeiragrandeescolha.pt\/en\/wp-json\/wp\/v2\/product_brand?post=20556"},{"taxonomy":"product_cat","embeddable":true,"href":"https:\/\/garrafeiragrandeescolha.pt\/en\/wp-json\/wp\/v2\/product_cat?post=20556"},{"taxonomy":"product_tag","embeddable":true,"href":"https:\/\/garrafeiragrandeescolha.pt\/en\/wp-json\/wp\/v2\/product_tag?post=20556"}],"curies":[{"name":"wp","href":"https:\/\/api.w.org\/{rel}","templated":true}]}}