{"id":20570,"date":"2025-11-06T11:43:56","date_gmt":"2025-11-06T11:43:56","guid":{"rendered":"https:\/\/garrafeiragrandeescolha.pt\/?post_type=product&#038;p=20570"},"modified":"2025-11-06T11:43:56","modified_gmt":"2025-11-06T11:43:56","slug":"cognac-courvoisier-xo-70cl-2","status":"publish","type":"product","link":"https:\/\/garrafeiragrandeescolha.pt\/en\/product-2\/cognac-courvoisier-xo-70cl-2\/","title":{"rendered":"Cognac Courvoisier XO 70cl"},"content":{"rendered":"","protected":false},"excerpt":{"rendered":"<p>Courvoisier X.O resulta de um blend de lotes Extra-Old, envelhecidos entre 11 a 25 anos. Elaborado a partir de uvas seleCionadas das melhores regi\u00f5es de Cognac e que lhe conferem por isso a designa\u00e7\u00e3o &#8220;Fine Champagne&#8221;,Courvoisier X.O. \u00e9 reconhecido como um dos melhores X.O.s do mundo por real\u00e7ar a complexidade e riqueza dos Cognacs. &#8220;Very Special Old Pale&#8221; refere-se \u00e0 Declara\u00e7\u00e3o de Idade de aguardentes vin\u00edcas, onde o mais novo do blend estagia em barricas de carvalho pelo menos 6 anos.<\/p>","protected":false},"featured_media":20571,"template":"","meta":{"_exactmetrics_skip_tracking":false,"_exactmetrics_sitenote_active":false,"_exactmetrics_sitenote_note":"","_exactmetrics_sitenote_category":0,"_uf_show_specific_survey":0,"_uf_disable_surveys":false,"iawp_total_views":6},"product_brand":[],"product_cat":[158,181],"product_tag":[],"class_list":{"0":"post-20570","1":"product","2":"type-product","3":"status-publish","4":"has-post-thumbnail","6":"product_cat-espirituosos","7":"product_cat-cognac","9":"first","10":"instock","11":"shipping-taxable","12":"purchasable","13":"product-type-simple"},"_links":{"self":[{"href":"https:\/\/garrafeiragrandeescolha.pt\/en\/wp-json\/wp\/v2\/product\/20570","targetHints":{"allow":["GET"]}}],"collection":[{"href":"https:\/\/garrafeiragrandeescolha.pt\/en\/wp-json\/wp\/v2\/product"}],"about":[{"href":"https:\/\/garrafeiragrandeescolha.pt\/en\/wp-json\/wp\/v2\/types\/product"}],"wp:featuredmedia":[{"embeddable":true,"href":"https:\/\/garrafeiragrandeescolha.pt\/en\/wp-json\/wp\/v2\/media\/20571"}],"wp:attachment":[{"href":"https:\/\/garrafeiragrandeescolha.pt\/en\/wp-json\/wp\/v2\/media?parent=20570"}],"wp:term":[{"taxonomy":"product_brand","embeddable":true,"href":"https:\/\/garrafeiragrandeescolha.pt\/en\/wp-json\/wp\/v2\/product_brand?post=20570"},{"taxonomy":"product_cat","embeddable":true,"href":"https:\/\/garrafeiragrandeescolha.pt\/en\/wp-json\/wp\/v2\/product_cat?post=20570"},{"taxonomy":"product_tag","embeddable":true,"href":"https:\/\/garrafeiragrandeescolha.pt\/en\/wp-json\/wp\/v2\/product_tag?post=20570"}],"curies":[{"name":"wp","href":"https:\/\/api.w.org\/{rel}","templated":true}]}}