{"id":20583,"date":"2025-11-06T12:29:49","date_gmt":"2025-11-06T12:29:49","guid":{"rendered":"https:\/\/garrafeiragrandeescolha.pt\/?post_type=product&#038;p=20583"},"modified":"2025-11-06T12:30:54","modified_gmt":"2025-11-06T12:30:54","slug":"absinto-rodnik-boheme-blue-70cl","status":"publish","type":"product","link":"https:\/\/garrafeiragrandeescolha.pt\/en\/product-2\/absinto-rodnik-boheme-blue-70cl\/","title":{"rendered":"Absinto Rodnik Boh\u00e9me Blue 70cl"},"content":{"rendered":"","protected":false},"excerpt":{"rendered":"<p>O seu nome deriva do ingrediente de sabor principal &#8211; artem\u00edsia. \u00c9 produzido pela macera\u00e7\u00e3o do extrato de erva. O aroma t\u00edpico e o sabor da artem\u00edsia s\u00e3o acentuados pelo anis e pela hortel\u00e3.<\/p>\n<p>O absinto ronik \u00e9 arom\u00e1tico, liso e feito tradicionalmente misturada com \u00e1gua e a\u00e7\u00facar.\u00a0 Destilado em Espanha a partir das melhores plantas mediterr\u00e2nicas e ervas.<\/p>","protected":false},"featured_media":20584,"template":"","meta":{"_exactmetrics_skip_tracking":false,"_exactmetrics_sitenote_active":false,"_exactmetrics_sitenote_note":"","_exactmetrics_sitenote_category":0,"_uf_show_specific_survey":0,"_uf_disable_surveys":false,"iawp_total_views":12},"product_brand":[],"product_cat":[158,204],"product_tag":[228,227],"class_list":{"0":"post-20583","1":"product","2":"type-product","3":"status-publish","4":"has-post-thumbnail","6":"product_cat-espirituosos","7":"product_cat-absinto","8":"product_tag-70cl","9":"product_tag-franca","11":"first","12":"instock","13":"shipping-taxable","14":"purchasable","15":"product-type-simple"},"_links":{"self":[{"href":"https:\/\/garrafeiragrandeescolha.pt\/en\/wp-json\/wp\/v2\/product\/20583","targetHints":{"allow":["GET"]}}],"collection":[{"href":"https:\/\/garrafeiragrandeescolha.pt\/en\/wp-json\/wp\/v2\/product"}],"about":[{"href":"https:\/\/garrafeiragrandeescolha.pt\/en\/wp-json\/wp\/v2\/types\/product"}],"wp:featuredmedia":[{"embeddable":true,"href":"https:\/\/garrafeiragrandeescolha.pt\/en\/wp-json\/wp\/v2\/media\/20584"}],"wp:attachment":[{"href":"https:\/\/garrafeiragrandeescolha.pt\/en\/wp-json\/wp\/v2\/media?parent=20583"}],"wp:term":[{"taxonomy":"product_brand","embeddable":true,"href":"https:\/\/garrafeiragrandeescolha.pt\/en\/wp-json\/wp\/v2\/product_brand?post=20583"},{"taxonomy":"product_cat","embeddable":true,"href":"https:\/\/garrafeiragrandeescolha.pt\/en\/wp-json\/wp\/v2\/product_cat?post=20583"},{"taxonomy":"product_tag","embeddable":true,"href":"https:\/\/garrafeiragrandeescolha.pt\/en\/wp-json\/wp\/v2\/product_tag?post=20583"}],"curies":[{"name":"wp","href":"https:\/\/api.w.org\/{rel}","templated":true}]}}