{"id":20590,"date":"2025-11-06T12:45:19","date_gmt":"2025-11-06T12:45:19","guid":{"rendered":"https:\/\/garrafeiragrandeescolha.pt\/?post_type=product&#038;p=20590"},"modified":"2025-11-07T18:25:23","modified_gmt":"2025-11-07T18:25:23","slug":"cognac-camus-xo-borderies-70cl","status":"publish","type":"product","link":"https:\/\/garrafeiragrandeescolha.pt\/en\/product-2\/cognac-camus-xo-borderies-70cl\/","title":{"rendered":"Cognac Camus XO Borderies 70cl"},"content":{"rendered":"<p><img fetchpriority=\"high\" decoding=\"async\" class=\"aligncenter\" src=\"https:\/\/shop.cognatheque.com\/img\/cms\/Marques\/logo-CAMUS.png\" alt=\"VSOP Borderies Cognac Camus\" width=\"411\" height=\"209\" \/><\/p>\n<p>Profundamente ligado \u00e0 sua terra, as cinco gera\u00e7\u00f5es da fam\u00edlia Camus conseguiram preservar fielmente os valores originais da marca. Este processo, passado de pais para filhos, garante agora a continuidade e o desenvolvimento de uma experi\u00eancia \u00fanica, mantendo os seu principais pilares de tradi\u00e7\u00e3o no solo, videira e uva. Para al\u00e9m de um amor e respeito enormes para com o fruto da terra, a cultura de Camus \u00e9 baseada na inova\u00e7\u00e3o e na procura de qualidades arom\u00e1ticas excepcionais &#8211; para al\u00e9m do seu papel como empres\u00e1rios os membros desta fam\u00edlia v\u00eaem-se como viticultores, exploradores e amantes do seu of\u00edcio. A fam\u00edlia Camus \u00e9 hoje uma das maiores propriet\u00e1rias de terras na denomina\u00e7\u00e3o Cognac Borderies. Esta especificidade \u00e9 pequena para a vis\u00e3o de Jean-Paul Camus, que identificou que o potencial sabor dos diferentes terroirs da regi\u00e3o estaria num est\u00e1gio muito precoce. Guiados mais pela sua pr\u00f3pria intui\u00e7\u00e3o do que pela passagem de tend\u00eancias, escolheu desenvolver o cru Cognac geralmente negligenciado em Borderies e permitindo assim aos seus sabores brilhar por todo o mundo.<\/p>","protected":false},"excerpt":{"rendered":"<p>O conhaque Borderies XO, da casa de Camus apresenta um nariz floral, com algumas notas doces, tais como baunilha e am\u00eandoa. O paladar \u00e9 frutado, aromas suaves de madeira, o acabamento \u00e9 suave.<\/p>","protected":false},"featured_media":20591,"template":"","meta":{"_exactmetrics_skip_tracking":false,"_exactmetrics_sitenote_active":false,"_exactmetrics_sitenote_note":"","_exactmetrics_sitenote_category":0,"_uf_show_specific_survey":0,"_uf_disable_surveys":false,"iawp_total_views":8},"product_brand":[],"product_cat":[158,181],"product_tag":[],"class_list":{"0":"post-20590","1":"product","2":"type-product","3":"status-publish","4":"has-post-thumbnail","6":"product_cat-espirituosos","7":"product_cat-cognac","9":"first","10":"instock","11":"shipping-taxable","12":"purchasable","13":"product-type-simple"},"_links":{"self":[{"href":"https:\/\/garrafeiragrandeescolha.pt\/en\/wp-json\/wp\/v2\/product\/20590","targetHints":{"allow":["GET"]}}],"collection":[{"href":"https:\/\/garrafeiragrandeescolha.pt\/en\/wp-json\/wp\/v2\/product"}],"about":[{"href":"https:\/\/garrafeiragrandeescolha.pt\/en\/wp-json\/wp\/v2\/types\/product"}],"wp:featuredmedia":[{"embeddable":true,"href":"https:\/\/garrafeiragrandeescolha.pt\/en\/wp-json\/wp\/v2\/media\/20591"}],"wp:attachment":[{"href":"https:\/\/garrafeiragrandeescolha.pt\/en\/wp-json\/wp\/v2\/media?parent=20590"}],"wp:term":[{"taxonomy":"product_brand","embeddable":true,"href":"https:\/\/garrafeiragrandeescolha.pt\/en\/wp-json\/wp\/v2\/product_brand?post=20590"},{"taxonomy":"product_cat","embeddable":true,"href":"https:\/\/garrafeiragrandeescolha.pt\/en\/wp-json\/wp\/v2\/product_cat?post=20590"},{"taxonomy":"product_tag","embeddable":true,"href":"https:\/\/garrafeiragrandeescolha.pt\/en\/wp-json\/wp\/v2\/product_tag?post=20590"}],"curies":[{"name":"wp","href":"https:\/\/api.w.org\/{rel}","templated":true}]}}