{"id":20616,"date":"2025-11-07T11:07:52","date_gmt":"2025-11-07T11:07:52","guid":{"rendered":"https:\/\/garrafeiragrandeescolha.pt\/?post_type=product&#038;p=20616"},"modified":"2025-11-07T18:21:11","modified_gmt":"2025-11-07T18:21:11","slug":"porto-noval-vintage-2023-75cl","status":"publish","type":"product","link":"https:\/\/garrafeiragrandeescolha.pt\/en\/product-2\/porto-noval-vintage-2023-75cl\/","title":{"rendered":"Porto Noval Vintage 2023 75cl"},"content":{"rendered":"<p>&nbsp;<\/p>\n<p><img decoding=\"async\" class=\"size-medium wp-image-15374 aligncenter\" src=\"http:\/\/garrafeiragrandeescolha.pt\/wp-content\/uploads\/2022\/02\/noval-logo-300x105.jpg\" alt=\"\" width=\"300\" height=\"105\" srcset=\"https:\/\/garrafeiragrandeescolha.pt\/wp-content\/uploads\/2022\/02\/noval-logo-300x105.jpg 300w, https:\/\/garrafeiragrandeescolha.pt\/wp-content\/uploads\/2022\/02\/noval-logo-768x268.jpg 768w, https:\/\/garrafeiragrandeescolha.pt\/wp-content\/uploads\/2022\/02\/noval-logo-600x209.jpg 600w, https:\/\/garrafeiragrandeescolha.pt\/wp-content\/uploads\/2022\/02\/noval-logo.jpg 800w\" sizes=\"(max-width: 300px) 100vw, 300px\" \/><\/p>\n<p class=\"wysiwyg-text-align-justify\">Quinta do Noval benefits from a privileged location, in the heart of the Douro.<br \/>\nThe 145-hectare vineyard, fully classified as letter A, is planted with the Douro&#039;s most noble grape varieties: Touriga Nacional, Touriga Franca, Tinta Roriz, Tinto C\u00e3o and Sous\u00e3o.<br \/>\nThe vineyard plots have a rich geographic diversity.<br \/>\n. altitude: from 100m to 500m<br \/>\n. Exposure: to all cardinal points<br \/>\n. soil: shale with clay fragments, variable mixture<br \/>\nThese characteristics give the wines different nuances depending on their plot of origin. The magic of Quinta do Noval wines is born from the fusion of these nuances.<\/p>\n<p class=\"wysiwyg-text-align-justify\">Currently, vineyards are replanted with a single variety adapted to each individual plot according to three main factors: altitude, exposure and the type of vineyard planting.<br \/>\nThe magnificent ancient schist stone terraces continue to be the image of Quinta do Noval.<br \/>\nQuinta do Noval is the only historical exporter of Port wine named after its Quinta, and which produces Vintage Port from a single parcel, when declared.<\/p>","protected":false},"excerpt":{"rendered":"<p>O Quinta do Noval Vintage 2023 apresenta uma cor profunda e aromas n\u00edtidos florais e de cereja preta, groselha e um leve toque de especiarias. Surgem tamb\u00e9m notas de figo, cacau e flores secas. Na boca, \u00e9 encorpado, com taninos firmes, acidez equilibrada e fruta bem definida. A estrutura \u00e9 s\u00f3lida, com uma componente mineral que contribui para a defini\u00e7\u00e3o do vinho. O final \u00e9 longo e persistente, revelando pureza e capacidade de envelhecimento.<\/p>\n<p>Com caixa de madeira individual.<\/p>","protected":false},"featured_media":10260,"template":"","meta":{"_exactmetrics_skip_tracking":false,"_exactmetrics_sitenote_active":false,"_exactmetrics_sitenote_note":"","_exactmetrics_sitenote_category":0,"_uf_show_specific_survey":0,"_uf_disable_surveys":false,"iawp_total_views":3},"product_brand":[],"product_cat":[201,159,168],"product_tag":[],"class_list":{"0":"post-20616","1":"product","2":"type-product","3":"status-publish","4":"has-post-thumbnail","6":"product_cat-grandes-vinhos","7":"product_cat-portos","8":"product_cat-vintage","10":"first","11":"instock","12":"shipping-taxable","13":"purchasable","14":"product-type-simple"},"_links":{"self":[{"href":"https:\/\/garrafeiragrandeescolha.pt\/en\/wp-json\/wp\/v2\/product\/20616","targetHints":{"allow":["GET"]}}],"collection":[{"href":"https:\/\/garrafeiragrandeescolha.pt\/en\/wp-json\/wp\/v2\/product"}],"about":[{"href":"https:\/\/garrafeiragrandeescolha.pt\/en\/wp-json\/wp\/v2\/types\/product"}],"wp:featuredmedia":[{"embeddable":true,"href":"https:\/\/garrafeiragrandeescolha.pt\/en\/wp-json\/wp\/v2\/media\/10260"}],"wp:attachment":[{"href":"https:\/\/garrafeiragrandeescolha.pt\/en\/wp-json\/wp\/v2\/media?parent=20616"}],"wp:term":[{"taxonomy":"product_brand","embeddable":true,"href":"https:\/\/garrafeiragrandeescolha.pt\/en\/wp-json\/wp\/v2\/product_brand?post=20616"},{"taxonomy":"product_cat","embeddable":true,"href":"https:\/\/garrafeiragrandeescolha.pt\/en\/wp-json\/wp\/v2\/product_cat?post=20616"},{"taxonomy":"product_tag","embeddable":true,"href":"https:\/\/garrafeiragrandeescolha.pt\/en\/wp-json\/wp\/v2\/product_tag?post=20616"}],"curies":[{"name":"wp","href":"https:\/\/api.w.org\/{rel}","templated":true}]}}