{"id":20683,"date":"2025-11-10T16:23:59","date_gmt":"2025-11-10T16:23:59","guid":{"rendered":"https:\/\/garrafeiragrandeescolha.pt\/?post_type=product&#038;p=20683"},"modified":"2025-11-10T16:39:55","modified_gmt":"2025-11-10T16:39:55","slug":"porto-andresen-colheita-1995-75cl","status":"publish","type":"product","link":"https:\/\/garrafeiragrandeescolha.pt\/en\/product-2\/porto-andresen-colheita-1995-75cl\/","title":{"rendered":"Porto Andresen Colheita 1995 75cl"},"content":{"rendered":"<p><img decoding=\"async\" class=\"aligncenter\" src=\"https:\/\/garrafeiratiopepe.pt\/wp-content\/uploads\/2023\/07\/Andresen-Porto.png\" alt=\"Andresen - Garrafeira Tio Pepe\" width=\"166\" height=\"166\" \/><\/p>\n<p>Andresen merece sua aten\u00e7\u00e3o como um Vinho do Porto Premium. Com uma impressionante imagem de luxo e requinte, Andresen est\u00e1 definido para se tornar o Vinho Porto de escolha para os conhecedores. Se \u00e9 um grande conhecedor de Colheitas e Tawnies premiados, ent\u00e3o Andresen \u00e9 a chave para seu futuro. N\u00f3s exportamos para os principais mercados de Vinho do Porto de todo o mundo, estabelecendo novos padr\u00f5es para o produto e apresenta\u00e7\u00e3o. A nossa nova imagem causou agita\u00e7\u00e3o nos c\u00edrculos do Vinho do Porto, mais surpresas vir\u00e3o num futuro n\u00e3o muito. Convido-o a experimentar, por si mesmo, Andresen Porto. S\u00f3 ent\u00e3o saber\u00e1 o verdadeiro significado de &#8220;discernimento\u201c.<\/p>","protected":false},"excerpt":{"rendered":"<p>TEST RESULTS<\/p>\n<pre>Cor: Aloirado com nuances atijoladas \r\nAroma: Um bom compromisso entre os frutos maduros e frutos secos que lhe confere uma complexidade \u00fanica \r\nPaladar: Macio, envolve muito bem a boca, mostrando uma boa evolu\u00e7\u00e3o e persist\u00eancia arom\u00e1tica \r\nFinal de prova: Longo e Harmonioso. \r\n\r\nSUGEST\u00d5ES DE SERVI\u00c7O E LONGEVIDADE \r\nTemperatura de Consumo: Servir entre 12 e 15\u00ba C. \r\nGastronomia: Acompanha foie-gras, queijo Roquefort e sobremesas doces \u2013 bolos, tortas, cr\u00e8me queimado, chocolates com frutos secos e, como digestivo, com charutos . \r\nPotencial de envelhecimento: N\u00e3o necessita ser decantado; pode ficar aberto v\u00e1rias semanas<\/pre>","protected":false},"featured_media":20684,"template":"","meta":{"_exactmetrics_skip_tracking":false,"_exactmetrics_sitenote_active":false,"_exactmetrics_sitenote_note":"","_exactmetrics_sitenote_category":0,"_uf_show_specific_survey":0,"_uf_disable_surveys":false,"iawp_total_views":6},"product_brand":[],"product_cat":[159,167],"product_tag":[],"class_list":{"0":"post-20683","1":"product","2":"type-product","3":"status-publish","4":"has-post-thumbnail","6":"product_cat-portos","7":"product_cat-colheita","9":"first","10":"instock","11":"shipping-taxable","12":"purchasable","13":"product-type-simple"},"_links":{"self":[{"href":"https:\/\/garrafeiragrandeescolha.pt\/en\/wp-json\/wp\/v2\/product\/20683","targetHints":{"allow":["GET"]}}],"collection":[{"href":"https:\/\/garrafeiragrandeescolha.pt\/en\/wp-json\/wp\/v2\/product"}],"about":[{"href":"https:\/\/garrafeiragrandeescolha.pt\/en\/wp-json\/wp\/v2\/types\/product"}],"wp:featuredmedia":[{"embeddable":true,"href":"https:\/\/garrafeiragrandeescolha.pt\/en\/wp-json\/wp\/v2\/media\/20684"}],"wp:attachment":[{"href":"https:\/\/garrafeiragrandeescolha.pt\/en\/wp-json\/wp\/v2\/media?parent=20683"}],"wp:term":[{"taxonomy":"product_brand","embeddable":true,"href":"https:\/\/garrafeiragrandeescolha.pt\/en\/wp-json\/wp\/v2\/product_brand?post=20683"},{"taxonomy":"product_cat","embeddable":true,"href":"https:\/\/garrafeiragrandeescolha.pt\/en\/wp-json\/wp\/v2\/product_cat?post=20683"},{"taxonomy":"product_tag","embeddable":true,"href":"https:\/\/garrafeiragrandeescolha.pt\/en\/wp-json\/wp\/v2\/product_tag?post=20683"}],"curies":[{"name":"wp","href":"https:\/\/api.w.org\/{rel}","templated":true}]}}