{"id":20765,"date":"2025-11-24T12:13:12","date_gmt":"2025-11-24T12:13:12","guid":{"rendered":"https:\/\/garrafeiragrandeescolha.pt\/?post_type=product&#038;p=20765"},"modified":"2025-12-07T10:40:08","modified_gmt":"2025-12-07T10:40:08","slug":"casa-relvas-pom-pom-rose-75cl","status":"publish","type":"product","link":"https:\/\/garrafeiragrandeescolha.pt\/en\/product-2\/casa-relvas-pom-pom-rose-75cl\/","title":{"rendered":"Casa Relvas Pom Pom Rose 2024 75cl"},"content":{"rendered":"<p><img decoding=\"async\" class=\"aligncenter\" src=\"https:\/\/casarelvas.pt\/img\/logo-blue.b632fd8d.svg\" alt=\"casa-relvas-logo\" width=\"210\" height=\"123\" \/><\/p>\n<p>A Casa Relvas nasceu da vontade de dar continuidade \u00e0 hist\u00f3ria de uma fam\u00edlia ligada \u00e0 terra ao longo de cinco gera\u00e7\u00f5es, em dois continentes. Este projeto familiar foi iniciado em 1997 em S\u00e3o Miguel de Machede, em Redondo, por Alexandre Relvas, que viu na Herdade de S\u00e3o Miguel os horizontes vastos das suas ra\u00edzes em \u00c1frica.<\/p>\n<p>A paix\u00e3o pelo Alentejo e o respeito pela sua natureza \u00fanica e t\u00e3o genu\u00edna levaram a que o primeiro passo fosse a floresta\u00e7\u00e3o t\u00edpica de montado. Mas foi na vinha, uma cultura com mais de 2000 anos de hist\u00f3ria na regi\u00e3o, que descobrimos a nossa voca\u00e7\u00e3o.<\/p>","protected":false},"excerpt":{"rendered":"<p>Descubra o Casa Relvas Pom-Pom Ros\u00e9, um vinho origin\u00e1rio de Redondo, Alentejo, que combina a frescura e delicadeza \u00fanica das castas Touriga Nacional, Aragonez e Syrah. Cultivadas em solos argilo-calc\u00e1rios no sop\u00e9 da Serra do Mendro, este vinho \u00e9 o resultado de uma cuidadosa vindima manual, seguida de desenga\u00e7o total e macera\u00e7\u00e3o pr\u00e9-fermentativa de 8 a 12 horas, o que real\u00e7a a sua express\u00e3o arom\u00e1tica.<\/p>\n<p>A fermenta\u00e7\u00e3o ocorre a temperaturas controladas em inox, com 10% do vinho a estagiar durante 4 meses em barricas de carvalho franc\u00eas, conferindo-lhe uma complexidade subtil. Apresenta-se com uma cor rosa claro e tons salm\u00e3o, desvendando no nariz aromas frescos de frutos vermelhos e citrinos.<\/p>\n<p>No paladar, o Casa Relvas Pom-Pom Ros\u00e9 revela-se intenso e envolvente, com notas de frutos vermelhos, um car\u00e1ter fresco, cremoso e mineral. \u00c9 o acompanhamento perfeito para peixes grelhados, marisco, sushi e saladas, e deve ser servido bem fresco para maximizar a sua vivacidade.<\/p>","protected":false},"featured_media":20766,"template":"","meta":{"_exactmetrics_skip_tracking":false,"_exactmetrics_sitenote_active":false,"_exactmetrics_sitenote_note":"","_exactmetrics_sitenote_category":0,"_uf_show_specific_survey":0,"_uf_disable_surveys":false,"iawp_total_views":8},"product_brand":[],"product_cat":[157,186],"product_tag":[],"class_list":{"0":"post-20765","1":"product","2":"type-product","3":"status-publish","4":"has-post-thumbnail","6":"product_cat-vinhos","7":"product_cat-rose","9":"first","10":"instock","11":"shipping-taxable","12":"purchasable","13":"product-type-simple"},"_links":{"self":[{"href":"https:\/\/garrafeiragrandeescolha.pt\/en\/wp-json\/wp\/v2\/product\/20765","targetHints":{"allow":["GET"]}}],"collection":[{"href":"https:\/\/garrafeiragrandeescolha.pt\/en\/wp-json\/wp\/v2\/product"}],"about":[{"href":"https:\/\/garrafeiragrandeescolha.pt\/en\/wp-json\/wp\/v2\/types\/product"}],"wp:featuredmedia":[{"embeddable":true,"href":"https:\/\/garrafeiragrandeescolha.pt\/en\/wp-json\/wp\/v2\/media\/20766"}],"wp:attachment":[{"href":"https:\/\/garrafeiragrandeescolha.pt\/en\/wp-json\/wp\/v2\/media?parent=20765"}],"wp:term":[{"taxonomy":"product_brand","embeddable":true,"href":"https:\/\/garrafeiragrandeescolha.pt\/en\/wp-json\/wp\/v2\/product_brand?post=20765"},{"taxonomy":"product_cat","embeddable":true,"href":"https:\/\/garrafeiragrandeescolha.pt\/en\/wp-json\/wp\/v2\/product_cat?post=20765"},{"taxonomy":"product_tag","embeddable":true,"href":"https:\/\/garrafeiragrandeescolha.pt\/en\/wp-json\/wp\/v2\/product_tag?post=20765"}],"curies":[{"name":"wp","href":"https:\/\/api.w.org\/{rel}","templated":true}]}}