{"id":20831,"date":"2025-11-26T14:26:23","date_gmt":"2025-11-26T14:26:23","guid":{"rendered":"https:\/\/garrafeiragrandeescolha.pt\/?post_type=product&#038;p=20831"},"modified":"2025-11-26T14:26:24","modified_gmt":"2025-11-26T14:26:24","slug":"quinta-da-gricha-tinto-2013-75cl","status":"publish","type":"product","link":"https:\/\/garrafeiragrandeescolha.pt\/en\/product-2\/quinta-da-gricha-tinto-2013-75cl\/","title":{"rendered":"Quinta da Gricha Tinto 2013 75cl"},"content":{"rendered":"<p><img decoding=\"async\" class=\"aligncenter\" src=\"https:\/\/drinkchurchills.com\/cdn\/shop\/files\/logo.svg?v=1721668244&amp;width=600\" alt=\"Churchill's\" \/><\/p>\n<p>Somos um produtor familiar de vinhos do Porto e Douro, com base em Vila Nova de Gaia e na regi\u00e3o demarcada do Douro. Fomos fundados com paix\u00e3o e coragem, fruto de uma hist\u00f3ria secular e um esp\u00edrito empreendedor.<\/p>\n<p>Quando o Johnny Graham fundou a Churchill&#8217;s em 1981, com apenas 29 anos, ele queria trazer um estilo pessoal, mais seco e mais fresco, ao tradicional mundo do vinho do Porto. Hoje, a Churchill&#8217;s produz vinhos reconhecidos mundialmente, desde os vinhos do Porto vintage, aos Portos ruby e tawny, aos vinhos do Douro, que expressam o esp\u00edrito da regi\u00e3o e da nossa Quinta, a Quinta da Gricha.<\/p>\n<p>O Johnny ainda est\u00e1 ao comando da empresa, com a ajuda da pr\u00f3xima gera\u00e7\u00e3o. Somos a \u00faltima casa brit\u00e2nica independente e planeamos manter-nos assim.<\/p>\n<p>Acreditamos em vinhos com personalidade, mas sem pretens\u00e3o; trabalhar a favor da natureza; e momentos que juntam as pessoas com alegria.<\/p>\n<p>Viver bem, beber bem, fazer o bem. Bem-vindos \u00e0 Churchill&#8217;s.<\/p>","protected":false},"excerpt":{"rendered":"<p>Cor p\u00farpura profunda. Aromas concentrados de esteva e violetas silvestres.<\/p>\n<p>Na boca, espesso e elegante. Repleto de mineralidade e encanto. Um vinho que mostra o seu pedigree natural.<\/p>","protected":false},"featured_media":20832,"template":"","meta":{"_exactmetrics_skip_tracking":false,"_exactmetrics_sitenote_active":false,"_exactmetrics_sitenote_note":"","_exactmetrics_sitenote_category":0,"_uf_show_specific_survey":0,"_uf_disable_surveys":false,"iawp_total_views":1},"product_brand":[],"product_cat":[157,184,215],"product_tag":[],"class_list":{"0":"post-20831","1":"product","2":"type-product","3":"status-publish","4":"has-post-thumbnail","6":"product_cat-vinhos","7":"product_cat-tinto","8":"product_cat-douro","10":"first","11":"instock","12":"shipping-taxable","13":"purchasable","14":"product-type-simple"},"_links":{"self":[{"href":"https:\/\/garrafeiragrandeescolha.pt\/en\/wp-json\/wp\/v2\/product\/20831","targetHints":{"allow":["GET"]}}],"collection":[{"href":"https:\/\/garrafeiragrandeescolha.pt\/en\/wp-json\/wp\/v2\/product"}],"about":[{"href":"https:\/\/garrafeiragrandeescolha.pt\/en\/wp-json\/wp\/v2\/types\/product"}],"wp:featuredmedia":[{"embeddable":true,"href":"https:\/\/garrafeiragrandeescolha.pt\/en\/wp-json\/wp\/v2\/media\/20832"}],"wp:attachment":[{"href":"https:\/\/garrafeiragrandeescolha.pt\/en\/wp-json\/wp\/v2\/media?parent=20831"}],"wp:term":[{"taxonomy":"product_brand","embeddable":true,"href":"https:\/\/garrafeiragrandeescolha.pt\/en\/wp-json\/wp\/v2\/product_brand?post=20831"},{"taxonomy":"product_cat","embeddable":true,"href":"https:\/\/garrafeiragrandeescolha.pt\/en\/wp-json\/wp\/v2\/product_cat?post=20831"},{"taxonomy":"product_tag","embeddable":true,"href":"https:\/\/garrafeiragrandeescolha.pt\/en\/wp-json\/wp\/v2\/product_tag?post=20831"}],"curies":[{"name":"wp","href":"https:\/\/api.w.org\/{rel}","templated":true}]}}