{"id":21018,"date":"2026-01-05T15:36:38","date_gmt":"2026-01-05T15:36:38","guid":{"rendered":"https:\/\/garrafeiragrandeescolha.pt\/?post_type=product&#038;p=21018"},"modified":"2026-01-05T15:36:38","modified_gmt":"2026-01-05T15:36:38","slug":"ribeiro-santo-pinot-noir-tinto-75cl","status":"publish","type":"product","link":"https:\/\/garrafeiragrandeescolha.pt\/en\/product-2\/ribeiro-santo-pinot-noir-tinto-75cl\/","title":{"rendered":"Ribeiro Santo Pinot Noir Tinto 75cl"},"content":{"rendered":"<div class=\"col-xs-12\">\n<p><img decoding=\"async\" class=\"aligncenter\" src=\"https:\/\/www.winemagnum.com\/assets\/release\/images\/logo_mobile.svg\" alt=\"Wine Magnum\" \/><\/p>\n<p><span style=\"font-size: 16px;\">A Magnum Vinhos nasce de 3 pessoas desde h\u00e1 muito ligadas ao mundo do vinho. Embora com percursos iniciais diferentes, desde 1996 que Carlos Lucas e Carlos Rodrigues fazem vinhos em conjunto, juntando-se ao grupo em 2005 L\u00facia Freitas. A hist\u00f3ria, que n\u00e3o se apaga, remete esta equipa para a D\u00e3o Sul, uma das maiores empresas de vinhos de Portugal, onde eram a equipa de enologia desde o in\u00edcio do projeto liderada por Carlos Lucas. Ali foram respons\u00e1veis por elaborar vinhos brancos, tintos, ros\u00e9s e espumantes das mais prestigiadas regi\u00f5es do pa\u00eds (D\u00e3o, Douro, Alentejo, Bairrada, Lisboa e Vinhos Verdes). De entre todos os vinhos produzidos destacam-se as marcas Quinta das Tecedeiras, Quinta do Encontro, Quinta de Cabriz e Casa de Santar. Al\u00e9m dos vinhos portugueses ainda eram respons\u00e1veis pela enologia de vinhos no Brasil, na bem conhecida vin\u00edcola Rio Sol. Foram 20 anos de conquistas, cria\u00e7\u00e3o e inova\u00e7\u00e3o.<\/span><\/p>\n<\/div>\n<div class=\"col-xs-12\">\n<p>Em 2011, decidiram abra\u00e7ar um novo projeto. Pegando na Quinta do Ribeiro Santo, propriedade de Carlos Lucas, situada na regi\u00e3o do D\u00e3o e nos vinhos Baton, de L\u00facia Freitas, do Douro, lan\u00e7aram as bases da Magnum Vinhos. Juntaram ainda ao portef\u00f3lio uma Quinta no Alentejo, em Mora.Com a constru\u00e7\u00e3o de uma nova adega no D\u00e3o e uma excelente aceita\u00e7\u00e3o dos vinhos no mercado nacional e internacional, bem como pela imprensa, conquistaram em 2014 a distin\u00e7\u00e3o m\u00e1xima da agricultura: o pr\u00e9mio de agricultor do ano, atribu\u00eddo pelo Minist\u00e9rio da Agricultura de Portugal. Este \u00e9 um projeto que combina\u00e7\u00e3o a experi\u00eancia, conhecimentos e irrever\u00eancia destes 3 en\u00f3logos, com a inten\u00e7\u00e3o de mostrar o melhor de cada uma das regi\u00f5es onde trabalham, atrav\u00e9s de vinhos que respeitam o terroir, a tradi\u00e7\u00e3o e as castas portuguesas.<\/p>\n<p>Cada garrafa produzida conta uma hist\u00f3ria. Cada vinho reflete a paix\u00e3o, o trabalho, as emo\u00e7\u00f5es e dedica\u00e7\u00e3o nele colocada, explicando assim a assinatura da empresa \u201cVinho &amp; Pessoas\u201d.<\/p>\n<\/div>","protected":false},"excerpt":{"rendered":"<p>Vindima manual para pequenas caixas de 18kg. Fermenta\u00e7\u00e3o alco\u00f3lica durante cerca de 20 dias com macera\u00e7\u00e3o suave. Trasfega para barricas usadas de carvalho franc\u00eas onde decorreu a fermenta\u00e7\u00e3o malol\u00e1ctica. Est\u00e1gio durante 9 meses em barricas e um pelo menos 6 meses em garrafa. Cor ruby suave, aroma de frutos vermelhos, como framboesas e morangos selvagens. Na boca \u00e9 muito redondo e fresco, com notas de especiarias doces e um final longo e elegante. Cont\u00e9m sulfitos.<\/p>","protected":false},"featured_media":21019,"template":"","meta":{"_exactmetrics_skip_tracking":false,"_exactmetrics_sitenote_active":false,"_exactmetrics_sitenote_note":"","_exactmetrics_sitenote_category":0,"_uf_show_specific_survey":0,"_uf_disable_surveys":false,"iawp_total_views":6},"product_brand":[],"product_cat":[157,184,187],"product_tag":[],"class_list":{"0":"post-21018","1":"product","2":"type-product","3":"status-publish","4":"has-post-thumbnail","6":"product_cat-vinhos","7":"product_cat-tinto","8":"product_cat-dao-tinto","10":"first","11":"instock","12":"shipping-taxable","13":"purchasable","14":"product-type-simple"},"_links":{"self":[{"href":"https:\/\/garrafeiragrandeescolha.pt\/en\/wp-json\/wp\/v2\/product\/21018","targetHints":{"allow":["GET"]}}],"collection":[{"href":"https:\/\/garrafeiragrandeescolha.pt\/en\/wp-json\/wp\/v2\/product"}],"about":[{"href":"https:\/\/garrafeiragrandeescolha.pt\/en\/wp-json\/wp\/v2\/types\/product"}],"wp:featuredmedia":[{"embeddable":true,"href":"https:\/\/garrafeiragrandeescolha.pt\/en\/wp-json\/wp\/v2\/media\/21019"}],"wp:attachment":[{"href":"https:\/\/garrafeiragrandeescolha.pt\/en\/wp-json\/wp\/v2\/media?parent=21018"}],"wp:term":[{"taxonomy":"product_brand","embeddable":true,"href":"https:\/\/garrafeiragrandeescolha.pt\/en\/wp-json\/wp\/v2\/product_brand?post=21018"},{"taxonomy":"product_cat","embeddable":true,"href":"https:\/\/garrafeiragrandeescolha.pt\/en\/wp-json\/wp\/v2\/product_cat?post=21018"},{"taxonomy":"product_tag","embeddable":true,"href":"https:\/\/garrafeiragrandeescolha.pt\/en\/wp-json\/wp\/v2\/product_tag?post=21018"}],"curies":[{"name":"wp","href":"https:\/\/api.w.org\/{rel}","templated":true}]}}