{"id":21066,"date":"2026-01-19T12:41:01","date_gmt":"2026-01-19T12:41:01","guid":{"rendered":"https:\/\/garrafeiragrandeescolha.pt\/?post_type=product&#038;p=21066"},"modified":"2026-01-21T12:17:07","modified_gmt":"2026-01-21T12:17:07","slug":"torre-de-aguia-vinhao-tinto-2024-75cl","status":"publish","type":"product","link":"https:\/\/garrafeiragrandeescolha.pt\/en\/product-2\/torre-de-aguia-vinhao-tinto-2024-75cl\/","title":{"rendered":"Torre de Agui\u00e3 Vinh\u00e3o Tinto 2024 75cl"},"content":{"rendered":"<p><img fetchpriority=\"high\" decoding=\"async\" class=\"size-medium wp-image-18517 aligncenter\" src=\"http:\/\/garrafeiragrandeescolha.pt\/wp-content\/uploads\/2020\/03\/aguiao-300x204.png\" alt=\"\" width=\"300\" height=\"204\" srcset=\"https:\/\/garrafeiragrandeescolha.pt\/wp-content\/uploads\/2020\/03\/aguiao-300x204.png 300w, https:\/\/garrafeiragrandeescolha.pt\/wp-content\/uploads\/2020\/03\/aguiao-18x12.png 18w, https:\/\/garrafeiragrandeescolha.pt\/wp-content\/uploads\/2020\/03\/aguiao-600x407.png 600w, https:\/\/garrafeiragrandeescolha.pt\/wp-content\/uploads\/2020\/03\/aguiao.png 670w\" sizes=\"(max-width: 300px) 100vw, 300px\" \/><\/p>\n<p>O ciclo da vinha atinge o seu auge nas Vindimas, animadas por cantos tradicionais. Devolver a Alegria ao Campo \u00e9 o lema que congrega os vindimadores, protagonistas da \u00e1rdua tarefa de colher o famoso Vinh\u00e3o. E a Festa fica completa na Pisada \u00e0 Antiga com que se concluem as vindimas \u2013 Pisando, Dan\u00e7ando e Cantando \u2013 num verdadeiro Ritual que nos fortalece na Esperan\u00e7a de que este Passado ter\u00e1 Futuro!<\/p>\n<p>A actual configura\u00e7\u00e3o da Casa da Torre de Agui\u00e3 constitui um dos melhores exemplos de reutiliza\u00e7\u00e3o residencial ao longo dos s\u00e9culos de uma primitiva estrutura baixo-medieval. Implantada em meio rural num monte dominante na paisagem, a Casa de Agui\u00e3 \u00e9 um dos mais impressionantes solares privados barrocos do Alto Minho, simultaneamente pelo singular reaproveitamento de uma antiga torre tardo-medieval (classificada como Im\u00f3vel de Interesse P\u00fablico de 1978) e pelo requinte da obra barroca, que adquire, neste contexto, um car\u00e1cter teatral inequ\u00edvoco. Na posse da mesma fam\u00edlia desde o s\u00e9c. XIII e sempre ligada \u00e0s mais influentes fam\u00edlias nobres da regi\u00e3o, contribuiu para o requinte das sucessivas transforma\u00e7\u00f5es operadas ao longo dos tempos.<\/p>\n<p>&nbsp;<\/p>","protected":false},"excerpt":{"rendered":"<p>Torre de Agui\u00e3, Premium, destina-se a real\u00e7ar a excel\u00eancia da colheita de certos anos excecionais. Um Vinh\u00e3o de perfil moderno, a conhecer!<\/p>\n<p>Sendo um vinho jovem revela uma cor vermelha intensa, retinto, com aroma \u00e0 casta, reconhecendo-se a presen\u00e7a de aromas a compotas de frutos vermelhos bem maduros (amora e ameixa). Na boca revela-se um vinho encorpado, gordo, harmonioso e de sabor \u00e0 casta extremamente agrad\u00e1vel.<\/p>","protected":false},"featured_media":21067,"template":"","meta":{"_exactmetrics_skip_tracking":false,"_exactmetrics_sitenote_active":false,"_exactmetrics_sitenote_note":"","_exactmetrics_sitenote_category":0,"_uf_show_specific_survey":0,"_uf_disable_surveys":false,"iawp_total_views":25},"product_brand":[],"product_cat":[157,201,184,197],"product_tag":[],"class_list":{"0":"post-21066","1":"product","2":"type-product","3":"status-publish","4":"has-post-thumbnail","6":"product_cat-vinhos","7":"product_cat-grandes-vinhos","8":"product_cat-tinto","9":"product_cat-vinhos-verdes-tinto","11":"first","12":"instock","13":"shipping-taxable","14":"purchasable","15":"product-type-simple"},"_links":{"self":[{"href":"https:\/\/garrafeiragrandeescolha.pt\/en\/wp-json\/wp\/v2\/product\/21066","targetHints":{"allow":["GET"]}}],"collection":[{"href":"https:\/\/garrafeiragrandeescolha.pt\/en\/wp-json\/wp\/v2\/product"}],"about":[{"href":"https:\/\/garrafeiragrandeescolha.pt\/en\/wp-json\/wp\/v2\/types\/product"}],"wp:featuredmedia":[{"embeddable":true,"href":"https:\/\/garrafeiragrandeescolha.pt\/en\/wp-json\/wp\/v2\/media\/21067"}],"wp:attachment":[{"href":"https:\/\/garrafeiragrandeescolha.pt\/en\/wp-json\/wp\/v2\/media?parent=21066"}],"wp:term":[{"taxonomy":"product_brand","embeddable":true,"href":"https:\/\/garrafeiragrandeescolha.pt\/en\/wp-json\/wp\/v2\/product_brand?post=21066"},{"taxonomy":"product_cat","embeddable":true,"href":"https:\/\/garrafeiragrandeescolha.pt\/en\/wp-json\/wp\/v2\/product_cat?post=21066"},{"taxonomy":"product_tag","embeddable":true,"href":"https:\/\/garrafeiragrandeescolha.pt\/en\/wp-json\/wp\/v2\/product_tag?post=21066"}],"curies":[{"name":"wp","href":"https:\/\/api.w.org\/{rel}","templated":true}]}}