{"id":21120,"date":"2026-02-05T16:53:00","date_gmt":"2026-02-05T16:53:00","guid":{"rendered":"https:\/\/garrafeiragrandeescolha.pt\/?post_type=product&#038;p=21120"},"modified":"2026-02-05T16:53:24","modified_gmt":"2026-02-05T16:53:24","slug":"espumante-duc-dhenry-blanc-de-blancs-75cl","status":"publish","type":"product","link":"https:\/\/garrafeiragrandeescolha.pt\/en\/product-2\/espumante-duc-dhenry-blanc-de-blancs-75cl\/","title":{"rendered":"Espumante Duc D\u2019Henry Blanc de Blancs 75cl"},"content":{"rendered":"<p><img decoding=\"async\" class=\"aligncenter\" src=\"https:\/\/veuveambal.com\/wp-content\/uploads\/2024\/11\/Logo_Veuve-Ambal_Cre.svg\" width=\"247\" height=\"129\" \/><\/p>\n<p>Desde 1898, a Maison Veuve Ambal personifica a excel\u00eancia do <em>Cr\u00e9mant<\/em> de Bourgogne. Uma empresa familiar enraizada no cora\u00e7\u00e3o do <em>terroir<\/em> da Borgonha, ela perpetua com paix\u00e3o a arte de produzir vinhos espumantes da Borgonha, combinando o conhecimento tradicional com a inova\u00e7\u00e3o constante.<\/p>\n<p>Vencedores de in\u00fameros pr\u00e9mios, os vinhos Veuve Ambal distinguem-se pela sua eleg\u00e2ncia e <em>finesse<\/em>.<\/p>\n<p>Para um aperitivo descontra\u00eddo, uma ocasi\u00e3o festiva ou uma refei\u00e7\u00e3o gourmet, nossos <em>Cr\u00e9mants<\/em> de Bourgogne elevam cada momento com suas borbulhas delicadas e refinadas.<\/p>","protected":false},"excerpt":{"rendered":"<div class=\"HowToTaste__DetailsContainer\">\n<p class=\"sc-jlZhew bMxkvj\">Cor amarelo-palha brilhante, com notas de damasco e p\u00eassego. Refrescante e frutado, com borbulhas delicadas. Combina com carnes brancas e queijos.<\/p>\n<\/div>","protected":false},"featured_media":21122,"template":"","meta":{"_exactmetrics_skip_tracking":false,"_exactmetrics_sitenote_active":false,"_exactmetrics_sitenote_note":"","_exactmetrics_sitenote_category":0,"_uf_show_specific_survey":0,"_uf_disable_surveys":false,"iawp_total_views":7},"product_brand":[],"product_cat":[160,177],"product_tag":[],"class_list":{"0":"post-21120","1":"product","2":"type-product","3":"status-publish","4":"has-post-thumbnail","6":"product_cat-espumantes","7":"product_cat-espumante","9":"first","10":"instock","11":"shipping-taxable","12":"purchasable","13":"product-type-simple"},"_links":{"self":[{"href":"https:\/\/garrafeiragrandeescolha.pt\/en\/wp-json\/wp\/v2\/product\/21120","targetHints":{"allow":["GET"]}}],"collection":[{"href":"https:\/\/garrafeiragrandeescolha.pt\/en\/wp-json\/wp\/v2\/product"}],"about":[{"href":"https:\/\/garrafeiragrandeescolha.pt\/en\/wp-json\/wp\/v2\/types\/product"}],"wp:featuredmedia":[{"embeddable":true,"href":"https:\/\/garrafeiragrandeescolha.pt\/en\/wp-json\/wp\/v2\/media\/21122"}],"wp:attachment":[{"href":"https:\/\/garrafeiragrandeescolha.pt\/en\/wp-json\/wp\/v2\/media?parent=21120"}],"wp:term":[{"taxonomy":"product_brand","embeddable":true,"href":"https:\/\/garrafeiragrandeescolha.pt\/en\/wp-json\/wp\/v2\/product_brand?post=21120"},{"taxonomy":"product_cat","embeddable":true,"href":"https:\/\/garrafeiragrandeescolha.pt\/en\/wp-json\/wp\/v2\/product_cat?post=21120"},{"taxonomy":"product_tag","embeddable":true,"href":"https:\/\/garrafeiragrandeescolha.pt\/en\/wp-json\/wp\/v2\/product_tag?post=21120"}],"curies":[{"name":"wp","href":"https:\/\/api.w.org\/{rel}","templated":true}]}}