{"id":21167,"date":"2026-02-10T12:40:46","date_gmt":"2026-02-10T12:40:46","guid":{"rendered":"https:\/\/garrafeiragrandeescolha.pt\/?post_type=product&#038;p=21167"},"modified":"2026-02-10T12:53:48","modified_gmt":"2026-02-10T12:53:48","slug":"whisky-redbreast-12-anos-70cl","status":"publish","type":"product","link":"https:\/\/garrafeiragrandeescolha.pt\/en\/product-2\/whisky-redbreast-12-anos-70cl\/","title":{"rendered":"Whisky Redbreast 12 anos 70cl"},"content":{"rendered":"<p><img decoding=\"async\" class=\"aligncenter\" src=\"https:\/\/www.redbreastwhiskey.com\/wp-content\/themes\/global-theme\/static\/images\/redbreast-whiskey.png\" alt=\"RedBreast Irish Whiskey\" \/><\/p>\n<p>Constru\u00edda sobre uma base fiel de &#8220;entendidos&#8221;, a Redbreast \u00e9 hoje o whisky irland\u00eas Single Pot Still mais vendido no mundo e \u00e9 considerada a express\u00e3o definitiva do esp\u00edrito tradicional irland\u00eas.<\/p>","protected":false},"excerpt":{"rendered":"<p>O Redbreast 12 Anos \u00e9 um ic\u00f4nico whisky irland\u00eas single pot still, celebrado por sua excepcional maestria e perfil de sabor rico e complexo. Como um verdadeiro testemunho da tradi\u00e7\u00e3o irlandesa na produ\u00e7\u00e3o de whisky, o Redbreast 12 \u00e9 elaborado a partir de uma mistura de cevada maltada e n\u00e3o maltada, antes de passar por uma tripla destila\u00e7\u00e3o em alambiques de cobre. Este processo meticuloso resulta em um whisky encorpado e profundo que o distingue entre os demais whiskies irlandeses.<\/p>\n<p>Envelhecido por 12 anos em uma combina\u00e7\u00e3o de barris de bourbon e xerez, o Redbreast 12 Anos atinge um perfil perfeitamente equilibrado de sabores picantes, frutados e tostados. Este cuidadoso processo de envelhecimento contribui para seu sabor requintado, tornando-o um favorito entre os apreciadores de whisky em todo o mundo. Seja voc\u00ea um conhecedor experiente ou um novato no mundo do whisky, o Redbreast 12 Anos oferece uma experi\u00eancia \u00fanica e gratificante.<\/p>\n<p>Tipo de Whisky: Whisky Irland\u00eas Single Pot Still<br \/>\nDestila\u00e7\u00e3o: Triplamente destilado em alambiques de cobre<br \/>\nPr\u00eamios: Duplo Ouro no San Francisco World Spirits Competition, Ouro no International Wine &amp; Spirit Competition<\/p>\n<p>40% ABV | 12 Anos de Envelhecimento<\/p>","protected":false},"featured_media":21168,"template":"","meta":{"_exactmetrics_skip_tracking":false,"_exactmetrics_sitenote_active":false,"_exactmetrics_sitenote_note":"","_exactmetrics_sitenote_category":0,"_uf_show_specific_survey":0,"_uf_disable_surveys":false,"iawp_total_views":8},"product_brand":[],"product_cat":[158,179],"product_tag":[],"class_list":{"0":"post-21167","1":"product","2":"type-product","3":"status-publish","4":"has-post-thumbnail","6":"product_cat-espirituosos","7":"product_cat-whisky","9":"first","10":"instock","11":"shipping-taxable","12":"purchasable","13":"product-type-simple"},"_links":{"self":[{"href":"https:\/\/garrafeiragrandeescolha.pt\/en\/wp-json\/wp\/v2\/product\/21167","targetHints":{"allow":["GET"]}}],"collection":[{"href":"https:\/\/garrafeiragrandeescolha.pt\/en\/wp-json\/wp\/v2\/product"}],"about":[{"href":"https:\/\/garrafeiragrandeescolha.pt\/en\/wp-json\/wp\/v2\/types\/product"}],"wp:featuredmedia":[{"embeddable":true,"href":"https:\/\/garrafeiragrandeescolha.pt\/en\/wp-json\/wp\/v2\/media\/21168"}],"wp:attachment":[{"href":"https:\/\/garrafeiragrandeescolha.pt\/en\/wp-json\/wp\/v2\/media?parent=21167"}],"wp:term":[{"taxonomy":"product_brand","embeddable":true,"href":"https:\/\/garrafeiragrandeescolha.pt\/en\/wp-json\/wp\/v2\/product_brand?post=21167"},{"taxonomy":"product_cat","embeddable":true,"href":"https:\/\/garrafeiragrandeescolha.pt\/en\/wp-json\/wp\/v2\/product_cat?post=21167"},{"taxonomy":"product_tag","embeddable":true,"href":"https:\/\/garrafeiragrandeescolha.pt\/en\/wp-json\/wp\/v2\/product_tag?post=21167"}],"curies":[{"name":"wp","href":"https:\/\/api.w.org\/{rel}","templated":true}]}}