{"id":21213,"date":"2026-02-20T12:19:52","date_gmt":"2026-02-20T12:19:52","guid":{"rendered":"https:\/\/garrafeiragrandeescolha.pt\/?post_type=product&#038;p=21213"},"modified":"2026-02-20T12:19:52","modified_gmt":"2026-02-20T12:19:52","slug":"bucaco-tinto-75cl","status":"publish","type":"product","link":"https:\/\/garrafeiragrandeescolha.pt\/en\/product-2\/bucaco-tinto-75cl\/","title":{"rendered":"Bu\u00e7aco Tinto 75cl"},"content":{"rendered":"<p>&nbsp;<\/p>\n<p>Alexandre de Almeida, fundador da cadeia de hot\u00e9is com o mesmo nome, a mais antiga em Portugal, criou os Vinhos do Bussaco em 1917, quando, ap\u00f3s in\u00fameras viagens por hot\u00e9is Europeus, nomeadamente os franceses da \u201cC\u00f4te D\u2019Azur\u201d, se apercebeu do conceito de Adega de Hotel. Adoptou, ent\u00e3o, a ideia de criar uma adega pr\u00f3pria no Palace Bussaco, iniciando a vinifica\u00e7\u00e3o do que viriam a ser os gloriosos \u201cvinhos do Bussaco\u201d.<\/p>\n<p>No in\u00edcio do s\u00e9culo XX, nascia uma das mais interessantes p\u00e1ginas do vinho portugu\u00eas. Nascia o vinho que viria a tornar-se um \u00edcone, alvo de cobi\u00e7a, mas que sempre foi mantido, intencionalmente, fora das luzes da ribalta. O seu criador, Alexandre de Almeida, adoptou o conceito de aliar a hotelaria de luxo a uma adega com um vinho pr\u00f3prio. Se olharmos para tr\u00e1s, desde as suas primeiras colheitas, percebemos a import\u00e2ncia deste \u00edcone, que foi servido a reis, a rainhas e a chefes de estado, como comprovam as ementas, orgulhosamente guardadas no Hotel Palace Bussaco. Os vinhos do Bu\u00e7aco eram mesmo assim: objectos de culto, limitados a c\u00edrculos muito restritos, \u00e0 elite. Os seus fant\u00e1sticos e nobres r\u00f3tulos mant\u00eam at\u00e9 hoje o s\u00edmbolo da sua nobreza.<\/p>","protected":false},"excerpt":{"rendered":"<p>\u00c9 um vinho profundo que revela a frescura e vigor da Baga da Bairrada e a eleg\u00e2ncia da Touriga Nacional do D\u00e3o. Com um agrad\u00e1vel aroma de frutos negros, este vinho proporciona uma complexidade e desenvolvimento suaves.<\/p>","protected":false},"featured_media":21214,"template":"","meta":{"_exactmetrics_skip_tracking":false,"_exactmetrics_sitenote_active":false,"_exactmetrics_sitenote_note":"","_exactmetrics_sitenote_category":0,"_uf_show_specific_survey":0,"_uf_disable_surveys":false,"iawp_total_views":0},"product_brand":[],"product_cat":[157,184,208],"product_tag":[],"class_list":{"0":"post-21213","1":"product","2":"type-product","3":"status-publish","4":"has-post-thumbnail","6":"product_cat-vinhos","7":"product_cat-tinto","8":"product_cat-bairrada","10":"first","11":"instock","12":"shipping-taxable","13":"purchasable","14":"product-type-simple"},"_links":{"self":[{"href":"https:\/\/garrafeiragrandeescolha.pt\/en\/wp-json\/wp\/v2\/product\/21213","targetHints":{"allow":["GET"]}}],"collection":[{"href":"https:\/\/garrafeiragrandeescolha.pt\/en\/wp-json\/wp\/v2\/product"}],"about":[{"href":"https:\/\/garrafeiragrandeescolha.pt\/en\/wp-json\/wp\/v2\/types\/product"}],"wp:featuredmedia":[{"embeddable":true,"href":"https:\/\/garrafeiragrandeescolha.pt\/en\/wp-json\/wp\/v2\/media\/21214"}],"wp:attachment":[{"href":"https:\/\/garrafeiragrandeescolha.pt\/en\/wp-json\/wp\/v2\/media?parent=21213"}],"wp:term":[{"taxonomy":"product_brand","embeddable":true,"href":"https:\/\/garrafeiragrandeescolha.pt\/en\/wp-json\/wp\/v2\/product_brand?post=21213"},{"taxonomy":"product_cat","embeddable":true,"href":"https:\/\/garrafeiragrandeescolha.pt\/en\/wp-json\/wp\/v2\/product_cat?post=21213"},{"taxonomy":"product_tag","embeddable":true,"href":"https:\/\/garrafeiragrandeescolha.pt\/en\/wp-json\/wp\/v2\/product_tag?post=21213"}],"curies":[{"name":"wp","href":"https:\/\/api.w.org\/{rel}","templated":true}]}}